{"id":2470,"date":"2019-03-26T19:46:06","date_gmt":"2019-03-26T18:46:06","guid":{"rendered":"http:\/\/www.mg-modelleisenbahnbau.de\/?post_type=product&#038;p=2470"},"modified":"2025-06-30T21:32:26","modified_gmt":"2025-06-30T19:32:26","slug":"43781-h0-restaurant-mit-inneneinrichtung-und-led-beleuchtung-funktionsbausatz","status":"publish","type":"product","link":"https:\/\/www.mg-modelleisenbahnbau.de\/startseite-2\/produkt\/43781-h0-restaurant-mit-inneneinrichtung-und-led-beleuchtung-funktionsbausatz\/","title":{"rendered":"43781 H0 Restaurant mit Inneneinrichtung und LED-Beleuchtung, Funktionsbausatz"},"content":{"rendered":"<div class=\"content--description\">\n<div class=\"content--title\">Produktinformationen &#8222;H0 Restaurant mit Inneneinrichtung und LED-Beleuchtung, Funktionsbausatz&#8220;<\/div>\n<div class=\"product--description\">Das Restaurant im Erdgeschoss besticht durch seine gro\u00dfe Fensterfl\u00e4che. Durch sie hat man einen guten Blick in den beleuchteten und mit viel Liebe zum Detail ausgestatteten Innenraum. Das Dachgeschoss ist ausgebaut und jede Wohnung verf\u00fcgt \u00fcber eine kleine Dachterrasse. Die Fassaden pr\u00e4gen filigrane Eisengitterverzierungen. Ma\u00dfe: L 15,7 x B 11,7 x H 19 cm.<\/div>\n<\/div>\n","protected":false},"excerpt":{"rendered":"<p>Produktinformationen &#8222;H0 Restaurant mit Inneneinrichtung und LED-Beleuchtung, Funktionsbausatz&#8220; Das Restaurant im Erdgeschoss besticht durch seine gro\u00dfe Fensterfl\u00e4che. Durch sie hat man einen guten Blick in den beleuchteten und mit viel Liebe zum Detail ausgestatteten Innenraum. Das Dachgeschoss ist ausgebaut und jede Wohnung verf\u00fcgt \u00fcber eine kleine Dachterrasse. Die Fassaden pr\u00e4gen filigrane Eisengitterverzierungen. Ma\u00dfe: L 15,7&#8230;<\/p>\n","protected":false},"featured_media":2471,"comment_status":"open","ping_status":"closed","template":"","meta":[],"product_brand":[],"product_cat":[176,38,41,160],"product_tag":[292,291],"class_list":{"0":"post-2470","1":"product","2":"type-product","3":"status-publish","4":"has-post-thumbnail","6":"product_cat-stadt-dorfhaeuser-ho","7":"product_cat-unkategorisiert","8":"product_cat-vollmer","9":"product_cat-vollmer-ho","10":"product_tag-kein-spielzeug-nicht-geeignet-fuer-kinder-unter-14-jahren","11":"product_tag-warn-und-sicherheitshinweise-modellbauartikel","13":"first","14":"instock","15":"taxable","16":"shipping-taxable","17":"purchasable","18":"product-type-simple"},"jetpack_sharing_enabled":true,"_links":{"self":[{"href":"https:\/\/www.mg-modelleisenbahnbau.de\/startseite-2\/wp-json\/wp\/v2\/product\/2470","targetHints":{"allow":["GET"]}}],"collection":[{"href":"https:\/\/www.mg-modelleisenbahnbau.de\/startseite-2\/wp-json\/wp\/v2\/product"}],"about":[{"href":"https:\/\/www.mg-modelleisenbahnbau.de\/startseite-2\/wp-json\/wp\/v2\/types\/product"}],"replies":[{"embeddable":true,"href":"https:\/\/www.mg-modelleisenbahnbau.de\/startseite-2\/wp-json\/wp\/v2\/comments?post=2470"}],"wp:featuredmedia":[{"embeddable":true,"href":"https:\/\/www.mg-modelleisenbahnbau.de\/startseite-2\/wp-json\/wp\/v2\/media\/2471"}],"wp:attachment":[{"href":"https:\/\/www.mg-modelleisenbahnbau.de\/startseite-2\/wp-json\/wp\/v2\/media?parent=2470"}],"wp:term":[{"taxonomy":"product_brand","embeddable":true,"href":"https:\/\/www.mg-modelleisenbahnbau.de\/startseite-2\/wp-json\/wp\/v2\/product_brand?post=2470"},{"taxonomy":"product_cat","embeddable":true,"href":"https:\/\/www.mg-modelleisenbahnbau.de\/startseite-2\/wp-json\/wp\/v2\/product_cat?post=2470"},{"taxonomy":"product_tag","embeddable":true,"href":"https:\/\/www.mg-modelleisenbahnbau.de\/startseite-2\/wp-json\/wp\/v2\/product_tag?post=2470"}],"curies":[{"name":"wp","href":"https:\/\/api.w.org\/{rel}","templated":true}]}}