{"id":2460,"date":"2019-03-26T19:24:31","date_gmt":"2019-03-26T18:24:31","guid":{"rendered":"http:\/\/www.mg-modelleisenbahnbau.de\/?post_type=product&#038;p=2460"},"modified":"2025-06-30T21:32:22","modified_gmt":"2025-06-30T19:32:22","slug":"43770-h0-romantisches-cafe","status":"publish","type":"product","link":"https:\/\/www.mg-modelleisenbahnbau.de\/startseite-2\/produkt\/43770-h0-romantisches-cafe\/","title":{"rendered":"43770 H0 Romantisches Caf\u00e9"},"content":{"rendered":"<div class=\"content--description\">\n<div class=\"content--title\">Produktinformationen &#8222;H0 Romantisches Caf\u00e9&#8220;<\/div>\n<div class=\"product--description\">Dieses Modell ist so konstruiert, dass jede Seite eine Sichtseite darstellt. So k\u00f6nnen Sie z. B. 2 H\u00e4user direkt nebeneinander stellen und sie wirken doch verschieden. Mit den beiliegenden Blendst\u00fccken k\u00f6nnen Sie die Seiten so verkleiden, dass ein anderes Geb\u00e4ude direkt angebaut werden kann. F\u00fcr noch mehr Flexibilit\u00e4t k\u00f6nnen Sie das Geb\u00e4ude um eine Etage k\u00fcrzen. Ma\u00dfe: L 12 x B 10 x H 21,5 cm.<\/div>\n<\/div>\n","protected":false},"excerpt":{"rendered":"<p>Produktinformationen &#8222;H0 Romantisches Caf\u00e9&#8220; Dieses Modell ist so konstruiert, dass jede Seite eine Sichtseite darstellt. So k\u00f6nnen Sie z. B. 2 H\u00e4user direkt nebeneinander stellen und sie wirken doch verschieden. Mit den beiliegenden Blendst\u00fccken k\u00f6nnen Sie die Seiten so verkleiden, dass ein anderes Geb\u00e4ude direkt angebaut werden kann. F\u00fcr noch mehr Flexibilit\u00e4t k\u00f6nnen Sie das&#8230;<\/p>\n","protected":false},"featured_media":2461,"comment_status":"open","ping_status":"closed","template":"","meta":[],"product_brand":[],"product_cat":[176,38,41,160],"product_tag":[292,291],"class_list":{"0":"post-2460","1":"product","2":"type-product","3":"status-publish","4":"has-post-thumbnail","6":"product_cat-stadt-dorfhaeuser-ho","7":"product_cat-unkategorisiert","8":"product_cat-vollmer","9":"product_cat-vollmer-ho","10":"product_tag-kein-spielzeug-nicht-geeignet-fuer-kinder-unter-14-jahren","11":"product_tag-warn-und-sicherheitshinweise-modellbauartikel","13":"first","14":"instock","15":"taxable","16":"shipping-taxable","17":"purchasable","18":"product-type-simple"},"jetpack_sharing_enabled":true,"_links":{"self":[{"href":"https:\/\/www.mg-modelleisenbahnbau.de\/startseite-2\/wp-json\/wp\/v2\/product\/2460","targetHints":{"allow":["GET"]}}],"collection":[{"href":"https:\/\/www.mg-modelleisenbahnbau.de\/startseite-2\/wp-json\/wp\/v2\/product"}],"about":[{"href":"https:\/\/www.mg-modelleisenbahnbau.de\/startseite-2\/wp-json\/wp\/v2\/types\/product"}],"replies":[{"embeddable":true,"href":"https:\/\/www.mg-modelleisenbahnbau.de\/startseite-2\/wp-json\/wp\/v2\/comments?post=2460"}],"wp:featuredmedia":[{"embeddable":true,"href":"https:\/\/www.mg-modelleisenbahnbau.de\/startseite-2\/wp-json\/wp\/v2\/media\/2461"}],"wp:attachment":[{"href":"https:\/\/www.mg-modelleisenbahnbau.de\/startseite-2\/wp-json\/wp\/v2\/media?parent=2460"}],"wp:term":[{"taxonomy":"product_brand","embeddable":true,"href":"https:\/\/www.mg-modelleisenbahnbau.de\/startseite-2\/wp-json\/wp\/v2\/product_brand?post=2460"},{"taxonomy":"product_cat","embeddable":true,"href":"https:\/\/www.mg-modelleisenbahnbau.de\/startseite-2\/wp-json\/wp\/v2\/product_cat?post=2460"},{"taxonomy":"product_tag","embeddable":true,"href":"https:\/\/www.mg-modelleisenbahnbau.de\/startseite-2\/wp-json\/wp\/v2\/product_tag?post=2460"}],"curies":[{"name":"wp","href":"https:\/\/api.w.org\/{rel}","templated":true}]}}