{"id":2452,"date":"2019-03-26T18:24:02","date_gmt":"2019-03-26T17:24:02","guid":{"rendered":"http:\/\/www.mg-modelleisenbahnbau.de\/?post_type=product&#038;p=2452"},"modified":"2025-06-30T22:01:50","modified_gmt":"2025-06-30T20:01:50","slug":"43805-h0-eisenbahner-wohnhaus","status":"publish","type":"product","link":"https:\/\/www.mg-modelleisenbahnbau.de\/startseite-2\/produkt\/43805-h0-eisenbahner-wohnhaus\/","title":{"rendered":"43805 H0 Eisenbahner-Wohnhaus"},"content":{"rendered":"<div class=\"content--description\">\n<div class=\"content--title\">Produktinformationen &#8222;H0 Eisenbahner-Wohnhaus&#8220;<\/div>\n<div class=\"product--description\">Die Eisenbahner-Wohnh\u00e4user sind stattliche Geb\u00e4ude aus der Zeit um die Wende zum 20. Jahrhundert. Durch die Backsteinbauweise wirken die H\u00e4user rustikal und gleichzeitig sp\u00fcrt man die Romantik des Industriezeitalters. Die g\u00fcnstigen Wohnungen f\u00fcr Bahnangestellte waren und sind in der N\u00e4he der Gleisanlage positioniert. Der rote Backstein ist nicht nur in Norddeutschland zu Hause, sondern wurde aufgrund der hohen Beanspruchbarkeit \u00fcberall eingesetzt. Mit den Wohnh\u00e4usern Art. 43805 \u2013 43807 k\u00f6nnen interessante Eisenbahner-Wohnviertel gestaltet werden. Ma\u00dfe: L 16 x B 10,5 x H 16,5 cm.<\/div>\n<\/div>\n","protected":false},"excerpt":{"rendered":"<p>Produktinformationen &#8222;H0 Eisenbahner-Wohnhaus&#8220; Die Eisenbahner-Wohnh\u00e4user sind stattliche Geb\u00e4ude aus der Zeit um die Wende zum 20. Jahrhundert. Durch die Backsteinbauweise wirken die H\u00e4user rustikal und gleichzeitig sp\u00fcrt man die Romantik des Industriezeitalters. Die g\u00fcnstigen Wohnungen f\u00fcr Bahnangestellte waren und sind in der N\u00e4he der Gleisanlage positioniert. Der rote Backstein ist nicht nur in Norddeutschland zu&#8230;<\/p>\n","protected":false},"featured_media":2459,"comment_status":"open","ping_status":"closed","template":"","meta":[],"product_brand":[],"product_cat":[176,38,41,160],"product_tag":[292,291],"class_list":{"0":"post-2452","1":"product","2":"type-product","3":"status-publish","4":"has-post-thumbnail","6":"product_cat-stadt-dorfhaeuser-ho","7":"product_cat-unkategorisiert","8":"product_cat-vollmer","9":"product_cat-vollmer-ho","10":"product_tag-kein-spielzeug-nicht-geeignet-fuer-kinder-unter-14-jahren","11":"product_tag-warn-und-sicherheitshinweise-modellbauartikel","13":"first","14":"instock","15":"taxable","16":"shipping-taxable","17":"purchasable","18":"product-type-simple"},"jetpack_sharing_enabled":true,"_links":{"self":[{"href":"https:\/\/www.mg-modelleisenbahnbau.de\/startseite-2\/wp-json\/wp\/v2\/product\/2452","targetHints":{"allow":["GET"]}}],"collection":[{"href":"https:\/\/www.mg-modelleisenbahnbau.de\/startseite-2\/wp-json\/wp\/v2\/product"}],"about":[{"href":"https:\/\/www.mg-modelleisenbahnbau.de\/startseite-2\/wp-json\/wp\/v2\/types\/product"}],"replies":[{"embeddable":true,"href":"https:\/\/www.mg-modelleisenbahnbau.de\/startseite-2\/wp-json\/wp\/v2\/comments?post=2452"}],"wp:featuredmedia":[{"embeddable":true,"href":"https:\/\/www.mg-modelleisenbahnbau.de\/startseite-2\/wp-json\/wp\/v2\/media\/2459"}],"wp:attachment":[{"href":"https:\/\/www.mg-modelleisenbahnbau.de\/startseite-2\/wp-json\/wp\/v2\/media?parent=2452"}],"wp:term":[{"taxonomy":"product_brand","embeddable":true,"href":"https:\/\/www.mg-modelleisenbahnbau.de\/startseite-2\/wp-json\/wp\/v2\/product_brand?post=2452"},{"taxonomy":"product_cat","embeddable":true,"href":"https:\/\/www.mg-modelleisenbahnbau.de\/startseite-2\/wp-json\/wp\/v2\/product_cat?post=2452"},{"taxonomy":"product_tag","embeddable":true,"href":"https:\/\/www.mg-modelleisenbahnbau.de\/startseite-2\/wp-json\/wp\/v2\/product_tag?post=2452"}],"curies":[{"name":"wp","href":"https:\/\/api.w.org\/{rel}","templated":true}]}}