{"id":2450,"date":"2019-03-26T18:20:58","date_gmt":"2019-03-26T17:20:58","guid":{"rendered":"http:\/\/www.mg-modelleisenbahnbau.de\/?post_type=product&#038;p=2450"},"modified":"2025-06-30T22:01:52","modified_gmt":"2025-06-30T20:01:52","slug":"43811-h0-eckhaus-schlossallee-1","status":"publish","type":"product","link":"https:\/\/www.mg-modelleisenbahnbau.de\/startseite-2\/produkt\/43811-h0-eckhaus-schlossallee-1\/","title":{"rendered":"43811 H0 Eckhaus Schlossallee 1"},"content":{"rendered":"<div class=\"content--description\">\n<div class=\"content--title\">Produktinformationen &#8222;H0 Eckhaus Schlossallee 1&#8220;<\/div>\n<div class=\"product--description\">Die Geb\u00e4ude der Schlossallee sind besonders hochwertige Architekturmodelle und gen\u00fcgen h\u00f6chsten Modellbauanspr\u00fcchen. Alle H\u00e4user dieser Serie sind mit vielen Details ausgestattet, z. B. Eisengitterverzierungen, zierlichen Balkonen, Stuckfassaden und vielem mehr. Die Schlossallee besteht aus dem Eckhaus, dem Wohnhaus Art. 43813 und dem Haus am Park Art. 43815. Das Eckhaus ist ein stattliches Stadthaus und als Anfangs- und Endpunkt ganzer Stra\u00dfenz\u00fcge ideal geeignet. Ma\u00dfe: L 14 x B 14 x H 22,5 cm.<\/div>\n<\/div>\n","protected":false},"excerpt":{"rendered":"<p>Produktinformationen &#8222;H0 Eckhaus Schlossallee 1&#8220; Die Geb\u00e4ude der Schlossallee sind besonders hochwertige Architekturmodelle und gen\u00fcgen h\u00f6chsten Modellbauanspr\u00fcchen. Alle H\u00e4user dieser Serie sind mit vielen Details ausgestattet, z. B. Eisengitterverzierungen, zierlichen Balkonen, Stuckfassaden und vielem mehr. Die Schlossallee besteht aus dem Eckhaus, dem Wohnhaus Art. 43813 und dem Haus am Park Art. 43815. Das Eckhaus ist&#8230;<\/p>\n","protected":false},"featured_media":2451,"comment_status":"open","ping_status":"closed","template":"","meta":[],"product_brand":[],"product_cat":[176,38,41,160],"product_tag":[292,291],"class_list":{"0":"post-2450","1":"product","2":"type-product","3":"status-publish","4":"has-post-thumbnail","6":"product_cat-stadt-dorfhaeuser-ho","7":"product_cat-unkategorisiert","8":"product_cat-vollmer","9":"product_cat-vollmer-ho","10":"product_tag-kein-spielzeug-nicht-geeignet-fuer-kinder-unter-14-jahren","11":"product_tag-warn-und-sicherheitshinweise-modellbauartikel","13":"first","14":"instock","15":"taxable","16":"shipping-taxable","17":"purchasable","18":"product-type-simple"},"jetpack_sharing_enabled":true,"_links":{"self":[{"href":"https:\/\/www.mg-modelleisenbahnbau.de\/startseite-2\/wp-json\/wp\/v2\/product\/2450","targetHints":{"allow":["GET"]}}],"collection":[{"href":"https:\/\/www.mg-modelleisenbahnbau.de\/startseite-2\/wp-json\/wp\/v2\/product"}],"about":[{"href":"https:\/\/www.mg-modelleisenbahnbau.de\/startseite-2\/wp-json\/wp\/v2\/types\/product"}],"replies":[{"embeddable":true,"href":"https:\/\/www.mg-modelleisenbahnbau.de\/startseite-2\/wp-json\/wp\/v2\/comments?post=2450"}],"wp:featuredmedia":[{"embeddable":true,"href":"https:\/\/www.mg-modelleisenbahnbau.de\/startseite-2\/wp-json\/wp\/v2\/media\/2451"}],"wp:attachment":[{"href":"https:\/\/www.mg-modelleisenbahnbau.de\/startseite-2\/wp-json\/wp\/v2\/media?parent=2450"}],"wp:term":[{"taxonomy":"product_brand","embeddable":true,"href":"https:\/\/www.mg-modelleisenbahnbau.de\/startseite-2\/wp-json\/wp\/v2\/product_brand?post=2450"},{"taxonomy":"product_cat","embeddable":true,"href":"https:\/\/www.mg-modelleisenbahnbau.de\/startseite-2\/wp-json\/wp\/v2\/product_cat?post=2450"},{"taxonomy":"product_tag","embeddable":true,"href":"https:\/\/www.mg-modelleisenbahnbau.de\/startseite-2\/wp-json\/wp\/v2\/product_tag?post=2450"}],"curies":[{"name":"wp","href":"https:\/\/api.w.org\/{rel}","templated":true}]}}