{"id":2438,"date":"2019-03-26T18:06:42","date_gmt":"2019-03-26T17:06:42","guid":{"rendered":"http:\/\/www.mg-modelleisenbahnbau.de\/?post_type=product&#038;p=2438"},"modified":"2025-06-30T21:22:16","modified_gmt":"2025-06-30T19:22:16","slug":"43758-h0-stadtbrunnen","status":"publish","type":"product","link":"https:\/\/www.mg-modelleisenbahnbau.de\/startseite-2\/produkt\/43758-h0-stadtbrunnen\/","title":{"rendered":"43758 H0 Stadtbrunnen"},"content":{"rendered":"<div class=\"content--description\">\n<div class=\"content--title\">Produktinformationen &#8222;H0 Stadtbrunnen&#8220;<\/div>\n<div class=\"product--description\">Der sch\u00f6ne Brunnen von N\u00fcrnberg stand Pate f\u00fcr diesen Stadtbrunnen. Ma\u00dfe: L 5,5 x B 5,5 x H 14,5 cm.<\/div>\n<\/div>\n<div><\/div>\n<div><\/div>\n<div><span class=\"delivery--text delivery--text-not-available\" style=\"color: #ff0000;\"><strong><br \/>\n<\/strong> <\/span><\/div>\n","protected":false},"excerpt":{"rendered":"<p>Produktinformationen &#8222;H0 Stadtbrunnen&#8220; Der sch\u00f6ne Brunnen von N\u00fcrnberg stand Pate f\u00fcr diesen Stadtbrunnen. Ma\u00dfe: L 5,5 x B 5,5 x H 14,5 cm.<\/p>\n","protected":false},"featured_media":2439,"comment_status":"open","ping_status":"closed","template":"","meta":[],"product_brand":[],"product_cat":[176,38,41,160],"product_tag":[292,291],"class_list":{"0":"post-2438","1":"product","2":"type-product","3":"status-publish","4":"has-post-thumbnail","6":"product_cat-stadt-dorfhaeuser-ho","7":"product_cat-unkategorisiert","8":"product_cat-vollmer","9":"product_cat-vollmer-ho","10":"product_tag-kein-spielzeug-nicht-geeignet-fuer-kinder-unter-14-jahren","11":"product_tag-warn-und-sicherheitshinweise-modellbauartikel","13":"first","14":"instock","15":"taxable","16":"shipping-taxable","17":"purchasable","18":"product-type-simple"},"jetpack_sharing_enabled":true,"_links":{"self":[{"href":"https:\/\/www.mg-modelleisenbahnbau.de\/startseite-2\/wp-json\/wp\/v2\/product\/2438","targetHints":{"allow":["GET"]}}],"collection":[{"href":"https:\/\/www.mg-modelleisenbahnbau.de\/startseite-2\/wp-json\/wp\/v2\/product"}],"about":[{"href":"https:\/\/www.mg-modelleisenbahnbau.de\/startseite-2\/wp-json\/wp\/v2\/types\/product"}],"replies":[{"embeddable":true,"href":"https:\/\/www.mg-modelleisenbahnbau.de\/startseite-2\/wp-json\/wp\/v2\/comments?post=2438"}],"wp:featuredmedia":[{"embeddable":true,"href":"https:\/\/www.mg-modelleisenbahnbau.de\/startseite-2\/wp-json\/wp\/v2\/media\/2439"}],"wp:attachment":[{"href":"https:\/\/www.mg-modelleisenbahnbau.de\/startseite-2\/wp-json\/wp\/v2\/media?parent=2438"}],"wp:term":[{"taxonomy":"product_brand","embeddable":true,"href":"https:\/\/www.mg-modelleisenbahnbau.de\/startseite-2\/wp-json\/wp\/v2\/product_brand?post=2438"},{"taxonomy":"product_cat","embeddable":true,"href":"https:\/\/www.mg-modelleisenbahnbau.de\/startseite-2\/wp-json\/wp\/v2\/product_cat?post=2438"},{"taxonomy":"product_tag","embeddable":true,"href":"https:\/\/www.mg-modelleisenbahnbau.de\/startseite-2\/wp-json\/wp\/v2\/product_tag?post=2438"}],"curies":[{"name":"wp","href":"https:\/\/api.w.org\/{rel}","templated":true}]}}