{"id":2432,"date":"2019-03-26T17:58:07","date_gmt":"2019-03-26T16:58:07","guid":{"rendered":"http:\/\/www.mg-modelleisenbahnbau.de\/?post_type=product&#038;p=2432"},"modified":"2025-06-30T21:22:17","modified_gmt":"2025-06-30T19:22:17","slug":"43760-h0-grossstadt-rathaus","status":"publish","type":"product","link":"https:\/\/www.mg-modelleisenbahnbau.de\/startseite-2\/produkt\/43760-h0-grossstadt-rathaus\/","title":{"rendered":"43760 H0 Gro\u00dfstadt-Rathaus"},"content":{"rendered":"<div class=\"content--description\">\n<div class=\"content--title\">Produktinformationen &#8222;H0 Gro\u00dfstadt-Rathaus&#8220;<\/div>\n<div class=\"product--description\">Vollmer Architekturmodelle sind das Ergebnis modernster Fertigungstechnik und beispielhafter Konstruktionsarbeit. Dieses Rathaus ist wieder einmal ein Beweis f\u00fcr die einmalige Qualit\u00e4t der Vollmer Baus\u00e4tze. Zahlreiche T\u00fcrmchen und Spitzb\u00f6gen im Untergeschoss schm\u00fccken dieses detailreiche Rathaus. Ma\u00dfe: L 18,5 x B 12 x H 28 cm.<\/div>\n<\/div>\n","protected":false},"excerpt":{"rendered":"<p>Produktinformationen &#8222;H0 Gro\u00dfstadt-Rathaus&#8220; Vollmer Architekturmodelle sind das Ergebnis modernster Fertigungstechnik und beispielhafter Konstruktionsarbeit. Dieses Rathaus ist wieder einmal ein Beweis f\u00fcr die einmalige Qualit\u00e4t der Vollmer Baus\u00e4tze. Zahlreiche T\u00fcrmchen und Spitzb\u00f6gen im Untergeschoss schm\u00fccken dieses detailreiche Rathaus. Ma\u00dfe: L 18,5 x B 12 x H 28 cm.<\/p>\n","protected":false},"featured_media":2433,"comment_status":"open","ping_status":"closed","template":"","meta":[],"product_brand":[],"product_cat":[176,38,41,160],"product_tag":[292,291],"class_list":{"0":"post-2432","1":"product","2":"type-product","3":"status-publish","4":"has-post-thumbnail","6":"product_cat-stadt-dorfhaeuser-ho","7":"product_cat-unkategorisiert","8":"product_cat-vollmer","9":"product_cat-vollmer-ho","10":"product_tag-kein-spielzeug-nicht-geeignet-fuer-kinder-unter-14-jahren","11":"product_tag-warn-und-sicherheitshinweise-modellbauartikel","13":"first","14":"instock","15":"taxable","16":"shipping-taxable","17":"purchasable","18":"product-type-simple"},"jetpack_sharing_enabled":true,"_links":{"self":[{"href":"https:\/\/www.mg-modelleisenbahnbau.de\/startseite-2\/wp-json\/wp\/v2\/product\/2432","targetHints":{"allow":["GET"]}}],"collection":[{"href":"https:\/\/www.mg-modelleisenbahnbau.de\/startseite-2\/wp-json\/wp\/v2\/product"}],"about":[{"href":"https:\/\/www.mg-modelleisenbahnbau.de\/startseite-2\/wp-json\/wp\/v2\/types\/product"}],"replies":[{"embeddable":true,"href":"https:\/\/www.mg-modelleisenbahnbau.de\/startseite-2\/wp-json\/wp\/v2\/comments?post=2432"}],"wp:featuredmedia":[{"embeddable":true,"href":"https:\/\/www.mg-modelleisenbahnbau.de\/startseite-2\/wp-json\/wp\/v2\/media\/2433"}],"wp:attachment":[{"href":"https:\/\/www.mg-modelleisenbahnbau.de\/startseite-2\/wp-json\/wp\/v2\/media?parent=2432"}],"wp:term":[{"taxonomy":"product_brand","embeddable":true,"href":"https:\/\/www.mg-modelleisenbahnbau.de\/startseite-2\/wp-json\/wp\/v2\/product_brand?post=2432"},{"taxonomy":"product_cat","embeddable":true,"href":"https:\/\/www.mg-modelleisenbahnbau.de\/startseite-2\/wp-json\/wp\/v2\/product_cat?post=2432"},{"taxonomy":"product_tag","embeddable":true,"href":"https:\/\/www.mg-modelleisenbahnbau.de\/startseite-2\/wp-json\/wp\/v2\/product_tag?post=2432"}],"curies":[{"name":"wp","href":"https:\/\/api.w.org\/{rel}","templated":true}]}}