{"id":2430,"date":"2019-03-26T17:56:04","date_gmt":"2019-03-26T16:56:04","guid":{"rendered":"http:\/\/www.mg-modelleisenbahnbau.de\/?post_type=product&#038;p=2430"},"modified":"2025-06-30T21:32:23","modified_gmt":"2025-06-30T19:32:23","slug":"43772-h0-hotel","status":"publish","type":"product","link":"https:\/\/www.mg-modelleisenbahnbau.de\/startseite-2\/produkt\/43772-h0-hotel\/","title":{"rendered":"43772 H0 Hotel"},"content":{"rendered":"<div class=\"content--description\">\n<div class=\"content--title\">Produktinformationen &#8222;H0 Hotel&#8220;<\/div>\n<div class=\"product--description\">Dieses Modell ist so konstruiert, dass jede Seite eine Sichtseite darstellt. So k\u00f6nnen Sie z. B. 2 H\u00e4user direkt nebeneinander stellen und sie wirken doch verschieden. Das Geb\u00e4ude ist mit vielen Details ausgestattet, z. B. Eisengitterverzierungen, zierlichen Balkonen, markanten S\u00e4ulen und vielem mehr. Mit 3 Baus\u00e4tzen k\u00f6nnen Sie z. B. ein Grand Hotel bauen, indem Sie alle 3 aneinander setzen. Ma\u00dfe: L 10,5 x B 10 x H 21,3 cm.<\/div>\n<\/div>\n","protected":false},"excerpt":{"rendered":"<p>Produktinformationen &#8222;H0 Hotel&#8220; Dieses Modell ist so konstruiert, dass jede Seite eine Sichtseite darstellt. So k\u00f6nnen Sie z. B. 2 H\u00e4user direkt nebeneinander stellen und sie wirken doch verschieden. Das Geb\u00e4ude ist mit vielen Details ausgestattet, z. B. Eisengitterverzierungen, zierlichen Balkonen, markanten S\u00e4ulen und vielem mehr. Mit 3 Baus\u00e4tzen k\u00f6nnen Sie z. B. ein Grand&#8230;<\/p>\n","protected":false},"featured_media":2431,"comment_status":"open","ping_status":"closed","template":"","meta":[],"product_brand":[],"product_cat":[176,38,41,160],"product_tag":[292,291],"class_list":{"0":"post-2430","1":"product","2":"type-product","3":"status-publish","4":"has-post-thumbnail","6":"product_cat-stadt-dorfhaeuser-ho","7":"product_cat-unkategorisiert","8":"product_cat-vollmer","9":"product_cat-vollmer-ho","10":"product_tag-kein-spielzeug-nicht-geeignet-fuer-kinder-unter-14-jahren","11":"product_tag-warn-und-sicherheitshinweise-modellbauartikel","13":"first","14":"instock","15":"taxable","16":"shipping-taxable","17":"purchasable","18":"product-type-simple"},"jetpack_sharing_enabled":true,"_links":{"self":[{"href":"https:\/\/www.mg-modelleisenbahnbau.de\/startseite-2\/wp-json\/wp\/v2\/product\/2430","targetHints":{"allow":["GET"]}}],"collection":[{"href":"https:\/\/www.mg-modelleisenbahnbau.de\/startseite-2\/wp-json\/wp\/v2\/product"}],"about":[{"href":"https:\/\/www.mg-modelleisenbahnbau.de\/startseite-2\/wp-json\/wp\/v2\/types\/product"}],"replies":[{"embeddable":true,"href":"https:\/\/www.mg-modelleisenbahnbau.de\/startseite-2\/wp-json\/wp\/v2\/comments?post=2430"}],"wp:featuredmedia":[{"embeddable":true,"href":"https:\/\/www.mg-modelleisenbahnbau.de\/startseite-2\/wp-json\/wp\/v2\/media\/2431"}],"wp:attachment":[{"href":"https:\/\/www.mg-modelleisenbahnbau.de\/startseite-2\/wp-json\/wp\/v2\/media?parent=2430"}],"wp:term":[{"taxonomy":"product_brand","embeddable":true,"href":"https:\/\/www.mg-modelleisenbahnbau.de\/startseite-2\/wp-json\/wp\/v2\/product_brand?post=2430"},{"taxonomy":"product_cat","embeddable":true,"href":"https:\/\/www.mg-modelleisenbahnbau.de\/startseite-2\/wp-json\/wp\/v2\/product_cat?post=2430"},{"taxonomy":"product_tag","embeddable":true,"href":"https:\/\/www.mg-modelleisenbahnbau.de\/startseite-2\/wp-json\/wp\/v2\/product_tag?post=2430"}],"curies":[{"name":"wp","href":"https:\/\/api.w.org\/{rel}","templated":true}]}}