{"id":2421,"date":"2019-03-26T17:44:03","date_gmt":"2019-03-26T16:44:03","guid":{"rendered":"http:\/\/www.mg-modelleisenbahnbau.de\/?post_type=product&#038;p=2421"},"modified":"2025-07-01T11:56:35","modified_gmt":"2025-07-01T09:56:35","slug":"49232-h0-wohnhaus-mit-erker-start-und-spar-serie-vollmer-auf-lager","status":"publish","type":"product","link":"https:\/\/www.mg-modelleisenbahnbau.de\/startseite-2\/produkt\/49232-h0-wohnhaus-mit-erker-start-und-spar-serie-vollmer-auf-lager\/","title":{"rendered":"49232 H0 Wohnhaus mit Erker, Start und Spar-Serie Vollmer Auf Lager"},"content":{"rendered":"<div class=\"content--description\">\n<div class=\"content--title\">Produktinformationen &#8222;H0 Wohnhaus mit Erker, Start und Spar-Serie&#8220;<\/div>\n<div class=\"product--description\">Mit den Produkten der Start und Spar-Serie bietet Vollmer das passende Programm f\u00fcr den preisbewussten Modellfreund. Farbe, Form und Verarbeitung der Baus\u00e4tze sind beispielhaft und die einfache Montage machen sie besonders f\u00fcr Einsteiger interessant. Ma\u00dfe: L 13 x B 11,6 x H 15,2 cm.<\/div>\n<\/div>\n","protected":false},"excerpt":{"rendered":"<p>Produktinformationen &#8222;H0 Wohnhaus mit Erker, Start und Spar-Serie&#8220; Mit den Produkten der Start und Spar-Serie bietet Vollmer das passende Programm f\u00fcr den preisbewussten Modellfreund. Farbe, Form und Verarbeitung der Baus\u00e4tze sind beispielhaft und die einfache Montage machen sie besonders f\u00fcr Einsteiger interessant. Ma\u00dfe: L 13 x B 11,6 x H 15,2 cm.<\/p>\n","protected":false},"featured_media":2422,"comment_status":"open","ping_status":"closed","template":"","meta":[],"product_brand":[],"product_cat":[176,38,41,160],"product_tag":[292,291],"class_list":{"0":"post-2421","1":"product","2":"type-product","3":"status-publish","4":"has-post-thumbnail","6":"product_cat-stadt-dorfhaeuser-ho","7":"product_cat-unkategorisiert","8":"product_cat-vollmer","9":"product_cat-vollmer-ho","10":"product_tag-kein-spielzeug-nicht-geeignet-fuer-kinder-unter-14-jahren","11":"product_tag-warn-und-sicherheitshinweise-modellbauartikel","13":"first","14":"instock","15":"taxable","16":"shipping-taxable","17":"purchasable","18":"product-type-simple"},"jetpack_sharing_enabled":true,"_links":{"self":[{"href":"https:\/\/www.mg-modelleisenbahnbau.de\/startseite-2\/wp-json\/wp\/v2\/product\/2421","targetHints":{"allow":["GET"]}}],"collection":[{"href":"https:\/\/www.mg-modelleisenbahnbau.de\/startseite-2\/wp-json\/wp\/v2\/product"}],"about":[{"href":"https:\/\/www.mg-modelleisenbahnbau.de\/startseite-2\/wp-json\/wp\/v2\/types\/product"}],"replies":[{"embeddable":true,"href":"https:\/\/www.mg-modelleisenbahnbau.de\/startseite-2\/wp-json\/wp\/v2\/comments?post=2421"}],"wp:featuredmedia":[{"embeddable":true,"href":"https:\/\/www.mg-modelleisenbahnbau.de\/startseite-2\/wp-json\/wp\/v2\/media\/2422"}],"wp:attachment":[{"href":"https:\/\/www.mg-modelleisenbahnbau.de\/startseite-2\/wp-json\/wp\/v2\/media?parent=2421"}],"wp:term":[{"taxonomy":"product_brand","embeddable":true,"href":"https:\/\/www.mg-modelleisenbahnbau.de\/startseite-2\/wp-json\/wp\/v2\/product_brand?post=2421"},{"taxonomy":"product_cat","embeddable":true,"href":"https:\/\/www.mg-modelleisenbahnbau.de\/startseite-2\/wp-json\/wp\/v2\/product_cat?post=2421"},{"taxonomy":"product_tag","embeddable":true,"href":"https:\/\/www.mg-modelleisenbahnbau.de\/startseite-2\/wp-json\/wp\/v2\/product_tag?post=2421"}],"curies":[{"name":"wp","href":"https:\/\/api.w.org\/{rel}","templated":true}]}}