{"id":2396,"date":"2019-03-26T13:40:35","date_gmt":"2019-03-26T12:40:35","guid":{"rendered":"http:\/\/www.mg-modelleisenbahnbau.de\/?post_type=product&#038;p=2396"},"modified":"2025-06-30T19:48:52","modified_gmt":"2025-06-30T17:48:52","slug":"43687-h0-getreidemuehle","status":"publish","type":"product","link":"https:\/\/www.mg-modelleisenbahnbau.de\/startseite-2\/produkt\/43687-h0-getreidemuehle\/","title":{"rendered":"43687 H0 Getreidem\u00fchle"},"content":{"rendered":"<div class=\"content--description\">\n<div class=\"content--title\">Produktinformationen &#8222;H0 Getreidem\u00fchle&#8220;<\/div>\n<div class=\"product--description\">Die fachwerkverzierte Getreidem\u00fchle mit M\u00fchlrad und Hoftor liegt an einem kleinen Fl\u00fcsschen. Sie k\u00f6nnen w\u00e4hlen, in welcher Epoche sie dieses Thema ansiedeln. Das M\u00fchlrad kann mit dem Motor Art. 44200 angetrieben werden (Zusatzausstattung). Ma\u00dfe: Haus L 16 x B 14,8 x H 12 cm, Tor L 5,8 x B 1 x H 5,5 cm.<\/div>\n<\/div>\n","protected":false},"excerpt":{"rendered":"<p>Produktinformationen &#8222;H0 Getreidem\u00fchle&#8220; Die fachwerkverzierte Getreidem\u00fchle mit M\u00fchlrad und Hoftor liegt an einem kleinen Fl\u00fcsschen. Sie k\u00f6nnen w\u00e4hlen, in welcher Epoche sie dieses Thema ansiedeln. Das M\u00fchlrad kann mit dem Motor Art. 44200 angetrieben werden (Zusatzausstattung). Ma\u00dfe: Haus L 16 x B 14,8 x H 12 cm, Tor L 5,8 x B 1 x H&#8230;<\/p>\n","protected":false},"featured_media":2397,"comment_status":"open","ping_status":"closed","template":"","meta":[],"product_brand":[],"product_cat":[175,38,41,160],"product_tag":[292,291],"class_list":{"0":"post-2396","1":"product","2":"type-product","3":"status-publish","4":"has-post-thumbnail","6":"product_cat-kirchen-muehlen-ho","7":"product_cat-unkategorisiert","8":"product_cat-vollmer","9":"product_cat-vollmer-ho","10":"product_tag-kein-spielzeug-nicht-geeignet-fuer-kinder-unter-14-jahren","11":"product_tag-warn-und-sicherheitshinweise-modellbauartikel","13":"first","14":"instock","15":"taxable","16":"shipping-taxable","17":"purchasable","18":"product-type-simple"},"jetpack_sharing_enabled":true,"_links":{"self":[{"href":"https:\/\/www.mg-modelleisenbahnbau.de\/startseite-2\/wp-json\/wp\/v2\/product\/2396","targetHints":{"allow":["GET"]}}],"collection":[{"href":"https:\/\/www.mg-modelleisenbahnbau.de\/startseite-2\/wp-json\/wp\/v2\/product"}],"about":[{"href":"https:\/\/www.mg-modelleisenbahnbau.de\/startseite-2\/wp-json\/wp\/v2\/types\/product"}],"replies":[{"embeddable":true,"href":"https:\/\/www.mg-modelleisenbahnbau.de\/startseite-2\/wp-json\/wp\/v2\/comments?post=2396"}],"wp:featuredmedia":[{"embeddable":true,"href":"https:\/\/www.mg-modelleisenbahnbau.de\/startseite-2\/wp-json\/wp\/v2\/media\/2397"}],"wp:attachment":[{"href":"https:\/\/www.mg-modelleisenbahnbau.de\/startseite-2\/wp-json\/wp\/v2\/media?parent=2396"}],"wp:term":[{"taxonomy":"product_brand","embeddable":true,"href":"https:\/\/www.mg-modelleisenbahnbau.de\/startseite-2\/wp-json\/wp\/v2\/product_brand?post=2396"},{"taxonomy":"product_cat","embeddable":true,"href":"https:\/\/www.mg-modelleisenbahnbau.de\/startseite-2\/wp-json\/wp\/v2\/product_cat?post=2396"},{"taxonomy":"product_tag","embeddable":true,"href":"https:\/\/www.mg-modelleisenbahnbau.de\/startseite-2\/wp-json\/wp\/v2\/product_tag?post=2396"}],"curies":[{"name":"wp","href":"https:\/\/api.w.org\/{rel}","templated":true}]}}