{"id":2394,"date":"2019-03-26T13:36:17","date_gmt":"2019-03-26T12:36:17","guid":{"rendered":"http:\/\/www.mg-modelleisenbahnbau.de\/?post_type=product&#038;p=2394"},"modified":"2025-06-30T22:11:55","modified_gmt":"2025-06-30T20:11:55","slug":"43861-h0-deko-set-friedhof","status":"publish","type":"product","link":"https:\/\/www.mg-modelleisenbahnbau.de\/startseite-2\/produkt\/43861-h0-deko-set-friedhof\/","title":{"rendered":"43861 H0 Deko-Set Friedhof"},"content":{"rendered":"<div class=\"content--description\">\n<div class=\"content--title\">Produktinformationen &#8222;H0 Deko-Set Friedhof&#8220;<\/div>\n<div class=\"product--description\">Dieser l\u00e4ndliche Friedhof k\u00f6nnte z. B. an eine Kirchenmauer angebaut werden oder auch frei f\u00fcr sich stehen. Der Bausatz beinhaltet mehrere Gr\u00e4ber, ein Kreuz sowie die Friedhofsmauer, Blumenflocken und Belaubungsmaterial. Ma\u00dfe: L 14 x B 14 x H 5 cm.<\/div>\n<\/div>\n<div><\/div>\n<div><\/div>\n<div><span class=\"delivery--text delivery--text-not-available\" style=\"color: #ff0000;\"><strong><br \/>\n<\/strong> <\/span><\/div>\n","protected":false},"excerpt":{"rendered":"<p>Produktinformationen &#8222;H0 Deko-Set Friedhof&#8220; Dieser l\u00e4ndliche Friedhof k\u00f6nnte z. B. an eine Kirchenmauer angebaut werden oder auch frei f\u00fcr sich stehen. Der Bausatz beinhaltet mehrere Gr\u00e4ber, ein Kreuz sowie die Friedhofsmauer, Blumenflocken und Belaubungsmaterial. Ma\u00dfe: L 14 x B 14 x H 5 cm.<\/p>\n","protected":false},"featured_media":2395,"comment_status":"open","ping_status":"closed","template":"","meta":[],"product_brand":[],"product_cat":[175,38,41,160],"product_tag":[292,291],"class_list":{"0":"post-2394","1":"product","2":"type-product","3":"status-publish","4":"has-post-thumbnail","6":"product_cat-kirchen-muehlen-ho","7":"product_cat-unkategorisiert","8":"product_cat-vollmer","9":"product_cat-vollmer-ho","10":"product_tag-kein-spielzeug-nicht-geeignet-fuer-kinder-unter-14-jahren","11":"product_tag-warn-und-sicherheitshinweise-modellbauartikel","13":"first","14":"instock","15":"taxable","16":"shipping-taxable","17":"purchasable","18":"product-type-simple"},"jetpack_sharing_enabled":true,"_links":{"self":[{"href":"https:\/\/www.mg-modelleisenbahnbau.de\/startseite-2\/wp-json\/wp\/v2\/product\/2394","targetHints":{"allow":["GET"]}}],"collection":[{"href":"https:\/\/www.mg-modelleisenbahnbau.de\/startseite-2\/wp-json\/wp\/v2\/product"}],"about":[{"href":"https:\/\/www.mg-modelleisenbahnbau.de\/startseite-2\/wp-json\/wp\/v2\/types\/product"}],"replies":[{"embeddable":true,"href":"https:\/\/www.mg-modelleisenbahnbau.de\/startseite-2\/wp-json\/wp\/v2\/comments?post=2394"}],"wp:featuredmedia":[{"embeddable":true,"href":"https:\/\/www.mg-modelleisenbahnbau.de\/startseite-2\/wp-json\/wp\/v2\/media\/2395"}],"wp:attachment":[{"href":"https:\/\/www.mg-modelleisenbahnbau.de\/startseite-2\/wp-json\/wp\/v2\/media?parent=2394"}],"wp:term":[{"taxonomy":"product_brand","embeddable":true,"href":"https:\/\/www.mg-modelleisenbahnbau.de\/startseite-2\/wp-json\/wp\/v2\/product_brand?post=2394"},{"taxonomy":"product_cat","embeddable":true,"href":"https:\/\/www.mg-modelleisenbahnbau.de\/startseite-2\/wp-json\/wp\/v2\/product_cat?post=2394"},{"taxonomy":"product_tag","embeddable":true,"href":"https:\/\/www.mg-modelleisenbahnbau.de\/startseite-2\/wp-json\/wp\/v2\/product_tag?post=2394"}],"curies":[{"name":"wp","href":"https:\/\/api.w.org\/{rel}","templated":true}]}}