{"id":2392,"date":"2019-03-26T13:30:48","date_gmt":"2019-03-26T12:30:48","guid":{"rendered":"http:\/\/www.mg-modelleisenbahnbau.de\/?post_type=product&#038;p=2392"},"modified":"2025-06-30T22:01:57","modified_gmt":"2025-06-30T20:01:57","slug":"43860-h0-klosteranlage-mit-friedhof-und-zubehoer","status":"publish","type":"product","link":"https:\/\/www.mg-modelleisenbahnbau.de\/startseite-2\/produkt\/43860-h0-klosteranlage-mit-friedhof-und-zubehoer\/","title":{"rendered":"43860 H0 Klosteranlage mit Friedhof und Zubeh\u00f6r"},"content":{"rendered":"<div class=\"content--description\">\n<div class=\"content--title\">Produktinformationen &#8222;H0 Klosteranlage mit Friedhof und Zubeh\u00f6r&#8220;<\/div>\n<div class=\"product--description\">Die M\u00f6nche haben diese Klosteranlage wundersch\u00f6n gestaltet und freuen sich auf vorbeikommende G\u00e4ste. Zu dieser idyllisch gelegenen Klosteranlage geh\u00f6rt der kleine Friedhof mit Kruzifix, Gr\u00e4bern und B\u00e4nken sowie die umgebende Klostermauer mit Toren, Blumenflocken und Belaubungsmaterial. Ma\u00dfe: ohne Mauer: L 33,5 x B 18 x H 19,5 cm. Mauer: L 222 x B 0,2 x H 5 cm.<\/div>\n<\/div>\n<div><\/div>\n<div><span class=\"delivery--text delivery--text-not-available\" style=\"color: #ff0000;\"><strong><br \/>\n<\/strong> <\/span><\/div>\n","protected":false},"excerpt":{"rendered":"<p>Produktinformationen &#8222;H0 Klosteranlage mit Friedhof und Zubeh\u00f6r&#8220; Die M\u00f6nche haben diese Klosteranlage wundersch\u00f6n gestaltet und freuen sich auf vorbeikommende G\u00e4ste. Zu dieser idyllisch gelegenen Klosteranlage geh\u00f6rt der kleine Friedhof mit Kruzifix, Gr\u00e4bern und B\u00e4nken sowie die umgebende Klostermauer mit Toren, Blumenflocken und Belaubungsmaterial. Ma\u00dfe: ohne Mauer: L 33,5 x B 18 x H 19,5 cm&#8230;.<\/p>\n","protected":false},"featured_media":2393,"comment_status":"open","ping_status":"closed","template":"","meta":[],"product_brand":[],"product_cat":[175,38,41,160],"product_tag":[292,291],"class_list":{"0":"post-2392","1":"product","2":"type-product","3":"status-publish","4":"has-post-thumbnail","6":"product_cat-kirchen-muehlen-ho","7":"product_cat-unkategorisiert","8":"product_cat-vollmer","9":"product_cat-vollmer-ho","10":"product_tag-kein-spielzeug-nicht-geeignet-fuer-kinder-unter-14-jahren","11":"product_tag-warn-und-sicherheitshinweise-modellbauartikel","13":"first","14":"instock","15":"taxable","16":"shipping-taxable","17":"purchasable","18":"product-type-simple"},"jetpack_sharing_enabled":true,"_links":{"self":[{"href":"https:\/\/www.mg-modelleisenbahnbau.de\/startseite-2\/wp-json\/wp\/v2\/product\/2392","targetHints":{"allow":["GET"]}}],"collection":[{"href":"https:\/\/www.mg-modelleisenbahnbau.de\/startseite-2\/wp-json\/wp\/v2\/product"}],"about":[{"href":"https:\/\/www.mg-modelleisenbahnbau.de\/startseite-2\/wp-json\/wp\/v2\/types\/product"}],"replies":[{"embeddable":true,"href":"https:\/\/www.mg-modelleisenbahnbau.de\/startseite-2\/wp-json\/wp\/v2\/comments?post=2392"}],"wp:featuredmedia":[{"embeddable":true,"href":"https:\/\/www.mg-modelleisenbahnbau.de\/startseite-2\/wp-json\/wp\/v2\/media\/2393"}],"wp:attachment":[{"href":"https:\/\/www.mg-modelleisenbahnbau.de\/startseite-2\/wp-json\/wp\/v2\/media?parent=2392"}],"wp:term":[{"taxonomy":"product_brand","embeddable":true,"href":"https:\/\/www.mg-modelleisenbahnbau.de\/startseite-2\/wp-json\/wp\/v2\/product_brand?post=2392"},{"taxonomy":"product_cat","embeddable":true,"href":"https:\/\/www.mg-modelleisenbahnbau.de\/startseite-2\/wp-json\/wp\/v2\/product_cat?post=2392"},{"taxonomy":"product_tag","embeddable":true,"href":"https:\/\/www.mg-modelleisenbahnbau.de\/startseite-2\/wp-json\/wp\/v2\/product_tag?post=2392"}],"curies":[{"name":"wp","href":"https:\/\/api.w.org\/{rel}","templated":true}]}}