{"id":2390,"date":"2019-03-26T13:25:47","date_gmt":"2019-03-26T12:25:47","guid":{"rendered":"http:\/\/www.mg-modelleisenbahnbau.de\/?post_type=product&#038;p=2390"},"modified":"2025-06-30T18:27:16","modified_gmt":"2025-06-30T16:27:16","slug":"42413-h0-weihnachtsdorf-mit-beleuchtung-funktionsbausatz","status":"publish","type":"product","link":"https:\/\/www.mg-modelleisenbahnbau.de\/startseite-2\/produkt\/42413-h0-weihnachtsdorf-mit-beleuchtung-funktionsbausatz\/","title":{"rendered":"42413 H0 Weihnachtsdorf mit Beleuchtung, Funktionsbausatz"},"content":{"rendered":"<div class=\"content--description\">\n<div class=\"content--title\">Produktinformationen &#8222;H0 Weihnachtsdorf mit Beleuchtung, Funktionsbausatz&#8220;<\/div>\n<div class=\"product--description\">Das Weihnachtsdorf passt hervorragend auf Modellbahnanlagen mit Winterstimmung. Oder gestalten Sie mit Ihren Kindern und Enkeln im Rahmen vorweihnachtlicher Bastelabende ein festliches Diorama. Die H\u00e4user sind auch als Dekoration auf dem Fenster- oder Kaminsims eine Augenweide. Das Dorf besteht aus der Stille-Nacht-Ged\u00e4chtniskapelle, einem Postamt Christkindl, Gl\u00fchweinstand, Lebkuchenhaus und Bratwurst-Maxe. Der Kapelle, dem Postamt und dem Lebkuchenhaus liegt jeweils eine Sockelbirne f\u00fcr die Innenbeleuchtung bei. Au\u00dferdem ein T\u00fctchen Kunstschnee zur Gestaltung der winterlichen Atmosph\u00e4re. Ma\u00dfe: Kapelle L 11 x B 8 x H 16 cm, Postamt L 10,5 x B 9,7 x H 8,3 cm, Lebkuchenhaus L 10,5 x B 9,7 x H 8,3 cm, Bratwurst-Maxe L 6 x B 6,5 x H 7,8 cm, Gl\u00fchweinstand L 6,2 x B 6,3 x H 3,3 cm.<\/div>\n<\/div>\n<div><\/div>\n<div><span class=\"delivery--text delivery--text-not-available\" style=\"color: #ff0000;\"><strong>Lieferzeit auf Anfrage<\/strong> <\/span><\/div>\n","protected":false},"excerpt":{"rendered":"<p>Produktinformationen &#8222;H0 Weihnachtsdorf mit Beleuchtung, Funktionsbausatz&#8220; Das Weihnachtsdorf passt hervorragend auf Modellbahnanlagen mit Winterstimmung. Oder gestalten Sie mit Ihren Kindern und Enkeln im Rahmen vorweihnachtlicher Bastelabende ein festliches Diorama. Die H\u00e4user sind auch als Dekoration auf dem Fenster- oder Kaminsims eine Augenweide. Das Dorf besteht aus der Stille-Nacht-Ged\u00e4chtniskapelle, einem Postamt Christkindl, Gl\u00fchweinstand, Lebkuchenhaus und Bratwurst-Maxe&#8230;.<\/p>\n","protected":false},"featured_media":2391,"comment_status":"open","ping_status":"closed","template":"","meta":[],"product_brand":[],"product_cat":[175,176,38,41,160],"product_tag":[292,291],"class_list":{"0":"post-2390","1":"product","2":"type-product","3":"status-publish","4":"has-post-thumbnail","6":"product_cat-kirchen-muehlen-ho","7":"product_cat-stadt-dorfhaeuser-ho","8":"product_cat-unkategorisiert","9":"product_cat-vollmer","10":"product_cat-vollmer-ho","11":"product_tag-kein-spielzeug-nicht-geeignet-fuer-kinder-unter-14-jahren","12":"product_tag-warn-und-sicherheitshinweise-modellbauartikel","14":"first","15":"instock","16":"taxable","17":"shipping-taxable","18":"purchasable","19":"product-type-simple"},"jetpack_sharing_enabled":true,"_links":{"self":[{"href":"https:\/\/www.mg-modelleisenbahnbau.de\/startseite-2\/wp-json\/wp\/v2\/product\/2390","targetHints":{"allow":["GET"]}}],"collection":[{"href":"https:\/\/www.mg-modelleisenbahnbau.de\/startseite-2\/wp-json\/wp\/v2\/product"}],"about":[{"href":"https:\/\/www.mg-modelleisenbahnbau.de\/startseite-2\/wp-json\/wp\/v2\/types\/product"}],"replies":[{"embeddable":true,"href":"https:\/\/www.mg-modelleisenbahnbau.de\/startseite-2\/wp-json\/wp\/v2\/comments?post=2390"}],"wp:featuredmedia":[{"embeddable":true,"href":"https:\/\/www.mg-modelleisenbahnbau.de\/startseite-2\/wp-json\/wp\/v2\/media\/2391"}],"wp:attachment":[{"href":"https:\/\/www.mg-modelleisenbahnbau.de\/startseite-2\/wp-json\/wp\/v2\/media?parent=2390"}],"wp:term":[{"taxonomy":"product_brand","embeddable":true,"href":"https:\/\/www.mg-modelleisenbahnbau.de\/startseite-2\/wp-json\/wp\/v2\/product_brand?post=2390"},{"taxonomy":"product_cat","embeddable":true,"href":"https:\/\/www.mg-modelleisenbahnbau.de\/startseite-2\/wp-json\/wp\/v2\/product_cat?post=2390"},{"taxonomy":"product_tag","embeddable":true,"href":"https:\/\/www.mg-modelleisenbahnbau.de\/startseite-2\/wp-json\/wp\/v2\/product_tag?post=2390"}],"curies":[{"name":"wp","href":"https:\/\/api.w.org\/{rel}","templated":true}]}}