{"id":2382,"date":"2019-03-26T13:11:26","date_gmt":"2019-03-26T12:11:26","guid":{"rendered":"http:\/\/www.mg-modelleisenbahnbau.de\/?post_type=product&#038;p=2382"},"modified":"2025-06-30T21:32:21","modified_gmt":"2025-06-30T19:32:21","slug":"43769-h0-dorfkirche-ditzingen","status":"publish","type":"product","link":"https:\/\/www.mg-modelleisenbahnbau.de\/startseite-2\/produkt\/43769-h0-dorfkirche-ditzingen\/","title":{"rendered":"43769 H0 Dorfkirche Ditzingen"},"content":{"rendered":"<div class=\"content--description\">\n<div class=\"content--title\">Produktinformationen &#8222;H0 Dorfkirche Ditzingen&#8220;<\/div>\n<div class=\"product--description\">Das Vorbild dieser Dorfkirche steht in Ditzingen bei Stuttgart. Sie wurde ma\u00dfstabsgetreu nachgebildet und liebevoll gestaltet. Mit ihr holen Sie sich einen Hauch Idylle und l\u00e4ndliches Flair auf Ihre Anlage. Ma\u00dfe: L 23,5 x B 15,5 x H 33 cm.<\/div>\n<\/div>\n","protected":false},"excerpt":{"rendered":"<p>Produktinformationen &#8222;H0 Dorfkirche Ditzingen&#8220; Das Vorbild dieser Dorfkirche steht in Ditzingen bei Stuttgart. Sie wurde ma\u00dfstabsgetreu nachgebildet und liebevoll gestaltet. Mit ihr holen Sie sich einen Hauch Idylle und l\u00e4ndliches Flair auf Ihre Anlage. Ma\u00dfe: L 23,5 x B 15,5 x H 33 cm.<\/p>\n","protected":false},"featured_media":2383,"comment_status":"open","ping_status":"closed","template":"","meta":[],"product_brand":[],"product_cat":[175,38,41,160],"product_tag":[292,291],"class_list":{"0":"post-2382","1":"product","2":"type-product","3":"status-publish","4":"has-post-thumbnail","6":"product_cat-kirchen-muehlen-ho","7":"product_cat-unkategorisiert","8":"product_cat-vollmer","9":"product_cat-vollmer-ho","10":"product_tag-kein-spielzeug-nicht-geeignet-fuer-kinder-unter-14-jahren","11":"product_tag-warn-und-sicherheitshinweise-modellbauartikel","13":"first","14":"instock","15":"taxable","16":"shipping-taxable","17":"purchasable","18":"product-type-simple"},"jetpack_sharing_enabled":true,"_links":{"self":[{"href":"https:\/\/www.mg-modelleisenbahnbau.de\/startseite-2\/wp-json\/wp\/v2\/product\/2382","targetHints":{"allow":["GET"]}}],"collection":[{"href":"https:\/\/www.mg-modelleisenbahnbau.de\/startseite-2\/wp-json\/wp\/v2\/product"}],"about":[{"href":"https:\/\/www.mg-modelleisenbahnbau.de\/startseite-2\/wp-json\/wp\/v2\/types\/product"}],"replies":[{"embeddable":true,"href":"https:\/\/www.mg-modelleisenbahnbau.de\/startseite-2\/wp-json\/wp\/v2\/comments?post=2382"}],"wp:featuredmedia":[{"embeddable":true,"href":"https:\/\/www.mg-modelleisenbahnbau.de\/startseite-2\/wp-json\/wp\/v2\/media\/2383"}],"wp:attachment":[{"href":"https:\/\/www.mg-modelleisenbahnbau.de\/startseite-2\/wp-json\/wp\/v2\/media?parent=2382"}],"wp:term":[{"taxonomy":"product_brand","embeddable":true,"href":"https:\/\/www.mg-modelleisenbahnbau.de\/startseite-2\/wp-json\/wp\/v2\/product_brand?post=2382"},{"taxonomy":"product_cat","embeddable":true,"href":"https:\/\/www.mg-modelleisenbahnbau.de\/startseite-2\/wp-json\/wp\/v2\/product_cat?post=2382"},{"taxonomy":"product_tag","embeddable":true,"href":"https:\/\/www.mg-modelleisenbahnbau.de\/startseite-2\/wp-json\/wp\/v2\/product_tag?post=2382"}],"curies":[{"name":"wp","href":"https:\/\/api.w.org\/{rel}","templated":true}]}}