{"id":2369,"date":"2019-03-26T12:02:19","date_gmt":"2019-03-26T11:02:19","guid":{"rendered":"http:\/\/www.mg-modelleisenbahnbau.de\/?post_type=product&#038;p=2369"},"modified":"2025-06-30T22:23:20","modified_gmt":"2025-06-30T20:23:20","slug":"45149-h0-busstation-ueberdacht","status":"publish","type":"product","link":"https:\/\/www.mg-modelleisenbahnbau.de\/startseite-2\/produkt\/45149-h0-busstation-ueberdacht\/","title":{"rendered":"45149 H0 Busstation, \u00fcberdacht"},"content":{"rendered":"<div class=\"content--description\">\n<div class=\"content--title\">Produktinformationen &#8222;H0 Busstation, \u00fcberdacht&#8220;<\/div>\n<div class=\"product--description\">An dieser modernen Busstation herrscht reger Betrieb. Die Busse kommen aus den Vororten und bringen die Passagiere zum Bahnhof oder von dort in die Innenstadt. Sie bietet Platz f\u00fcr einen Kiosk, \u00fcberdachte Warteb\u00e4nke und die Fahrplanauskunft. Die 4 dazugeh\u00f6renden Businseln beinhalten B\u00e4nke, Infotafeln und Beleuchtung (ohne Funktion). Ma\u00dfe: L 27,7 x B 8 x H 6,2 cm. Businseln je L 15 x B 2 x H 7,5 cm.<\/div>\n<\/div>\n","protected":false},"excerpt":{"rendered":"<p>Produktinformationen &#8222;H0 Busstation, \u00fcberdacht&#8220; An dieser modernen Busstation herrscht reger Betrieb. Die Busse kommen aus den Vororten und bringen die Passagiere zum Bahnhof oder von dort in die Innenstadt. Sie bietet Platz f\u00fcr einen Kiosk, \u00fcberdachte Warteb\u00e4nke und die Fahrplanauskunft. Die 4 dazugeh\u00f6renden Businseln beinhalten B\u00e4nke, Infotafeln und Beleuchtung (ohne Funktion). Ma\u00dfe: L 27,7 x&#8230;<\/p>\n","protected":false},"featured_media":2370,"comment_status":"open","ping_status":"closed","template":"","meta":[],"product_brand":[],"product_cat":[173,38,41,160],"product_tag":[292,291],"class_list":{"0":"post-2369","1":"product","2":"type-product","3":"status-publish","4":"has-post-thumbnail","6":"product_cat-garagen-polizei-ho","7":"product_cat-unkategorisiert","8":"product_cat-vollmer","9":"product_cat-vollmer-ho","10":"product_tag-kein-spielzeug-nicht-geeignet-fuer-kinder-unter-14-jahren","11":"product_tag-warn-und-sicherheitshinweise-modellbauartikel","13":"first","14":"instock","15":"taxable","16":"shipping-taxable","17":"purchasable","18":"product-type-simple"},"jetpack_sharing_enabled":true,"_links":{"self":[{"href":"https:\/\/www.mg-modelleisenbahnbau.de\/startseite-2\/wp-json\/wp\/v2\/product\/2369","targetHints":{"allow":["GET"]}}],"collection":[{"href":"https:\/\/www.mg-modelleisenbahnbau.de\/startseite-2\/wp-json\/wp\/v2\/product"}],"about":[{"href":"https:\/\/www.mg-modelleisenbahnbau.de\/startseite-2\/wp-json\/wp\/v2\/types\/product"}],"replies":[{"embeddable":true,"href":"https:\/\/www.mg-modelleisenbahnbau.de\/startseite-2\/wp-json\/wp\/v2\/comments?post=2369"}],"wp:featuredmedia":[{"embeddable":true,"href":"https:\/\/www.mg-modelleisenbahnbau.de\/startseite-2\/wp-json\/wp\/v2\/media\/2370"}],"wp:attachment":[{"href":"https:\/\/www.mg-modelleisenbahnbau.de\/startseite-2\/wp-json\/wp\/v2\/media?parent=2369"}],"wp:term":[{"taxonomy":"product_brand","embeddable":true,"href":"https:\/\/www.mg-modelleisenbahnbau.de\/startseite-2\/wp-json\/wp\/v2\/product_brand?post=2369"},{"taxonomy":"product_cat","embeddable":true,"href":"https:\/\/www.mg-modelleisenbahnbau.de\/startseite-2\/wp-json\/wp\/v2\/product_cat?post=2369"},{"taxonomy":"product_tag","embeddable":true,"href":"https:\/\/www.mg-modelleisenbahnbau.de\/startseite-2\/wp-json\/wp\/v2\/product_tag?post=2369"}],"curies":[{"name":"wp","href":"https:\/\/api.w.org\/{rel}","templated":true}]}}