{"id":2352,"date":"2019-03-26T10:03:19","date_gmt":"2019-03-26T09:03:19","guid":{"rendered":"http:\/\/www.mg-modelleisenbahnbau.de\/?post_type=product&#038;p=2352"},"modified":"2025-06-30T22:23:21","modified_gmt":"2025-06-30T20:23:21","slug":"45156-h0-aral-tankstelle","status":"publish","type":"product","link":"https:\/\/www.mg-modelleisenbahnbau.de\/startseite-2\/produkt\/45156-h0-aral-tankstelle\/","title":{"rendered":"45156 H0 ARAL-Tankstelle"},"content":{"rendered":"<div class=\"content--description\">\n<div class=\"content--title\">Produktinformationen &#8222;H0 ARAL-Tankstelle&#8220;<\/div>\n<div class=\"product--description\">An dieser nostalgischen ARAL-Tankstelle mit integrierter Werkstatt herrscht reges Treiben. Man f\u00fchlt sich in die Zeit der 50er und 60er Jahre versetzt. Freundliche Tankwarte sind beim Tanken behilflich und in der Werkstatt wird gleich repariert. Tankstelle mit Zapfs\u00e4ulen, Verkaufs- und Werkstattraum und vielen weiteren Details. Wir bedanken uns f\u00fcr die freundliche Unterst\u00fctzung der BP Deutschland und des Historischen Archivs BP\/ARAL. Ma\u00dfe: L 17,5 x B 14,7 x H 8 cm.<\/div>\n<div><strong>Da zu passend die 1364 Zapfs\u00e4ule Aral mit LED-Beleuchtung von Viessmann<\/strong><\/div>\n<\/div>\n<div><\/div>\n<div><\/div>\n<div><span class=\"delivery--text delivery--text-not-available\" style=\"color: #ff0000;\"><strong><br \/>\n<\/strong> <\/span><\/div>\n","protected":false},"excerpt":{"rendered":"<p>Produktinformationen &#8222;H0 ARAL-Tankstelle&#8220; An dieser nostalgischen ARAL-Tankstelle mit integrierter Werkstatt herrscht reges Treiben. Man f\u00fchlt sich in die Zeit der 50er und 60er Jahre versetzt. Freundliche Tankwarte sind beim Tanken behilflich und in der Werkstatt wird gleich repariert. Tankstelle mit Zapfs\u00e4ulen, Verkaufs- und Werkstattraum und vielen weiteren Details. Wir bedanken uns f\u00fcr die freundliche Unterst\u00fctzung&#8230;<\/p>\n","protected":false},"featured_media":2362,"comment_status":"open","ping_status":"closed","template":"","meta":[],"product_brand":[],"product_cat":[173,38,41,160],"product_tag":[292,291],"class_list":{"0":"post-2352","1":"product","2":"type-product","3":"status-publish","4":"has-post-thumbnail","6":"product_cat-garagen-polizei-ho","7":"product_cat-unkategorisiert","8":"product_cat-vollmer","9":"product_cat-vollmer-ho","10":"product_tag-kein-spielzeug-nicht-geeignet-fuer-kinder-unter-14-jahren","11":"product_tag-warn-und-sicherheitshinweise-modellbauartikel","13":"first","14":"instock","15":"taxable","16":"shipping-taxable","17":"purchasable","18":"product-type-simple"},"jetpack_sharing_enabled":true,"_links":{"self":[{"href":"https:\/\/www.mg-modelleisenbahnbau.de\/startseite-2\/wp-json\/wp\/v2\/product\/2352","targetHints":{"allow":["GET"]}}],"collection":[{"href":"https:\/\/www.mg-modelleisenbahnbau.de\/startseite-2\/wp-json\/wp\/v2\/product"}],"about":[{"href":"https:\/\/www.mg-modelleisenbahnbau.de\/startseite-2\/wp-json\/wp\/v2\/types\/product"}],"replies":[{"embeddable":true,"href":"https:\/\/www.mg-modelleisenbahnbau.de\/startseite-2\/wp-json\/wp\/v2\/comments?post=2352"}],"wp:featuredmedia":[{"embeddable":true,"href":"https:\/\/www.mg-modelleisenbahnbau.de\/startseite-2\/wp-json\/wp\/v2\/media\/2362"}],"wp:attachment":[{"href":"https:\/\/www.mg-modelleisenbahnbau.de\/startseite-2\/wp-json\/wp\/v2\/media?parent=2352"}],"wp:term":[{"taxonomy":"product_brand","embeddable":true,"href":"https:\/\/www.mg-modelleisenbahnbau.de\/startseite-2\/wp-json\/wp\/v2\/product_brand?post=2352"},{"taxonomy":"product_cat","embeddable":true,"href":"https:\/\/www.mg-modelleisenbahnbau.de\/startseite-2\/wp-json\/wp\/v2\/product_cat?post=2352"},{"taxonomy":"product_tag","embeddable":true,"href":"https:\/\/www.mg-modelleisenbahnbau.de\/startseite-2\/wp-json\/wp\/v2\/product_tag?post=2352"}],"curies":[{"name":"wp","href":"https:\/\/api.w.org\/{rel}","templated":true}]}}