{"id":2349,"date":"2019-03-26T09:50:17","date_gmt":"2019-03-26T08:50:17","guid":{"rendered":"http:\/\/www.mg-modelleisenbahnbau.de\/?post_type=product&#038;p=2349"},"modified":"2025-06-30T21:22:19","modified_gmt":"2025-06-30T19:22:19","slug":"43763-h0-polizei-einsatzzentrale-7","status":"publish","type":"product","link":"https:\/\/www.mg-modelleisenbahnbau.de\/startseite-2\/produkt\/43763-h0-polizei-einsatzzentrale-7\/","title":{"rendered":"43763 H0 Polizei Einsatzzentrale 7"},"content":{"rendered":"<div class=\"content--description\">\n<div class=\"content--title\">Produktinformationen &#8222;H0 Polizei Einsatzzentrale 7&#8220;<\/div>\n<div class=\"product--description\">Das zweist\u00f6ckige Geb\u00e4ude beherbergt die Polizeiwache 7 einer Kleinstadt. Im Garagenanbau mit Flachdach gibt es 3 Stellpl\u00e4tze f\u00fcr die Einsatzfahrzeuge. Ma\u00dfe: L 10 x B 9,5 x H 15 cm, L 10,5 x B 7,5 x H 4,3 cm.<\/div>\n<\/div>\n<div><\/div>\n<div>\n<div class=\"product--delivery\">\n<p class=\"delivery--information\"><span class=\"delivery--text delivery--text-not-available\" style=\"color: #ff0000;\"><strong>Lieferzeit auf Anfrage<\/strong> <\/span><\/p>\n<\/div>\n<div class=\"product--configurator\"><\/div>\n<div class=\"buybox--form\">\n<div class=\"buybox--button-container block-group\"><a class=\"storelocator--button block btn is--primary is--icon-left is--center is--large\" title=\"Zur Fachh\u00e4ndlersuche\" href=\"https:\/\/viessmann-modell.com\/fachhaendler\"><br \/>\n<\/a><\/p>\n<div class=\"paypal-unified-ec--outer-button-container\">\n<div class=\"paypal-unified-ec--button-container right\" data-paypalunifiedecbuttonincontext=\"true\" data-paypalmode=\"production\" data-createpaymenturl=\"https:\/\/viessmann-modell.com\/widgets\/PaypalUnifiedExpressCheckout\/createPayment\" data-color=\"gold\" data-shape=\"rect\" data-size=\"medium\" data-paypallanguage=\"de_DE\" data-detailpage=\"true\">\n<div id=\"zoid-paypal-button-00fbf8bcdf\" class=\"paypal-button paypal-button-context-iframe paypal-button-label-checkout paypal-button-size-medium paypal-button-layout-horizontal\">\n<div class=\"zoid-outlet\"><\/div>\n<\/div>\n<\/div>\n<\/div>\n<\/div>\n<\/div>\n<\/div>\n","protected":false},"excerpt":{"rendered":"<p>Produktinformationen &#8222;H0 Polizei Einsatzzentrale 7&#8220; Das zweist\u00f6ckige Geb\u00e4ude beherbergt die Polizeiwache 7 einer Kleinstadt. Im Garagenanbau mit Flachdach gibt es 3 Stellpl\u00e4tze f\u00fcr die Einsatzfahrzeuge. Ma\u00dfe: L 10 x B 9,5 x H 15 cm, L 10,5 x B 7,5 x H 4,3 cm. Lieferzeit auf Anfrage<\/p>\n","protected":false},"featured_media":2363,"comment_status":"open","ping_status":"closed","template":"","meta":[],"product_brand":[],"product_cat":[173,38,41,160],"product_tag":[292,291],"class_list":{"0":"post-2349","1":"product","2":"type-product","3":"status-publish","4":"has-post-thumbnail","6":"product_cat-garagen-polizei-ho","7":"product_cat-unkategorisiert","8":"product_cat-vollmer","9":"product_cat-vollmer-ho","10":"product_tag-kein-spielzeug-nicht-geeignet-fuer-kinder-unter-14-jahren","11":"product_tag-warn-und-sicherheitshinweise-modellbauartikel","13":"first","14":"instock","15":"taxable","16":"shipping-taxable","17":"purchasable","18":"product-type-simple"},"jetpack_sharing_enabled":true,"_links":{"self":[{"href":"https:\/\/www.mg-modelleisenbahnbau.de\/startseite-2\/wp-json\/wp\/v2\/product\/2349","targetHints":{"allow":["GET"]}}],"collection":[{"href":"https:\/\/www.mg-modelleisenbahnbau.de\/startseite-2\/wp-json\/wp\/v2\/product"}],"about":[{"href":"https:\/\/www.mg-modelleisenbahnbau.de\/startseite-2\/wp-json\/wp\/v2\/types\/product"}],"replies":[{"embeddable":true,"href":"https:\/\/www.mg-modelleisenbahnbau.de\/startseite-2\/wp-json\/wp\/v2\/comments?post=2349"}],"wp:featuredmedia":[{"embeddable":true,"href":"https:\/\/www.mg-modelleisenbahnbau.de\/startseite-2\/wp-json\/wp\/v2\/media\/2363"}],"wp:attachment":[{"href":"https:\/\/www.mg-modelleisenbahnbau.de\/startseite-2\/wp-json\/wp\/v2\/media?parent=2349"}],"wp:term":[{"taxonomy":"product_brand","embeddable":true,"href":"https:\/\/www.mg-modelleisenbahnbau.de\/startseite-2\/wp-json\/wp\/v2\/product_brand?post=2349"},{"taxonomy":"product_cat","embeddable":true,"href":"https:\/\/www.mg-modelleisenbahnbau.de\/startseite-2\/wp-json\/wp\/v2\/product_cat?post=2349"},{"taxonomy":"product_tag","embeddable":true,"href":"https:\/\/www.mg-modelleisenbahnbau.de\/startseite-2\/wp-json\/wp\/v2\/product_tag?post=2349"}],"curies":[{"name":"wp","href":"https:\/\/api.w.org\/{rel}","templated":true}]}}