{"id":2345,"date":"2019-03-26T09:41:00","date_gmt":"2019-03-26T08:41:00","guid":{"rendered":"http:\/\/www.mg-modelleisenbahnbau.de\/?post_type=product&#038;p=2345"},"modified":"2025-06-30T19:26:56","modified_gmt":"2025-06-30T17:26:56","slug":"43600-h0-juweliergeschaeft-mit-ueberfallszenario-und-led-beleuchtung-funktionsbausatz","status":"publish","type":"product","link":"https:\/\/www.mg-modelleisenbahnbau.de\/startseite-2\/produkt\/43600-h0-juweliergeschaeft-mit-ueberfallszenario-und-led-beleuchtung-funktionsbausatz\/","title":{"rendered":"43600 H0 Juweliergesch\u00e4ft mit \u00dcberfallszenario und LED-Beleuchtung, Funktionsbausatz"},"content":{"rendered":"<div class=\"content--description\">\n<div class=\"content--title\">Produktinformationen &#8222;H0 Juweliergesch\u00e4ft mit \u00dcberfallszenario und LED-Beleuchtung, Funktionsbausatz&#8220;<\/div>\n<div class=\"product--description\">\u00dcberfall&#8230; Doch der Dieb fl\u00fcchtet ohne Beute. Das rote Licht der Alarmanlage hat die Polizei rechtzeitig informiert und die wertvollen Kristalle liegen unbeschadet im Schaufenster. Ein Juweliergesch\u00e4ft mit eingeschlagener Fensterscheibe, Inneneinrichtung, LED-Beleuchtung, roter Alarmbirne, unbemalter Einbrecherfigur und 2 original Swarovski-Kristallen. Die Figur k\u00f6nnen Sie selbst nach eigenen W\u00fcnschen bemalen. Ma\u00dfe: L 15 x B 12,5 x H 12 cm.<\/div>\n<\/div>\n<div><\/div>\n<div><\/div>\n<div>\n<p><span style=\"color: #ff0000;\"><strong><span class=\"delivery--text delivery--text-not-available\"><span class=\"delivery--text delivery--text-not-available\">Lieferzeit auf Anfrage<\/span><\/span><\/strong><\/span><\/p>\n<p class=\"hide-if-no-js\"><span class=\"delivery--text delivery--text-not-available\">\u00a0<\/span><\/p>\n<\/div>\n","protected":false},"excerpt":{"rendered":"<p>Produktinformationen &#8222;H0 Juweliergesch\u00e4ft mit \u00dcberfallszenario und LED-Beleuchtung, Funktionsbausatz&#8220; \u00dcberfall&#8230; Doch der Dieb fl\u00fcchtet ohne Beute. Das rote Licht der Alarmanlage hat die Polizei rechtzeitig informiert und die wertvollen Kristalle liegen unbeschadet im Schaufenster. Ein Juweliergesch\u00e4ft mit eingeschlagener Fensterscheibe, Inneneinrichtung, LED-Beleuchtung, roter Alarmbirne, unbemalter Einbrecherfigur und 2 original Swarovski-Kristallen. Die Figur k\u00f6nnen Sie selbst nach eigenen&#8230;<\/p>\n","protected":false},"featured_media":2346,"comment_status":"open","ping_status":"closed","template":"","meta":[],"product_brand":[],"product_cat":[173,38,41,160],"product_tag":[292,291],"class_list":{"0":"post-2345","1":"product","2":"type-product","3":"status-publish","4":"has-post-thumbnail","6":"product_cat-garagen-polizei-ho","7":"product_cat-unkategorisiert","8":"product_cat-vollmer","9":"product_cat-vollmer-ho","10":"product_tag-kein-spielzeug-nicht-geeignet-fuer-kinder-unter-14-jahren","11":"product_tag-warn-und-sicherheitshinweise-modellbauartikel","13":"first","14":"instock","15":"taxable","16":"shipping-taxable","17":"purchasable","18":"product-type-simple"},"jetpack_sharing_enabled":true,"_links":{"self":[{"href":"https:\/\/www.mg-modelleisenbahnbau.de\/startseite-2\/wp-json\/wp\/v2\/product\/2345","targetHints":{"allow":["GET"]}}],"collection":[{"href":"https:\/\/www.mg-modelleisenbahnbau.de\/startseite-2\/wp-json\/wp\/v2\/product"}],"about":[{"href":"https:\/\/www.mg-modelleisenbahnbau.de\/startseite-2\/wp-json\/wp\/v2\/types\/product"}],"replies":[{"embeddable":true,"href":"https:\/\/www.mg-modelleisenbahnbau.de\/startseite-2\/wp-json\/wp\/v2\/comments?post=2345"}],"wp:featuredmedia":[{"embeddable":true,"href":"https:\/\/www.mg-modelleisenbahnbau.de\/startseite-2\/wp-json\/wp\/v2\/media\/2346"}],"wp:attachment":[{"href":"https:\/\/www.mg-modelleisenbahnbau.de\/startseite-2\/wp-json\/wp\/v2\/media?parent=2345"}],"wp:term":[{"taxonomy":"product_brand","embeddable":true,"href":"https:\/\/www.mg-modelleisenbahnbau.de\/startseite-2\/wp-json\/wp\/v2\/product_brand?post=2345"},{"taxonomy":"product_cat","embeddable":true,"href":"https:\/\/www.mg-modelleisenbahnbau.de\/startseite-2\/wp-json\/wp\/v2\/product_cat?post=2345"},{"taxonomy":"product_tag","embeddable":true,"href":"https:\/\/www.mg-modelleisenbahnbau.de\/startseite-2\/wp-json\/wp\/v2\/product_tag?post=2345"}],"curies":[{"name":"wp","href":"https:\/\/api.w.org\/{rel}","templated":true}]}}