{"id":2340,"date":"2019-03-25T11:34:32","date_gmt":"2019-03-25T10:34:32","guid":{"rendered":"http:\/\/www.mg-modelleisenbahnbau.de\/?post_type=product&#038;p=2340"},"modified":"2025-06-30T22:12:00","modified_gmt":"2025-06-30T20:12:00","slug":"44114-rauchgenerator-gross-durchmesser-29-cm-mit-tank","status":"publish","type":"product","link":"https:\/\/www.mg-modelleisenbahnbau.de\/startseite-2\/produkt\/44114-rauchgenerator-gross-durchmesser-29-cm-mit-tank\/","title":{"rendered":"44114 Rauchgenerator gro\u00df, Durchmesser 2,9 cm, mit Tank"},"content":{"rendered":"<div class=\"content--description\">\n<div class=\"content--title\">Produktinformationen &#8222;Rauchgenerator gro\u00df, Durchmesser 2,9 cm, mit Tank&#8220;<\/div>\n<div class=\"product--description\">Eine F\u00fcllung hat eine Brenndauer von ca. 15 Minuten. H\u00f6he: 1,4 cm. Betriebsspannung: 16 V ~.<\/div>\n<\/div>\n","protected":false},"excerpt":{"rendered":"<p>Produktinformationen &#8222;Rauchgenerator gro\u00df, Durchmesser 2,9 cm, mit Tank&#8220; Eine F\u00fcllung hat eine Brenndauer von ca. 15 Minuten. H\u00f6he: 1,4 cm. Betriebsspannung: 16 V ~.<\/p>\n","protected":false},"featured_media":2341,"comment_status":"open","ping_status":"closed","template":"","meta":[],"product_brand":[],"product_cat":[174,199,38,41,160,187,171],"product_tag":[292,291],"class_list":{"0":"post-2340","1":"product","2":"type-product","3":"status-publish","4":"has-post-thumbnail","6":"product_cat-brandgrschehen-ho","7":"product_cat-kleinbausaetze-zubehoer-n","8":"product_cat-unkategorisiert","9":"product_cat-vollmer","10":"product_cat-vollmer-ho","11":"product_cat-vollmer-spur-n","12":"product_cat-zaeune-zubehoer-ho","13":"product_tag-kein-spielzeug-nicht-geeignet-fuer-kinder-unter-14-jahren","14":"product_tag-warn-und-sicherheitshinweise-modellbauartikel","16":"first","17":"instock","18":"taxable","19":"shipping-taxable","20":"purchasable","21":"product-type-simple"},"jetpack_sharing_enabled":true,"_links":{"self":[{"href":"https:\/\/www.mg-modelleisenbahnbau.de\/startseite-2\/wp-json\/wp\/v2\/product\/2340","targetHints":{"allow":["GET"]}}],"collection":[{"href":"https:\/\/www.mg-modelleisenbahnbau.de\/startseite-2\/wp-json\/wp\/v2\/product"}],"about":[{"href":"https:\/\/www.mg-modelleisenbahnbau.de\/startseite-2\/wp-json\/wp\/v2\/types\/product"}],"replies":[{"embeddable":true,"href":"https:\/\/www.mg-modelleisenbahnbau.de\/startseite-2\/wp-json\/wp\/v2\/comments?post=2340"}],"wp:featuredmedia":[{"embeddable":true,"href":"https:\/\/www.mg-modelleisenbahnbau.de\/startseite-2\/wp-json\/wp\/v2\/media\/2341"}],"wp:attachment":[{"href":"https:\/\/www.mg-modelleisenbahnbau.de\/startseite-2\/wp-json\/wp\/v2\/media?parent=2340"}],"wp:term":[{"taxonomy":"product_brand","embeddable":true,"href":"https:\/\/www.mg-modelleisenbahnbau.de\/startseite-2\/wp-json\/wp\/v2\/product_brand?post=2340"},{"taxonomy":"product_cat","embeddable":true,"href":"https:\/\/www.mg-modelleisenbahnbau.de\/startseite-2\/wp-json\/wp\/v2\/product_cat?post=2340"},{"taxonomy":"product_tag","embeddable":true,"href":"https:\/\/www.mg-modelleisenbahnbau.de\/startseite-2\/wp-json\/wp\/v2\/product_tag?post=2340"}],"curies":[{"name":"wp","href":"https:\/\/api.w.org\/{rel}","templated":true}]}}