{"id":2336,"date":"2019-03-25T11:28:44","date_gmt":"2019-03-25T10:28:44","guid":{"rendered":"http:\/\/www.mg-modelleisenbahnbau.de\/?post_type=product&#038;p=2336"},"modified":"2025-03-06T17:21:57","modified_gmt":"2025-03-06T16:21:57","slug":"41282-rauchgenerator-gross-durchmesser-45-cm","status":"publish","type":"product","link":"https:\/\/www.mg-modelleisenbahnbau.de\/startseite-2\/produkt\/41282-rauchgenerator-gross-durchmesser-45-cm\/","title":{"rendered":"41282 Rauchgenerator gro\u00df, Durchmesser 4,5 cm"},"content":{"rendered":"<div class=\"content--description\">\n<div class=\"content--title\">Produktinformationen &#8222;Rauchgenerator gro\u00df, Durchmesser 4,5 cm&#8220;<\/div>\n<div class=\"product--description\">Eine F\u00fcllung hat eine Brenndauer von ca. 150 Minuten. H\u00f6he 4,5 cm. Betriebsspannung 16 V ~.<\/div>\n<\/div>\n","protected":false},"excerpt":{"rendered":"<p>Produktinformationen &#8222;Rauchgenerator gro\u00df, Durchmesser 4,5 cm&#8220; Eine F\u00fcllung hat eine Brenndauer von ca. 150 Minuten. H\u00f6he 4,5 cm. Betriebsspannung 16 V ~.<\/p>\n","protected":false},"featured_media":2337,"comment_status":"open","ping_status":"closed","template":"","meta":[],"product_brand":[],"product_cat":[174,184,38,41,160,179,171],"product_tag":[292,291],"class_list":{"0":"post-2336","1":"product","2":"type-product","3":"status-publish","4":"has-post-thumbnail","6":"product_cat-brandgrschehen-ho","7":"product_cat-kirchen-haeuser-kapellen","8":"product_cat-unkategorisiert","9":"product_cat-vollmer","10":"product_cat-vollmer-ho","11":"product_cat-vollmer-spur-g","12":"product_cat-zaeune-zubehoer-ho","13":"product_tag-kein-spielzeug-nicht-geeignet-fuer-kinder-unter-14-jahren","14":"product_tag-warn-und-sicherheitshinweise-modellbauartikel","16":"first","17":"instock","18":"taxable","19":"shipping-taxable","20":"purchasable","21":"product-type-simple"},"jetpack_sharing_enabled":true,"_links":{"self":[{"href":"https:\/\/www.mg-modelleisenbahnbau.de\/startseite-2\/wp-json\/wp\/v2\/product\/2336","targetHints":{"allow":["GET"]}}],"collection":[{"href":"https:\/\/www.mg-modelleisenbahnbau.de\/startseite-2\/wp-json\/wp\/v2\/product"}],"about":[{"href":"https:\/\/www.mg-modelleisenbahnbau.de\/startseite-2\/wp-json\/wp\/v2\/types\/product"}],"replies":[{"embeddable":true,"href":"https:\/\/www.mg-modelleisenbahnbau.de\/startseite-2\/wp-json\/wp\/v2\/comments?post=2336"}],"wp:featuredmedia":[{"embeddable":true,"href":"https:\/\/www.mg-modelleisenbahnbau.de\/startseite-2\/wp-json\/wp\/v2\/media\/2337"}],"wp:attachment":[{"href":"https:\/\/www.mg-modelleisenbahnbau.de\/startseite-2\/wp-json\/wp\/v2\/media?parent=2336"}],"wp:term":[{"taxonomy":"product_brand","embeddable":true,"href":"https:\/\/www.mg-modelleisenbahnbau.de\/startseite-2\/wp-json\/wp\/v2\/product_brand?post=2336"},{"taxonomy":"product_cat","embeddable":true,"href":"https:\/\/www.mg-modelleisenbahnbau.de\/startseite-2\/wp-json\/wp\/v2\/product_cat?post=2336"},{"taxonomy":"product_tag","embeddable":true,"href":"https:\/\/www.mg-modelleisenbahnbau.de\/startseite-2\/wp-json\/wp\/v2\/product_tag?post=2336"}],"curies":[{"name":"wp","href":"https:\/\/api.w.org\/{rel}","templated":true}]}}