{"id":2330,"date":"2019-03-25T11:01:19","date_gmt":"2019-03-25T10:01:19","guid":{"rendered":"http:\/\/www.mg-modelleisenbahnbau.de\/?post_type=product&#038;p=2330"},"modified":"2025-06-30T21:32:28","modified_gmt":"2025-06-30T19:32:28","slug":"43785-h0-brennendes-finanzamt-mit-flackerlicht-rot-rauchgenerator-und-farbtabletten-funktionsbausatz","status":"publish","type":"product","link":"https:\/\/www.mg-modelleisenbahnbau.de\/startseite-2\/produkt\/43785-h0-brennendes-finanzamt-mit-flackerlicht-rot-rauchgenerator-und-farbtabletten-funktionsbausatz\/","title":{"rendered":"43785 H0 Brennendes Finanzamt mit Flackerlicht rot, Rauchgenerator und Farbtabletten, Funktionsbausatz"},"content":{"rendered":"<div class=\"content--description\">\n<div class=\"content--title\">Produktinformationen &#8222;H0 Brennendes Finanzamt mit Flackerlicht rot, Rauchgenerator und Farbtabletten, Funktionsbausatz&#8220;<\/div>\n<div class=\"product--description\">Das Finanzamt brennt! Menschen kommen nat\u00fcrlich nicht zu Schaden, aber sind alle Datenbest\u00e4nde gesichert? Der Bausatz besteht aus dem Finanzamt, einem roten Flackerlicht, Farbtabletten und einem Rauchgenerator Art. 44112 f\u00fcr ca. 60 Minuten Brenndauer. Verwenden Sie das Viessmann Dampfdestillat Art. 6850 zum Betrieb des Rauchgenerators. Ma\u00dfe: L 26,5 x B 10,5 x H 18,5 cm.<\/div>\n<\/div>\n<div><\/div>\n<div>\n<div class=\"content--description\">\n<div class=\"content--title\">Produktinformationen &#8222;Mini-LED Feuer rot-gelb, 3 St\u00fcck mit Mikro-Blinkelektronik&#8220;<\/div>\n<div class=\"product--description\">Besonders kompakte Blinkelektronik, die sich wegen der kleinen Abmessungen direkt in Fahrzeuge einbauen l\u00e4sst. Die LEDs blinken unabh\u00e4ngig voneinander. Der Betrieb ist auch mit einer LED alleine m\u00f6glich. Zur einfachen Verdrahtung sind bereits Dr\u00e4hte an den LEDs angel\u00f6tet. Ma\u00dfe Elektronik: L 2,5 x B 0,4 x H 0,3 cm, LED: L 0,16 x B 0,08 cm.<\/div>\n<\/div>\n<\/div>\n","protected":false},"excerpt":{"rendered":"<p>Produktinformationen &#8222;H0 Brennendes Finanzamt mit Flackerlicht rot, Rauchgenerator und Farbtabletten, Funktionsbausatz&#8220; Das Finanzamt brennt! Menschen kommen nat\u00fcrlich nicht zu Schaden, aber sind alle Datenbest\u00e4nde gesichert? Der Bausatz besteht aus dem Finanzamt, einem roten Flackerlicht, Farbtabletten und einem Rauchgenerator Art. 44112 f\u00fcr ca. 60 Minuten Brenndauer. Verwenden Sie das Viessmann Dampfdestillat Art. 6850 zum Betrieb des&#8230;<\/p>\n","protected":false},"featured_media":2365,"comment_status":"open","ping_status":"closed","template":"","meta":[],"product_brand":[],"product_cat":[174,38,41,160],"product_tag":[292,291],"class_list":{"0":"post-2330","1":"product","2":"type-product","3":"status-publish","4":"has-post-thumbnail","6":"product_cat-brandgrschehen-ho","7":"product_cat-unkategorisiert","8":"product_cat-vollmer","9":"product_cat-vollmer-ho","10":"product_tag-kein-spielzeug-nicht-geeignet-fuer-kinder-unter-14-jahren","11":"product_tag-warn-und-sicherheitshinweise-modellbauartikel","13":"first","14":"instock","15":"taxable","16":"shipping-taxable","17":"purchasable","18":"product-type-simple"},"jetpack_sharing_enabled":true,"_links":{"self":[{"href":"https:\/\/www.mg-modelleisenbahnbau.de\/startseite-2\/wp-json\/wp\/v2\/product\/2330","targetHints":{"allow":["GET"]}}],"collection":[{"href":"https:\/\/www.mg-modelleisenbahnbau.de\/startseite-2\/wp-json\/wp\/v2\/product"}],"about":[{"href":"https:\/\/www.mg-modelleisenbahnbau.de\/startseite-2\/wp-json\/wp\/v2\/types\/product"}],"replies":[{"embeddable":true,"href":"https:\/\/www.mg-modelleisenbahnbau.de\/startseite-2\/wp-json\/wp\/v2\/comments?post=2330"}],"wp:featuredmedia":[{"embeddable":true,"href":"https:\/\/www.mg-modelleisenbahnbau.de\/startseite-2\/wp-json\/wp\/v2\/media\/2365"}],"wp:attachment":[{"href":"https:\/\/www.mg-modelleisenbahnbau.de\/startseite-2\/wp-json\/wp\/v2\/media?parent=2330"}],"wp:term":[{"taxonomy":"product_brand","embeddable":true,"href":"https:\/\/www.mg-modelleisenbahnbau.de\/startseite-2\/wp-json\/wp\/v2\/product_brand?post=2330"},{"taxonomy":"product_cat","embeddable":true,"href":"https:\/\/www.mg-modelleisenbahnbau.de\/startseite-2\/wp-json\/wp\/v2\/product_cat?post=2330"},{"taxonomy":"product_tag","embeddable":true,"href":"https:\/\/www.mg-modelleisenbahnbau.de\/startseite-2\/wp-json\/wp\/v2\/product_tag?post=2330"}],"curies":[{"name":"wp","href":"https:\/\/api.w.org\/{rel}","templated":true}]}}