{"id":2282,"date":"2019-03-25T09:38:16","date_gmt":"2019-03-25T08:38:16","guid":{"rendered":"http:\/\/www.mg-modelleisenbahnbau.de\/?post_type=product&#038;p=2282"},"modified":"2025-06-30T22:34:44","modified_gmt":"2025-06-30T20:34:44","slug":"45613-h0-klavierfabrik-klimperle-co","status":"publish","type":"product","link":"https:\/\/www.mg-modelleisenbahnbau.de\/startseite-2\/produkt\/45613-h0-klavierfabrik-klimperle-co\/","title":{"rendered":"45613 H0 Klavierfabrik Klimperle &#038; Co."},"content":{"rendered":"<div class=\"content--description\">\n<div class=\"content--title\">Produktinformationen &#8222;H0 Klavierfabrik Klimperle &amp; Co.&#8220;<\/div>\n<div class=\"product--description\">Walter Klimperle sen. gr\u00fcndete diese Fabrik 1896. In den Backsteingeb\u00e4uden der Gr\u00fcnderjahre werden hochwertige Klaviere und Fl\u00fcgel f\u00fcr den Verkauf in alle Welt produziert. Das Geb\u00e4ude pr\u00e4sentiert die Architektur des Industriezeitalters und kann in verschiedenen Epochen verwendet werden. Ma\u00dfe: L 37 x B 16,5 x H 15 cm.<\/div>\n<\/div>\n","protected":false},"excerpt":{"rendered":"<p>Produktinformationen &#8222;H0 Klavierfabrik Klimperle &amp; Co.&#8220; Walter Klimperle sen. gr\u00fcndete diese Fabrik 1896. In den Backsteingeb\u00e4uden der Gr\u00fcnderjahre werden hochwertige Klaviere und Fl\u00fcgel f\u00fcr den Verkauf in alle Welt produziert. Das Geb\u00e4ude pr\u00e4sentiert die Architektur des Industriezeitalters und kann in verschiedenen Epochen verwendet werden. Ma\u00dfe: L 37 x B 16,5 x H 15 cm.<\/p>\n","protected":false},"featured_media":2283,"comment_status":"open","ping_status":"closed","template":"","meta":[],"product_brand":[],"product_cat":[170,38,41,160],"product_tag":[292,291],"class_list":{"0":"post-2282","1":"product","2":"type-product","3":"status-publish","4":"has-post-thumbnail","6":"product_cat-industrie-fabrikanlagen-ho","7":"product_cat-unkategorisiert","8":"product_cat-vollmer","9":"product_cat-vollmer-ho","10":"product_tag-kein-spielzeug-nicht-geeignet-fuer-kinder-unter-14-jahren","11":"product_tag-warn-und-sicherheitshinweise-modellbauartikel","13":"first","14":"instock","15":"taxable","16":"shipping-taxable","17":"purchasable","18":"product-type-simple"},"jetpack_sharing_enabled":true,"_links":{"self":[{"href":"https:\/\/www.mg-modelleisenbahnbau.de\/startseite-2\/wp-json\/wp\/v2\/product\/2282","targetHints":{"allow":["GET"]}}],"collection":[{"href":"https:\/\/www.mg-modelleisenbahnbau.de\/startseite-2\/wp-json\/wp\/v2\/product"}],"about":[{"href":"https:\/\/www.mg-modelleisenbahnbau.de\/startseite-2\/wp-json\/wp\/v2\/types\/product"}],"replies":[{"embeddable":true,"href":"https:\/\/www.mg-modelleisenbahnbau.de\/startseite-2\/wp-json\/wp\/v2\/comments?post=2282"}],"wp:featuredmedia":[{"embeddable":true,"href":"https:\/\/www.mg-modelleisenbahnbau.de\/startseite-2\/wp-json\/wp\/v2\/media\/2283"}],"wp:attachment":[{"href":"https:\/\/www.mg-modelleisenbahnbau.de\/startseite-2\/wp-json\/wp\/v2\/media?parent=2282"}],"wp:term":[{"taxonomy":"product_brand","embeddable":true,"href":"https:\/\/www.mg-modelleisenbahnbau.de\/startseite-2\/wp-json\/wp\/v2\/product_brand?post=2282"},{"taxonomy":"product_cat","embeddable":true,"href":"https:\/\/www.mg-modelleisenbahnbau.de\/startseite-2\/wp-json\/wp\/v2\/product_cat?post=2282"},{"taxonomy":"product_tag","embeddable":true,"href":"https:\/\/www.mg-modelleisenbahnbau.de\/startseite-2\/wp-json\/wp\/v2\/product_tag?post=2282"}],"curies":[{"name":"wp","href":"https:\/\/api.w.org\/{rel}","templated":true}]}}