{"id":2266,"date":"2019-03-24T21:07:35","date_gmt":"2019-03-24T20:07:35","guid":{"rendered":"http:\/\/www.mg-modelleisenbahnbau.de\/?post_type=product&#038;p=2266"},"modified":"2025-06-30T22:34:37","modified_gmt":"2025-06-30T20:34:37","slug":"45530-h0-dieseltank","status":"publish","type":"product","link":"https:\/\/www.mg-modelleisenbahnbau.de\/startseite-2\/produkt\/45530-h0-dieseltank\/","title":{"rendered":"45530 H0 Dieseltank"},"content":{"rendered":"<div class=\"content--description\">\n<div class=\"content--title\">Produktinformationen &#8222;H0 Dieseltank&#8220;<\/div>\n<div class=\"product--description\">Der Dieseltank bildet z. B. mit dem Kalkwerk Art. 45725 eine interessante Kombination auf der Modellanlage. Zum Brennen des Kalkgesteins ist Energie notwendig. Der Dieseltank dient zur Lagerung der Brennstoffe. Dazu passen au\u00dferdem die Abf\u00fcllstation Art. 45527 und die Bekohlungsanlage Art. 45719. Ma\u00dfe: L 18,5 x B 14 x H 9 cm.<\/div>\n<\/div>\n","protected":false},"excerpt":{"rendered":"<p>Produktinformationen &#8222;H0 Dieseltank&#8220; Der Dieseltank bildet z. B. mit dem Kalkwerk Art. 45725 eine interessante Kombination auf der Modellanlage. Zum Brennen des Kalkgesteins ist Energie notwendig. Der Dieseltank dient zur Lagerung der Brennstoffe. Dazu passen au\u00dferdem die Abf\u00fcllstation Art. 45527 und die Bekohlungsanlage Art. 45719. Ma\u00dfe: L 18,5 x B 14 x H 9 cm.<\/p>\n","protected":false},"featured_media":2267,"comment_status":"open","ping_status":"closed","template":"","meta":[],"product_brand":[],"product_cat":[170,38,41,160],"product_tag":[292,291],"class_list":{"0":"post-2266","1":"product","2":"type-product","3":"status-publish","4":"has-post-thumbnail","6":"product_cat-industrie-fabrikanlagen-ho","7":"product_cat-unkategorisiert","8":"product_cat-vollmer","9":"product_cat-vollmer-ho","10":"product_tag-kein-spielzeug-nicht-geeignet-fuer-kinder-unter-14-jahren","11":"product_tag-warn-und-sicherheitshinweise-modellbauartikel","13":"first","14":"instock","15":"taxable","16":"shipping-taxable","17":"purchasable","18":"product-type-simple"},"jetpack_sharing_enabled":true,"_links":{"self":[{"href":"https:\/\/www.mg-modelleisenbahnbau.de\/startseite-2\/wp-json\/wp\/v2\/product\/2266","targetHints":{"allow":["GET"]}}],"collection":[{"href":"https:\/\/www.mg-modelleisenbahnbau.de\/startseite-2\/wp-json\/wp\/v2\/product"}],"about":[{"href":"https:\/\/www.mg-modelleisenbahnbau.de\/startseite-2\/wp-json\/wp\/v2\/types\/product"}],"replies":[{"embeddable":true,"href":"https:\/\/www.mg-modelleisenbahnbau.de\/startseite-2\/wp-json\/wp\/v2\/comments?post=2266"}],"wp:featuredmedia":[{"embeddable":true,"href":"https:\/\/www.mg-modelleisenbahnbau.de\/startseite-2\/wp-json\/wp\/v2\/media\/2267"}],"wp:attachment":[{"href":"https:\/\/www.mg-modelleisenbahnbau.de\/startseite-2\/wp-json\/wp\/v2\/media?parent=2266"}],"wp:term":[{"taxonomy":"product_brand","embeddable":true,"href":"https:\/\/www.mg-modelleisenbahnbau.de\/startseite-2\/wp-json\/wp\/v2\/product_brand?post=2266"},{"taxonomy":"product_cat","embeddable":true,"href":"https:\/\/www.mg-modelleisenbahnbau.de\/startseite-2\/wp-json\/wp\/v2\/product_cat?post=2266"},{"taxonomy":"product_tag","embeddable":true,"href":"https:\/\/www.mg-modelleisenbahnbau.de\/startseite-2\/wp-json\/wp\/v2\/product_tag?post=2266"}],"curies":[{"name":"wp","href":"https:\/\/api.w.org\/{rel}","templated":true}]}}