{"id":2259,"date":"2019-03-24T21:00:58","date_gmt":"2019-03-24T20:00:58","guid":{"rendered":"http:\/\/www.mg-modelleisenbahnbau.de\/?post_type=product&#038;p=2259"},"modified":"2025-06-30T22:34:35","modified_gmt":"2025-06-30T20:34:35","slug":"45525-h0-hydrierwerk","status":"publish","type":"product","link":"https:\/\/www.mg-modelleisenbahnbau.de\/startseite-2\/produkt\/45525-h0-hydrierwerk\/","title":{"rendered":"45525 H0 Hydrierwerk"},"content":{"rendered":"<div class=\"content--description\">\n<div class=\"content--title\">Produktinformationen &#8222;H0 Hydrierwerk&#8220;<\/div>\n<div class=\"product--description\">Ein Hydrierwerk ist eine Chemieanlage zur Kohleverfl\u00fcssigung. Dabei wird aus Kohle fl\u00fcssiger Kraftstoff erzeugt. Hydrierwerke wurden im Zweiten Weltkrieg in Deutschland betrieben, um die fehlenden \u00d6lquellen zu ersetzen. Sie waren damit wesentlicher Bestandteil der Kriegswirtschaft (Quelle: Wikipedia). Ma\u00dfe: L 15,5 x B 10,3 x H 22,7 cm.<\/div>\n<\/div>\n","protected":false},"excerpt":{"rendered":"<p>Produktinformationen &#8222;H0 Hydrierwerk&#8220; Ein Hydrierwerk ist eine Chemieanlage zur Kohleverfl\u00fcssigung. Dabei wird aus Kohle fl\u00fcssiger Kraftstoff erzeugt. Hydrierwerke wurden im Zweiten Weltkrieg in Deutschland betrieben, um die fehlenden \u00d6lquellen zu ersetzen. Sie waren damit wesentlicher Bestandteil der Kriegswirtschaft (Quelle: Wikipedia). Ma\u00dfe: L 15,5 x B 10,3 x H 22,7 cm.<\/p>\n","protected":false},"featured_media":2261,"comment_status":"open","ping_status":"closed","template":"","meta":[],"product_brand":[],"product_cat":[170,38,41,160],"product_tag":[292,291],"class_list":{"0":"post-2259","1":"product","2":"type-product","3":"status-publish","4":"has-post-thumbnail","6":"product_cat-industrie-fabrikanlagen-ho","7":"product_cat-unkategorisiert","8":"product_cat-vollmer","9":"product_cat-vollmer-ho","10":"product_tag-kein-spielzeug-nicht-geeignet-fuer-kinder-unter-14-jahren","11":"product_tag-warn-und-sicherheitshinweise-modellbauartikel","13":"first","14":"instock","15":"taxable","16":"shipping-taxable","17":"purchasable","18":"product-type-simple"},"jetpack_sharing_enabled":true,"_links":{"self":[{"href":"https:\/\/www.mg-modelleisenbahnbau.de\/startseite-2\/wp-json\/wp\/v2\/product\/2259","targetHints":{"allow":["GET"]}}],"collection":[{"href":"https:\/\/www.mg-modelleisenbahnbau.de\/startseite-2\/wp-json\/wp\/v2\/product"}],"about":[{"href":"https:\/\/www.mg-modelleisenbahnbau.de\/startseite-2\/wp-json\/wp\/v2\/types\/product"}],"replies":[{"embeddable":true,"href":"https:\/\/www.mg-modelleisenbahnbau.de\/startseite-2\/wp-json\/wp\/v2\/comments?post=2259"}],"wp:featuredmedia":[{"embeddable":true,"href":"https:\/\/www.mg-modelleisenbahnbau.de\/startseite-2\/wp-json\/wp\/v2\/media\/2261"}],"wp:attachment":[{"href":"https:\/\/www.mg-modelleisenbahnbau.de\/startseite-2\/wp-json\/wp\/v2\/media?parent=2259"}],"wp:term":[{"taxonomy":"product_brand","embeddable":true,"href":"https:\/\/www.mg-modelleisenbahnbau.de\/startseite-2\/wp-json\/wp\/v2\/product_brand?post=2259"},{"taxonomy":"product_cat","embeddable":true,"href":"https:\/\/www.mg-modelleisenbahnbau.de\/startseite-2\/wp-json\/wp\/v2\/product_cat?post=2259"},{"taxonomy":"product_tag","embeddable":true,"href":"https:\/\/www.mg-modelleisenbahnbau.de\/startseite-2\/wp-json\/wp\/v2\/product_tag?post=2259"}],"curies":[{"name":"wp","href":"https:\/\/api.w.org\/{rel}","templated":true}]}}