{"id":2233,"date":"2019-03-24T17:42:19","date_gmt":"2019-03-24T16:42:19","guid":{"rendered":"http:\/\/www.mg-modelleisenbahnbau.de\/?post_type=product&#038;p=2233"},"modified":"2025-07-01T07:41:49","modified_gmt":"2025-07-01T05:41:49","slug":"45700-h0-gueterschuppen","status":"publish","type":"product","link":"https:\/\/www.mg-modelleisenbahnbau.de\/startseite-2\/produkt\/45700-h0-gueterschuppen\/","title":{"rendered":"45700 H0 G\u00fcterschuppen"},"content":{"rendered":"<div class=\"content--description\">\n<div class=\"content--title\">Produktinformationen &#8222;H0 G\u00fcterschuppen&#8220;<\/div>\n<div class=\"product--description\">Bei diesem Schuppen ist der Gleisanschluss \u00fcberdacht. So k\u00f6nnen die G\u00fcter im Trockenen ein- und ausgeladen werden. Die Holz-Backsteinstruktur gibt dem Geb\u00e4ude ein interessantes \u00c4u\u00dferes. Durch Glasbausteine f\u00e4llt Licht in den Innenraum. Durchfahrtsh\u00f6he: 7 cm. Durchfahrtsbreite: 5 cm. Ma\u00dfe: L 26 x B 16 x H 11 cm.<\/div>\n<\/div>\n","protected":false},"excerpt":{"rendered":"<p>Produktinformationen &#8222;H0 G\u00fcterschuppen&#8220; Bei diesem Schuppen ist der Gleisanschluss \u00fcberdacht. So k\u00f6nnen die G\u00fcter im Trockenen ein- und ausgeladen werden. Die Holz-Backsteinstruktur gibt dem Geb\u00e4ude ein interessantes \u00c4u\u00dferes. Durch Glasbausteine f\u00e4llt Licht in den Innenraum. Durchfahrtsh\u00f6he: 7 cm. Durchfahrtsbreite: 5 cm. Ma\u00dfe: L 26 x B 16 x H 11 cm.<\/p>\n","protected":false},"featured_media":2236,"comment_status":"open","ping_status":"closed","template":"","meta":[],"product_brand":[],"product_cat":[169,38,41,160],"product_tag":[292,291],"class_list":{"0":"post-2233","1":"product","2":"type-product","3":"status-publish","4":"has-post-thumbnail","6":"product_cat-gueterschuppen-ho","7":"product_cat-unkategorisiert","8":"product_cat-vollmer","9":"product_cat-vollmer-ho","10":"product_tag-kein-spielzeug-nicht-geeignet-fuer-kinder-unter-14-jahren","11":"product_tag-warn-und-sicherheitshinweise-modellbauartikel","13":"first","14":"instock","15":"taxable","16":"shipping-taxable","17":"purchasable","18":"product-type-simple"},"jetpack_sharing_enabled":true,"_links":{"self":[{"href":"https:\/\/www.mg-modelleisenbahnbau.de\/startseite-2\/wp-json\/wp\/v2\/product\/2233","targetHints":{"allow":["GET"]}}],"collection":[{"href":"https:\/\/www.mg-modelleisenbahnbau.de\/startseite-2\/wp-json\/wp\/v2\/product"}],"about":[{"href":"https:\/\/www.mg-modelleisenbahnbau.de\/startseite-2\/wp-json\/wp\/v2\/types\/product"}],"replies":[{"embeddable":true,"href":"https:\/\/www.mg-modelleisenbahnbau.de\/startseite-2\/wp-json\/wp\/v2\/comments?post=2233"}],"wp:featuredmedia":[{"embeddable":true,"href":"https:\/\/www.mg-modelleisenbahnbau.de\/startseite-2\/wp-json\/wp\/v2\/media\/2236"}],"wp:attachment":[{"href":"https:\/\/www.mg-modelleisenbahnbau.de\/startseite-2\/wp-json\/wp\/v2\/media?parent=2233"}],"wp:term":[{"taxonomy":"product_brand","embeddable":true,"href":"https:\/\/www.mg-modelleisenbahnbau.de\/startseite-2\/wp-json\/wp\/v2\/product_brand?post=2233"},{"taxonomy":"product_cat","embeddable":true,"href":"https:\/\/www.mg-modelleisenbahnbau.de\/startseite-2\/wp-json\/wp\/v2\/product_cat?post=2233"},{"taxonomy":"product_tag","embeddable":true,"href":"https:\/\/www.mg-modelleisenbahnbau.de\/startseite-2\/wp-json\/wp\/v2\/product_tag?post=2233"}],"curies":[{"name":"wp","href":"https:\/\/api.w.org\/{rel}","templated":true}]}}