{"id":2229,"date":"2019-03-24T17:29:20","date_gmt":"2019-03-24T16:29:20","guid":{"rendered":"http:\/\/www.mg-modelleisenbahnbau.de\/?post_type=product&#038;p=2229"},"modified":"2025-07-01T07:57:00","modified_gmt":"2025-07-01T05:57:00","slug":"45715-h0-gueterschuppen","status":"publish","type":"product","link":"https:\/\/www.mg-modelleisenbahnbau.de\/startseite-2\/produkt\/45715-h0-gueterschuppen\/","title":{"rendered":"45715 H0 G\u00fcterschuppen"},"content":{"rendered":"<div class=\"content--description\">\n<div class=\"content--title\">Produktinformationen &#8222;H0 G\u00fcterschuppen&#8220;<\/div>\n<div class=\"product--description\">Der G\u00fcterverkehr der Eisenbahn beginnt und endet oft an einem G\u00fcterschuppen. Dort wird das St\u00fcckgut ein- und ausgeladen und an die Empf\u00e4nger verteilt. Der Kunde kann einzelne Kisten, F\u00e4sser oder Paletten am G\u00fcterschuppen aufgeben. Die eingegangenen Waren werden nach Zielbahnh\u00f6fen sortiert in die G\u00fcterwagen geladen. G\u00fcterschuppen, Laderampen und Gep\u00e4ckbahnsteige geben einer Bahnhofsanlage erst das richtige Gesicht und sollten auf keiner Modellbahnanlage fehlen. Ma\u00dfe: L 38 x B 13 x H 13,5 cm.<\/div>\n<\/div>\n","protected":false},"excerpt":{"rendered":"<p>Produktinformationen &#8222;H0 G\u00fcterschuppen&#8220; Der G\u00fcterverkehr der Eisenbahn beginnt und endet oft an einem G\u00fcterschuppen. Dort wird das St\u00fcckgut ein- und ausgeladen und an die Empf\u00e4nger verteilt. Der Kunde kann einzelne Kisten, F\u00e4sser oder Paletten am G\u00fcterschuppen aufgeben. Die eingegangenen Waren werden nach Zielbahnh\u00f6fen sortiert in die G\u00fcterwagen geladen. G\u00fcterschuppen, Laderampen und Gep\u00e4ckbahnsteige geben einer Bahnhofsanlage&#8230;<\/p>\n","protected":false},"featured_media":2238,"comment_status":"open","ping_status":"closed","template":"","meta":[],"product_brand":[],"product_cat":[169,38,41,160],"product_tag":[292,291],"class_list":{"0":"post-2229","1":"product","2":"type-product","3":"status-publish","4":"has-post-thumbnail","6":"product_cat-gueterschuppen-ho","7":"product_cat-unkategorisiert","8":"product_cat-vollmer","9":"product_cat-vollmer-ho","10":"product_tag-kein-spielzeug-nicht-geeignet-fuer-kinder-unter-14-jahren","11":"product_tag-warn-und-sicherheitshinweise-modellbauartikel","13":"first","14":"instock","15":"taxable","16":"shipping-taxable","17":"purchasable","18":"product-type-simple"},"jetpack_sharing_enabled":true,"_links":{"self":[{"href":"https:\/\/www.mg-modelleisenbahnbau.de\/startseite-2\/wp-json\/wp\/v2\/product\/2229","targetHints":{"allow":["GET"]}}],"collection":[{"href":"https:\/\/www.mg-modelleisenbahnbau.de\/startseite-2\/wp-json\/wp\/v2\/product"}],"about":[{"href":"https:\/\/www.mg-modelleisenbahnbau.de\/startseite-2\/wp-json\/wp\/v2\/types\/product"}],"replies":[{"embeddable":true,"href":"https:\/\/www.mg-modelleisenbahnbau.de\/startseite-2\/wp-json\/wp\/v2\/comments?post=2229"}],"wp:featuredmedia":[{"embeddable":true,"href":"https:\/\/www.mg-modelleisenbahnbau.de\/startseite-2\/wp-json\/wp\/v2\/media\/2238"}],"wp:attachment":[{"href":"https:\/\/www.mg-modelleisenbahnbau.de\/startseite-2\/wp-json\/wp\/v2\/media?parent=2229"}],"wp:term":[{"taxonomy":"product_brand","embeddable":true,"href":"https:\/\/www.mg-modelleisenbahnbau.de\/startseite-2\/wp-json\/wp\/v2\/product_brand?post=2229"},{"taxonomy":"product_cat","embeddable":true,"href":"https:\/\/www.mg-modelleisenbahnbau.de\/startseite-2\/wp-json\/wp\/v2\/product_cat?post=2229"},{"taxonomy":"product_tag","embeddable":true,"href":"https:\/\/www.mg-modelleisenbahnbau.de\/startseite-2\/wp-json\/wp\/v2\/product_tag?post=2229"}],"curies":[{"name":"wp","href":"https:\/\/api.w.org\/{rel}","templated":true}]}}