{"id":2209,"date":"2019-03-24T16:23:49","date_gmt":"2019-03-24T15:23:49","guid":{"rendered":"http:\/\/www.mg-modelleisenbahnbau.de\/?post_type=product&#038;p=2209"},"modified":"2025-07-01T08:09:12","modified_gmt":"2025-07-01T06:09:12","slug":"45752-h0-lokschuppen-mit-tuerschliessvorrichtung-zweistaendig","status":"publish","type":"product","link":"https:\/\/www.mg-modelleisenbahnbau.de\/startseite-2\/produkt\/45752-h0-lokschuppen-mit-tuerschliessvorrichtung-zweistaendig\/","title":{"rendered":"45752 H0 Lokschuppen mit T\u00fcrschlie\u00dfvorrichtung, zweist\u00e4ndig"},"content":{"rendered":"<div class=\"content--description\">\n<div class=\"content--title\">Produktinformationen &#8222;H0 Lokschuppen mit T\u00fcrschlie\u00dfvorrichtung, zweist\u00e4ndig&#8220;<\/div>\n<div class=\"product--description\">Die T\u00fcren werden von ein- und ausfahrenden Loks geschlossen und ge\u00f6ffnet. Soll die Oberleitung bis in den Lokschuppen hinein verlegt werden, so ist es zweckm\u00e4\u00dfig, einen zweiten Fundamentrahmen Art. 45253 einzusetzen, um die erforderliche Fahrdrahth\u00f6he zu erreichen. Der Abstand von Gleismitte zu Gleismitte betr\u00e4gt 75 mm. Ma\u00dfe: L 32 x B 20,5 x H 11 cm.<\/div>\n<\/div>\n<div><\/div>\n<div><span class=\"delivery--text delivery--text-not-available\" style=\"color: #ff0000;\"><strong><br \/>\n<\/strong> <\/span><\/div>\n","protected":false},"excerpt":{"rendered":"<p>Produktinformationen &#8222;H0 Lokschuppen mit T\u00fcrschlie\u00dfvorrichtung, zweist\u00e4ndig&#8220; Die T\u00fcren werden von ein- und ausfahrenden Loks geschlossen und ge\u00f6ffnet. Soll die Oberleitung bis in den Lokschuppen hinein verlegt werden, so ist es zweckm\u00e4\u00dfig, einen zweiten Fundamentrahmen Art. 45253 einzusetzen, um die erforderliche Fahrdrahth\u00f6he zu erreichen. Der Abstand von Gleismitte zu Gleismitte betr\u00e4gt 75 mm. Ma\u00dfe: L 32&#8230;<\/p>\n","protected":false},"featured_media":2210,"comment_status":"open","ping_status":"closed","template":"","meta":[],"product_brand":[],"product_cat":[168,38,41,160],"product_tag":[292,291],"class_list":{"0":"post-2209","1":"product","2":"type-product","3":"status-publish","4":"has-post-thumbnail","6":"product_cat-bahnbestriebswerke-ho","7":"product_cat-unkategorisiert","8":"product_cat-vollmer","9":"product_cat-vollmer-ho","10":"product_tag-kein-spielzeug-nicht-geeignet-fuer-kinder-unter-14-jahren","11":"product_tag-warn-und-sicherheitshinweise-modellbauartikel","13":"first","14":"instock","15":"taxable","16":"shipping-taxable","17":"purchasable","18":"product-type-simple"},"jetpack_sharing_enabled":true,"_links":{"self":[{"href":"https:\/\/www.mg-modelleisenbahnbau.de\/startseite-2\/wp-json\/wp\/v2\/product\/2209","targetHints":{"allow":["GET"]}}],"collection":[{"href":"https:\/\/www.mg-modelleisenbahnbau.de\/startseite-2\/wp-json\/wp\/v2\/product"}],"about":[{"href":"https:\/\/www.mg-modelleisenbahnbau.de\/startseite-2\/wp-json\/wp\/v2\/types\/product"}],"replies":[{"embeddable":true,"href":"https:\/\/www.mg-modelleisenbahnbau.de\/startseite-2\/wp-json\/wp\/v2\/comments?post=2209"}],"wp:featuredmedia":[{"embeddable":true,"href":"https:\/\/www.mg-modelleisenbahnbau.de\/startseite-2\/wp-json\/wp\/v2\/media\/2210"}],"wp:attachment":[{"href":"https:\/\/www.mg-modelleisenbahnbau.de\/startseite-2\/wp-json\/wp\/v2\/media?parent=2209"}],"wp:term":[{"taxonomy":"product_brand","embeddable":true,"href":"https:\/\/www.mg-modelleisenbahnbau.de\/startseite-2\/wp-json\/wp\/v2\/product_brand?post=2209"},{"taxonomy":"product_cat","embeddable":true,"href":"https:\/\/www.mg-modelleisenbahnbau.de\/startseite-2\/wp-json\/wp\/v2\/product_cat?post=2209"},{"taxonomy":"product_tag","embeddable":true,"href":"https:\/\/www.mg-modelleisenbahnbau.de\/startseite-2\/wp-json\/wp\/v2\/product_tag?post=2209"}],"curies":[{"name":"wp","href":"https:\/\/api.w.org\/{rel}","templated":true}]}}