{"id":2205,"date":"2019-03-24T16:15:45","date_gmt":"2019-03-24T15:15:45","guid":{"rendered":"http:\/\/www.mg-modelleisenbahnbau.de\/?post_type=product&#038;p=2205"},"modified":"2025-06-30T22:23:22","modified_gmt":"2025-06-30T20:23:22","slug":"45255-h0-dachtraeger-fuer-ringlokschuppen-45754","status":"publish","type":"product","link":"https:\/\/www.mg-modelleisenbahnbau.de\/startseite-2\/produkt\/45255-h0-dachtraeger-fuer-ringlokschuppen-45754\/","title":{"rendered":"45255 H0 Dachtr\u00e4ger f\u00fcr Ringlokschuppen 45754"},"content":{"rendered":"<div class=\"content--description\">\n<div class=\"content--title\">Produktinformationen &#8222;H0 Dachtr\u00e4ger f\u00fcr Ringlokschuppen 45754&#8220;<\/div>\n<div class=\"product--description\">Passend zum Ringlokschuppen Art. 45754. Setzen Sie diesen als sechsst\u00e4ndigen Ringlokschuppen in Verbindung mit den Drehscheiben von Fleischmann Art. 6152 oder M\u00e4rklin Art. 7286\/7686 ein und m\u00f6chten Sie eine geschlossene Halle ohne Zwischenwand, so ben\u00f6tigen Sie diesen Dachtr\u00e4ger. Ma\u00dfe: L 30 x B 0,2 x H 11,4 cm.<\/div>\n<\/div>\n","protected":false},"excerpt":{"rendered":"<p>Produktinformationen &#8222;H0 Dachtr\u00e4ger f\u00fcr Ringlokschuppen 45754&#8220; Passend zum Ringlokschuppen Art. 45754. Setzen Sie diesen als sechsst\u00e4ndigen Ringlokschuppen in Verbindung mit den Drehscheiben von Fleischmann Art. 6152 oder M\u00e4rklin Art. 7286\/7686 ein und m\u00f6chten Sie eine geschlossene Halle ohne Zwischenwand, so ben\u00f6tigen Sie diesen Dachtr\u00e4ger. Ma\u00dfe: L 30 x B 0,2 x H 11,4 cm.<\/p>\n","protected":false},"featured_media":2206,"comment_status":"open","ping_status":"closed","template":"","meta":[],"product_brand":[],"product_cat":[168,38,41,160],"product_tag":[292,291],"class_list":{"0":"post-2205","1":"product","2":"type-product","3":"status-publish","4":"has-post-thumbnail","6":"product_cat-bahnbestriebswerke-ho","7":"product_cat-unkategorisiert","8":"product_cat-vollmer","9":"product_cat-vollmer-ho","10":"product_tag-kein-spielzeug-nicht-geeignet-fuer-kinder-unter-14-jahren","11":"product_tag-warn-und-sicherheitshinweise-modellbauartikel","13":"first","14":"instock","15":"taxable","16":"shipping-taxable","17":"purchasable","18":"product-type-simple"},"jetpack_sharing_enabled":true,"_links":{"self":[{"href":"https:\/\/www.mg-modelleisenbahnbau.de\/startseite-2\/wp-json\/wp\/v2\/product\/2205","targetHints":{"allow":["GET"]}}],"collection":[{"href":"https:\/\/www.mg-modelleisenbahnbau.de\/startseite-2\/wp-json\/wp\/v2\/product"}],"about":[{"href":"https:\/\/www.mg-modelleisenbahnbau.de\/startseite-2\/wp-json\/wp\/v2\/types\/product"}],"replies":[{"embeddable":true,"href":"https:\/\/www.mg-modelleisenbahnbau.de\/startseite-2\/wp-json\/wp\/v2\/comments?post=2205"}],"wp:featuredmedia":[{"embeddable":true,"href":"https:\/\/www.mg-modelleisenbahnbau.de\/startseite-2\/wp-json\/wp\/v2\/media\/2206"}],"wp:attachment":[{"href":"https:\/\/www.mg-modelleisenbahnbau.de\/startseite-2\/wp-json\/wp\/v2\/media?parent=2205"}],"wp:term":[{"taxonomy":"product_brand","embeddable":true,"href":"https:\/\/www.mg-modelleisenbahnbau.de\/startseite-2\/wp-json\/wp\/v2\/product_brand?post=2205"},{"taxonomy":"product_cat","embeddable":true,"href":"https:\/\/www.mg-modelleisenbahnbau.de\/startseite-2\/wp-json\/wp\/v2\/product_cat?post=2205"},{"taxonomy":"product_tag","embeddable":true,"href":"https:\/\/www.mg-modelleisenbahnbau.de\/startseite-2\/wp-json\/wp\/v2\/product_tag?post=2205"}],"curies":[{"name":"wp","href":"https:\/\/api.w.org\/{rel}","templated":true}]}}