{"id":2187,"date":"2019-03-24T13:36:45","date_gmt":"2019-03-24T12:36:45","guid":{"rendered":"http:\/\/www.mg-modelleisenbahnbau.de\/?post_type=product&#038;p=2187"},"modified":"2025-07-01T08:09:14","modified_gmt":"2025-07-01T06:09:14","slug":"45758-h0-ringlokschuppen-mit-tuerschliessvorrichtung-sechsstaendig","status":"publish","type":"product","link":"https:\/\/www.mg-modelleisenbahnbau.de\/startseite-2\/produkt\/45758-h0-ringlokschuppen-mit-tuerschliessvorrichtung-sechsstaendig\/","title":{"rendered":"45758 H0 Ringlokschuppen mit T\u00fcrschlie\u00dfvorrichtung, sechsst\u00e4ndig"},"content":{"rendered":"<div class=\"content--description\">\n<div class=\"content--title\">Produktinformationen &#8222;H0 Ringlokschuppen mit T\u00fcrschlie\u00dfvorrichtung, sechsst\u00e4ndig&#8220;<\/div>\n<div class=\"product--description\">Bauen Sie auf Ihrer Modellanlage etwas, das heute im Gro\u00dfbetrieb nicht mehr zu finden ist. Vollmer zeigt Ihnen hier vorbildgetreue Dampflokatmosph\u00e4re aus der guten alten Zeit. Wir liefern die Idee &#8211; Sie bauen das Modell! Der Mittelpunkt jeder Eisenbahnanlage ist zweifellos ein Dampflok-Bw mit Drehscheibe, Ringlokschuppen und allem Drumherum. Es riecht hier f\u00f6rmlich nach \u00d6l. Dieser Ringlokschuppen ist eine Nachbildung vom Bw Horb\/N. Er ist mit zahlreichen charakteristischen Details ausgestattet. Mit der beiliegenden Farbtablette k\u00f6nnen Sie den Lokschuppen vorbildgerecht altern. Die T\u00fcren werden von ein- und ausfahrenden Loks geschlossen und ge\u00f6ffnet. Er ist f\u00fcr alle Modellbahnen in Spur H0 verwendbar. Im Ringlokschuppen k\u00f6nnen Lokomotiven bis 280 mm L\u00e4nge untergebracht werden. Die Drehscheiben von Fleischmann Art. 6152 und M\u00e4rklin Art. 7286\/7686 f\u00fcr 15\u00b0-Teilung k\u00f6nnen mit diesem Ringlokschuppen verwendet werden. Dazu ist zwischen den Abstellgleisen eine Abdeckplatte zu belassen. Ohne Drehscheibe k\u00f6nnen Sie folgende Gleise einsetzen: 15\u00b0-Fleischmann Art. 6052\/6154, 9\u00b0-Roco Art. 42615 (9\u00b0+6\u00b0=15\u00b0). Winkel der Lokst\u00e4nde: 15\u00b0. Radius: 582,3 mm. Ma\u00dfe: L 86 x B 42 x H 13 cm, Kamin H 30 cm.<\/div>\n<\/div>\n<div><\/div>\n<div><span class=\"delivery--text delivery--text-not-available\" style=\"color: #ff0000;\"><strong><br \/>\n<\/strong> <\/span><\/div>\n","protected":false},"excerpt":{"rendered":"<p>Produktinformationen &#8222;H0 Ringlokschuppen mit T\u00fcrschlie\u00dfvorrichtung, sechsst\u00e4ndig&#8220; Bauen Sie auf Ihrer Modellanlage etwas, das heute im Gro\u00dfbetrieb nicht mehr zu finden ist. Vollmer zeigt Ihnen hier vorbildgetreue Dampflokatmosph\u00e4re aus der guten alten Zeit. Wir liefern die Idee &#8211; Sie bauen das Modell! Der Mittelpunkt jeder Eisenbahnanlage ist zweifellos ein Dampflok-Bw mit Drehscheibe, Ringlokschuppen und allem Drumherum&#8230;.<\/p>\n","protected":false},"featured_media":2188,"comment_status":"open","ping_status":"closed","template":"","meta":[],"product_brand":[],"product_cat":[168,38,41,160],"product_tag":[292,291],"class_list":{"0":"post-2187","1":"product","2":"type-product","3":"status-publish","4":"has-post-thumbnail","6":"product_cat-bahnbestriebswerke-ho","7":"product_cat-unkategorisiert","8":"product_cat-vollmer","9":"product_cat-vollmer-ho","10":"product_tag-kein-spielzeug-nicht-geeignet-fuer-kinder-unter-14-jahren","11":"product_tag-warn-und-sicherheitshinweise-modellbauartikel","13":"first","14":"instock","15":"taxable","16":"shipping-taxable","17":"purchasable","18":"product-type-simple"},"jetpack_sharing_enabled":true,"_links":{"self":[{"href":"https:\/\/www.mg-modelleisenbahnbau.de\/startseite-2\/wp-json\/wp\/v2\/product\/2187","targetHints":{"allow":["GET"]}}],"collection":[{"href":"https:\/\/www.mg-modelleisenbahnbau.de\/startseite-2\/wp-json\/wp\/v2\/product"}],"about":[{"href":"https:\/\/www.mg-modelleisenbahnbau.de\/startseite-2\/wp-json\/wp\/v2\/types\/product"}],"replies":[{"embeddable":true,"href":"https:\/\/www.mg-modelleisenbahnbau.de\/startseite-2\/wp-json\/wp\/v2\/comments?post=2187"}],"wp:featuredmedia":[{"embeddable":true,"href":"https:\/\/www.mg-modelleisenbahnbau.de\/startseite-2\/wp-json\/wp\/v2\/media\/2188"}],"wp:attachment":[{"href":"https:\/\/www.mg-modelleisenbahnbau.de\/startseite-2\/wp-json\/wp\/v2\/media?parent=2187"}],"wp:term":[{"taxonomy":"product_brand","embeddable":true,"href":"https:\/\/www.mg-modelleisenbahnbau.de\/startseite-2\/wp-json\/wp\/v2\/product_brand?post=2187"},{"taxonomy":"product_cat","embeddable":true,"href":"https:\/\/www.mg-modelleisenbahnbau.de\/startseite-2\/wp-json\/wp\/v2\/product_cat?post=2187"},{"taxonomy":"product_tag","embeddable":true,"href":"https:\/\/www.mg-modelleisenbahnbau.de\/startseite-2\/wp-json\/wp\/v2\/product_tag?post=2187"}],"curies":[{"name":"wp","href":"https:\/\/api.w.org\/{rel}","templated":true}]}}