{"id":2167,"date":"2019-03-24T11:15:23","date_gmt":"2019-03-24T10:15:23","guid":{"rendered":"http:\/\/www.mg-modelleisenbahnbau.de\/?post_type=product&#038;p=2167"},"modified":"2025-07-01T07:57:05","modified_gmt":"2025-07-01T05:57:05","slug":"45726-h0-reiterstellwerk","status":"publish","type":"product","link":"https:\/\/www.mg-modelleisenbahnbau.de\/startseite-2\/produkt\/45726-h0-reiterstellwerk\/","title":{"rendered":"45726 H0 Reiterstellwerk"},"content":{"rendered":"<div class=\"content--description\">\n<div class=\"content--title\">Produktinformationen &#8222;H0 Reiterstellwerk&#8220;<\/div>\n<div class=\"product--description\">Das Reiterstellwerk besticht durch seine Form- und Farbgebung. Heller Sandstein, das Dach mit Ziegeln gedeckt, so erhebt es sich majest\u00e4tisch \u00fcber den Gleisen. Es \u00fcberspannt 2 Gleisstrassen und die Durchfahrtsh\u00f6he ist f\u00fcr alle Schienenfahrzeuge geeignet. Liebevoll gestaltet erg\u00e4nzt es ideal Ihren Bahnhofsbereich. Durchfahrtsh\u00f6he: 8,9 cm, Durchfahrtsbreite: 13 cm. Ma\u00dfe: L 23,5 x B 7 x H 18,5 cm.<\/div>\n<\/div>\n","protected":false},"excerpt":{"rendered":"<p>Produktinformationen &#8222;H0 Reiterstellwerk&#8220; Das Reiterstellwerk besticht durch seine Form- und Farbgebung. Heller Sandstein, das Dach mit Ziegeln gedeckt, so erhebt es sich majest\u00e4tisch \u00fcber den Gleisen. Es \u00fcberspannt 2 Gleisstrassen und die Durchfahrtsh\u00f6he ist f\u00fcr alle Schienenfahrzeuge geeignet. Liebevoll gestaltet erg\u00e4nzt es ideal Ihren Bahnhofsbereich. Durchfahrtsh\u00f6he: 8,9 cm, Durchfahrtsbreite: 13 cm. Ma\u00dfe: L 23,5 x&#8230;<\/p>\n","protected":false},"featured_media":2193,"comment_status":"open","ping_status":"closed","template":"","meta":[],"product_brand":[],"product_cat":[167,38,41,160],"product_tag":[292,291],"class_list":{"0":"post-2167","1":"product","2":"type-product","3":"status-publish","4":"has-post-thumbnail","6":"product_cat-stellwerke-ho","7":"product_cat-unkategorisiert","8":"product_cat-vollmer","9":"product_cat-vollmer-ho","10":"product_tag-kein-spielzeug-nicht-geeignet-fuer-kinder-unter-14-jahren","11":"product_tag-warn-und-sicherheitshinweise-modellbauartikel","13":"first","14":"instock","15":"taxable","16":"shipping-taxable","17":"purchasable","18":"product-type-simple"},"jetpack_sharing_enabled":true,"_links":{"self":[{"href":"https:\/\/www.mg-modelleisenbahnbau.de\/startseite-2\/wp-json\/wp\/v2\/product\/2167","targetHints":{"allow":["GET"]}}],"collection":[{"href":"https:\/\/www.mg-modelleisenbahnbau.de\/startseite-2\/wp-json\/wp\/v2\/product"}],"about":[{"href":"https:\/\/www.mg-modelleisenbahnbau.de\/startseite-2\/wp-json\/wp\/v2\/types\/product"}],"replies":[{"embeddable":true,"href":"https:\/\/www.mg-modelleisenbahnbau.de\/startseite-2\/wp-json\/wp\/v2\/comments?post=2167"}],"wp:featuredmedia":[{"embeddable":true,"href":"https:\/\/www.mg-modelleisenbahnbau.de\/startseite-2\/wp-json\/wp\/v2\/media\/2193"}],"wp:attachment":[{"href":"https:\/\/www.mg-modelleisenbahnbau.de\/startseite-2\/wp-json\/wp\/v2\/media?parent=2167"}],"wp:term":[{"taxonomy":"product_brand","embeddable":true,"href":"https:\/\/www.mg-modelleisenbahnbau.de\/startseite-2\/wp-json\/wp\/v2\/product_brand?post=2167"},{"taxonomy":"product_cat","embeddable":true,"href":"https:\/\/www.mg-modelleisenbahnbau.de\/startseite-2\/wp-json\/wp\/v2\/product_cat?post=2167"},{"taxonomy":"product_tag","embeddable":true,"href":"https:\/\/www.mg-modelleisenbahnbau.de\/startseite-2\/wp-json\/wp\/v2\/product_tag?post=2167"}],"curies":[{"name":"wp","href":"https:\/\/api.w.org\/{rel}","templated":true}]}}