{"id":2159,"date":"2019-03-24T10:48:17","date_gmt":"2019-03-24T09:48:17","guid":{"rendered":"http:\/\/www.mg-modelleisenbahnbau.de\/?post_type=product&#038;p=2159"},"modified":"2025-06-30T19:15:16","modified_gmt":"2025-06-30T17:15:16","slug":"43545-h0-bahnsteighalle-mit-led-beleuchtung-funktionsbausatz","status":"publish","type":"product","link":"https:\/\/www.mg-modelleisenbahnbau.de\/startseite-2\/produkt\/43545-h0-bahnsteighalle-mit-led-beleuchtung-funktionsbausatz\/","title":{"rendered":"43545 H0 Bahnsteighalle mit LED-Beleuchtung, Funktionsbausatz"},"content":{"rendered":"<div class=\"content--description\">\n<div class=\"content--title\">Produktinformationen &#8222;H0 Bahnsteighalle mit LED-Beleuchtung, Funktionsbausatz&#8220;<\/div>\n<div class=\"product--description\">6 warmwei\u00dfe LEDs unter dem Dach leuchten den Wartebereich gleichm\u00e4\u00dfig aus. Mit einem 2. Bausatz ist die Halle verl\u00e4ngerbar. Diese Bahnsteighalle ist f\u00fcr alle g\u00e4ngigen Gleissysteme geeignet. Durchfahrtsh\u00f6he: 8 cm, Durchfahrtsbreite: 4,5 cm. L 37,2 x B 14 x H 10,5 cm.<\/div>\n<\/div>\n","protected":false},"excerpt":{"rendered":"<p>Produktinformationen &#8222;H0 Bahnsteighalle mit LED-Beleuchtung, Funktionsbausatz&#8220; 6 warmwei\u00dfe LEDs unter dem Dach leuchten den Wartebereich gleichm\u00e4\u00dfig aus. Mit einem 2. Bausatz ist die Halle verl\u00e4ngerbar. Diese Bahnsteighalle ist f\u00fcr alle g\u00e4ngigen Gleissysteme geeignet. Durchfahrtsh\u00f6he: 8 cm, Durchfahrtsbreite: 4,5 cm. L 37,2 x B 14 x H 10,5 cm.<\/p>\n","protected":false},"featured_media":2160,"comment_status":"open","ping_status":"closed","template":"","meta":[],"product_brand":[],"product_cat":[166,38,41,160],"product_tag":[292,291],"class_list":{"0":"post-2159","1":"product","2":"type-product","3":"status-publish","4":"has-post-thumbnail","6":"product_cat-bahnsteige-vollmer-ho","7":"product_cat-unkategorisiert","8":"product_cat-vollmer","9":"product_cat-vollmer-ho","10":"product_tag-kein-spielzeug-nicht-geeignet-fuer-kinder-unter-14-jahren","11":"product_tag-warn-und-sicherheitshinweise-modellbauartikel","13":"first","14":"instock","15":"taxable","16":"shipping-taxable","17":"purchasable","18":"product-type-simple"},"jetpack_sharing_enabled":true,"_links":{"self":[{"href":"https:\/\/www.mg-modelleisenbahnbau.de\/startseite-2\/wp-json\/wp\/v2\/product\/2159","targetHints":{"allow":["GET"]}}],"collection":[{"href":"https:\/\/www.mg-modelleisenbahnbau.de\/startseite-2\/wp-json\/wp\/v2\/product"}],"about":[{"href":"https:\/\/www.mg-modelleisenbahnbau.de\/startseite-2\/wp-json\/wp\/v2\/types\/product"}],"replies":[{"embeddable":true,"href":"https:\/\/www.mg-modelleisenbahnbau.de\/startseite-2\/wp-json\/wp\/v2\/comments?post=2159"}],"wp:featuredmedia":[{"embeddable":true,"href":"https:\/\/www.mg-modelleisenbahnbau.de\/startseite-2\/wp-json\/wp\/v2\/media\/2160"}],"wp:attachment":[{"href":"https:\/\/www.mg-modelleisenbahnbau.de\/startseite-2\/wp-json\/wp\/v2\/media?parent=2159"}],"wp:term":[{"taxonomy":"product_brand","embeddable":true,"href":"https:\/\/www.mg-modelleisenbahnbau.de\/startseite-2\/wp-json\/wp\/v2\/product_brand?post=2159"},{"taxonomy":"product_cat","embeddable":true,"href":"https:\/\/www.mg-modelleisenbahnbau.de\/startseite-2\/wp-json\/wp\/v2\/product_cat?post=2159"},{"taxonomy":"product_tag","embeddable":true,"href":"https:\/\/www.mg-modelleisenbahnbau.de\/startseite-2\/wp-json\/wp\/v2\/product_tag?post=2159"}],"curies":[{"name":"wp","href":"https:\/\/api.w.org\/{rel}","templated":true}]}}