{"id":2141,"date":"2019-03-24T09:59:03","date_gmt":"2019-03-24T08:59:03","guid":{"rendered":"http:\/\/www.mg-modelleisenbahnbau.de\/?post_type=product&#038;p=2141"},"modified":"2025-06-30T19:15:11","modified_gmt":"2025-06-30T17:15:11","slug":"43532-h0-bahnsteig","status":"publish","type":"product","link":"https:\/\/www.mg-modelleisenbahnbau.de\/startseite-2\/produkt\/43532-h0-bahnsteig\/","title":{"rendered":"43532 H0 Bahnsteig"},"content":{"rendered":"<div class=\"content--description\">\n<div class=\"content--title\">Produktinformationen &#8222;H0 Bahnsteig&#8220;<\/div>\n<div class=\"product--description\">Dieser Bahnsteig kann mit folgenden Zusatzelementen beleuchtet werden: Art. 46555 Lichtstab. Ein Tipp: Kleben Sie die D\u00e4cher der Bahnsteige nicht fest, so sind diese auch nachtr\u00e4glich noch damit auszur\u00fcsten. Bahnsteigh\u00f6he: 1,2 cm. Ma\u00dfe: L 62 x B 5,2\/4,8 x H 7,2 cm.<\/div>\n<\/div>\n<div><\/div>\n<div><span class=\"delivery--text delivery--text-not-available\"><i class=\"delivery--status-icon delivery--status-not-available\"><\/i> <span style=\"color: #ff0000;\"><strong>Lieferzeit auf Anfrage<\/strong> <\/span><\/span><\/div>\n","protected":false},"excerpt":{"rendered":"<p>Produktinformationen &#8222;H0 Bahnsteig&#8220; Dieser Bahnsteig kann mit folgenden Zusatzelementen beleuchtet werden: Art. 46555 Lichtstab. Ein Tipp: Kleben Sie die D\u00e4cher der Bahnsteige nicht fest, so sind diese auch nachtr\u00e4glich noch damit auszur\u00fcsten. Bahnsteigh\u00f6he: 1,2 cm. Ma\u00dfe: L 62 x B 5,2\/4,8 x H 7,2 cm. Lieferzeit auf Anfrage<\/p>\n","protected":false},"featured_media":2204,"comment_status":"open","ping_status":"closed","template":"","meta":[],"product_brand":[],"product_cat":[166,38,41,160],"product_tag":[292,291],"class_list":{"0":"post-2141","1":"product","2":"type-product","3":"status-publish","4":"has-post-thumbnail","6":"product_cat-bahnsteige-vollmer-ho","7":"product_cat-unkategorisiert","8":"product_cat-vollmer","9":"product_cat-vollmer-ho","10":"product_tag-kein-spielzeug-nicht-geeignet-fuer-kinder-unter-14-jahren","11":"product_tag-warn-und-sicherheitshinweise-modellbauartikel","13":"first","14":"instock","15":"taxable","16":"shipping-taxable","17":"purchasable","18":"product-type-simple"},"jetpack_sharing_enabled":true,"_links":{"self":[{"href":"https:\/\/www.mg-modelleisenbahnbau.de\/startseite-2\/wp-json\/wp\/v2\/product\/2141","targetHints":{"allow":["GET"]}}],"collection":[{"href":"https:\/\/www.mg-modelleisenbahnbau.de\/startseite-2\/wp-json\/wp\/v2\/product"}],"about":[{"href":"https:\/\/www.mg-modelleisenbahnbau.de\/startseite-2\/wp-json\/wp\/v2\/types\/product"}],"replies":[{"embeddable":true,"href":"https:\/\/www.mg-modelleisenbahnbau.de\/startseite-2\/wp-json\/wp\/v2\/comments?post=2141"}],"wp:featuredmedia":[{"embeddable":true,"href":"https:\/\/www.mg-modelleisenbahnbau.de\/startseite-2\/wp-json\/wp\/v2\/media\/2204"}],"wp:attachment":[{"href":"https:\/\/www.mg-modelleisenbahnbau.de\/startseite-2\/wp-json\/wp\/v2\/media?parent=2141"}],"wp:term":[{"taxonomy":"product_brand","embeddable":true,"href":"https:\/\/www.mg-modelleisenbahnbau.de\/startseite-2\/wp-json\/wp\/v2\/product_brand?post=2141"},{"taxonomy":"product_cat","embeddable":true,"href":"https:\/\/www.mg-modelleisenbahnbau.de\/startseite-2\/wp-json\/wp\/v2\/product_cat?post=2141"},{"taxonomy":"product_tag","embeddable":true,"href":"https:\/\/www.mg-modelleisenbahnbau.de\/startseite-2\/wp-json\/wp\/v2\/product_tag?post=2141"}],"curies":[{"name":"wp","href":"https:\/\/api.w.org\/{rel}","templated":true}]}}