{"id":2132,"date":"2019-03-23T21:15:20","date_gmt":"2019-03-23T20:15:20","guid":{"rendered":"http:\/\/www.mg-modelleisenbahnbau.de\/?post_type=product&#038;p=2132"},"modified":"2025-06-30T22:34:43","modified_gmt":"2025-06-30T20:34:43","slug":"45611-h0-brauerei-zum-alten-stellwerk","status":"publish","type":"product","link":"https:\/\/www.mg-modelleisenbahnbau.de\/startseite-2\/produkt\/45611-h0-brauerei-zum-alten-stellwerk\/","title":{"rendered":"45611 H0 Brauerei zum alten Stellwerk"},"content":{"rendered":"<div class=\"content--description\">\n<div class=\"content--title\">Produktinformationen &#8222;H0 Brauerei zum alten Stellwerk&#8220;<\/div>\n<div class=\"product--description\">Nachdem die Eisenbahnstrecke stillgelegt worden war, stand auch das alte Stellwerk zum Verkauf. Ein r\u00fchriger Wirt hat es sofort gekauft und eine kleine Hausbrauerei eingerichtet. Die Wirtschaft ist nicht sehr gro\u00df, hat aber eine tolle Atmosph\u00e4re und das Bier schmeckt hervorragend. Bei schlechtem Wetter sitzt man oben, wo fr\u00fcher die Schaltzentrale war, bei gutem Wetter und warmen Temperaturen drau\u00dfen im Biergarten. Die Sudkessel sind durch die gro\u00dfen Fenster sichtbar. Zum Bausatz geh\u00f6ren das Hauptgeb\u00e4ude, der Biergarten mit Tischen und B\u00e4nken, ein Zaun, zwei Brauerei-Sonnenschirme und vieles mehr. Ma\u00dfe: L 15 x B 14 x H 13,6 cm.<\/div>\n<\/div>\n","protected":false},"excerpt":{"rendered":"<p>Produktinformationen &#8222;H0 Brauerei zum alten Stellwerk&#8220; Nachdem die Eisenbahnstrecke stillgelegt worden war, stand auch das alte Stellwerk zum Verkauf. Ein r\u00fchriger Wirt hat es sofort gekauft und eine kleine Hausbrauerei eingerichtet. Die Wirtschaft ist nicht sehr gro\u00df, hat aber eine tolle Atmosph\u00e4re und das Bier schmeckt hervorragend. Bei schlechtem Wetter sitzt man oben, wo fr\u00fcher&#8230;<\/p>\n","protected":false},"featured_media":2133,"comment_status":"open","ping_status":"closed","template":"","meta":[],"product_brand":[],"product_cat":[168,38,41,160],"product_tag":[292,291],"class_list":{"0":"post-2132","1":"product","2":"type-product","3":"status-publish","4":"has-post-thumbnail","6":"product_cat-bahnbestriebswerke-ho","7":"product_cat-unkategorisiert","8":"product_cat-vollmer","9":"product_cat-vollmer-ho","10":"product_tag-kein-spielzeug-nicht-geeignet-fuer-kinder-unter-14-jahren","11":"product_tag-warn-und-sicherheitshinweise-modellbauartikel","13":"first","14":"instock","15":"taxable","16":"shipping-taxable","17":"purchasable","18":"product-type-simple"},"jetpack_sharing_enabled":true,"_links":{"self":[{"href":"https:\/\/www.mg-modelleisenbahnbau.de\/startseite-2\/wp-json\/wp\/v2\/product\/2132","targetHints":{"allow":["GET"]}}],"collection":[{"href":"https:\/\/www.mg-modelleisenbahnbau.de\/startseite-2\/wp-json\/wp\/v2\/product"}],"about":[{"href":"https:\/\/www.mg-modelleisenbahnbau.de\/startseite-2\/wp-json\/wp\/v2\/types\/product"}],"replies":[{"embeddable":true,"href":"https:\/\/www.mg-modelleisenbahnbau.de\/startseite-2\/wp-json\/wp\/v2\/comments?post=2132"}],"wp:featuredmedia":[{"embeddable":true,"href":"https:\/\/www.mg-modelleisenbahnbau.de\/startseite-2\/wp-json\/wp\/v2\/media\/2133"}],"wp:attachment":[{"href":"https:\/\/www.mg-modelleisenbahnbau.de\/startseite-2\/wp-json\/wp\/v2\/media?parent=2132"}],"wp:term":[{"taxonomy":"product_brand","embeddable":true,"href":"https:\/\/www.mg-modelleisenbahnbau.de\/startseite-2\/wp-json\/wp\/v2\/product_brand?post=2132"},{"taxonomy":"product_cat","embeddable":true,"href":"https:\/\/www.mg-modelleisenbahnbau.de\/startseite-2\/wp-json\/wp\/v2\/product_cat?post=2132"},{"taxonomy":"product_tag","embeddable":true,"href":"https:\/\/www.mg-modelleisenbahnbau.de\/startseite-2\/wp-json\/wp\/v2\/product_tag?post=2132"}],"curies":[{"name":"wp","href":"https:\/\/api.w.org\/{rel}","templated":true}]}}