{"id":2128,"date":"2019-03-23T21:09:19","date_gmt":"2019-03-23T20:09:19","guid":{"rendered":"http:\/\/www.mg-modelleisenbahnbau.de\/?post_type=product&#038;p=2128"},"modified":"2025-06-30T19:15:10","modified_gmt":"2025-06-30T17:15:10","slug":"43529-h0-bahnwaerterhaus-esslingen-mit-huehnerstall-und-gartenzaun","status":"publish","type":"product","link":"https:\/\/www.mg-modelleisenbahnbau.de\/startseite-2\/produkt\/43529-h0-bahnwaerterhaus-esslingen-mit-huehnerstall-und-gartenzaun\/","title":{"rendered":"43529 H0 Bahnw\u00e4rterhaus Esslingen mit H\u00fchnerstall und Gartenzaun"},"content":{"rendered":"<div class=\"content--description\">\n<div class=\"content--title\">Produktinformationen &#8222;H0 Bahnw\u00e4rterhaus Esslingen mit H\u00fchnerstall und Gartenzaun&#8220;<\/div>\n<div class=\"product--description\">Hier wohnt der Bahnw\u00e4rter mit seiner Familie. Das Original dieses nach der Wende zum 20. Jahrhundert erbauten Hauses steht an der Bahnlinie Esslingen-Plochingen und dient heute als st\u00e4dtische Kunstgalerie. Ma\u00dfe: Haus L 13,2 x B 9,5 x H 11,5 cm, Stall L 6,5 x B 5 x H 4 cm.<\/div>\n<\/div>\n","protected":false},"excerpt":{"rendered":"<p>Produktinformationen &#8222;H0 Bahnw\u00e4rterhaus Esslingen mit H\u00fchnerstall und Gartenzaun&#8220; Hier wohnt der Bahnw\u00e4rter mit seiner Familie. Das Original dieses nach der Wende zum 20. Jahrhundert erbauten Hauses steht an der Bahnlinie Esslingen-Plochingen und dient heute als st\u00e4dtische Kunstgalerie. Ma\u00dfe: Haus L 13,2 x B 9,5 x H 11,5 cm, Stall L 6,5 x B 5 x&#8230;<\/p>\n","protected":false},"featured_media":2129,"comment_status":"open","ping_status":"closed","template":"","meta":[],"product_brand":[],"product_cat":[168,38,41,160],"product_tag":[292,291],"class_list":{"0":"post-2128","1":"product","2":"type-product","3":"status-publish","4":"has-post-thumbnail","6":"product_cat-bahnbestriebswerke-ho","7":"product_cat-unkategorisiert","8":"product_cat-vollmer","9":"product_cat-vollmer-ho","10":"product_tag-kein-spielzeug-nicht-geeignet-fuer-kinder-unter-14-jahren","11":"product_tag-warn-und-sicherheitshinweise-modellbauartikel","13":"first","14":"instock","15":"taxable","16":"shipping-taxable","17":"purchasable","18":"product-type-simple"},"jetpack_sharing_enabled":true,"_links":{"self":[{"href":"https:\/\/www.mg-modelleisenbahnbau.de\/startseite-2\/wp-json\/wp\/v2\/product\/2128","targetHints":{"allow":["GET"]}}],"collection":[{"href":"https:\/\/www.mg-modelleisenbahnbau.de\/startseite-2\/wp-json\/wp\/v2\/product"}],"about":[{"href":"https:\/\/www.mg-modelleisenbahnbau.de\/startseite-2\/wp-json\/wp\/v2\/types\/product"}],"replies":[{"embeddable":true,"href":"https:\/\/www.mg-modelleisenbahnbau.de\/startseite-2\/wp-json\/wp\/v2\/comments?post=2128"}],"wp:featuredmedia":[{"embeddable":true,"href":"https:\/\/www.mg-modelleisenbahnbau.de\/startseite-2\/wp-json\/wp\/v2\/media\/2129"}],"wp:attachment":[{"href":"https:\/\/www.mg-modelleisenbahnbau.de\/startseite-2\/wp-json\/wp\/v2\/media?parent=2128"}],"wp:term":[{"taxonomy":"product_brand","embeddable":true,"href":"https:\/\/www.mg-modelleisenbahnbau.de\/startseite-2\/wp-json\/wp\/v2\/product_brand?post=2128"},{"taxonomy":"product_cat","embeddable":true,"href":"https:\/\/www.mg-modelleisenbahnbau.de\/startseite-2\/wp-json\/wp\/v2\/product_cat?post=2128"},{"taxonomy":"product_tag","embeddable":true,"href":"https:\/\/www.mg-modelleisenbahnbau.de\/startseite-2\/wp-json\/wp\/v2\/product_tag?post=2128"}],"curies":[{"name":"wp","href":"https:\/\/api.w.org\/{rel}","templated":true}]}}