{"id":2108,"date":"2019-03-23T20:41:03","date_gmt":"2019-03-23T19:41:03","guid":{"rendered":"http:\/\/www.mg-modelleisenbahnbau.de\/?post_type=product&#038;p=2108"},"modified":"2025-06-30T19:15:07","modified_gmt":"2025-06-30T17:15:07","slug":"43518-h0-bahnhof-laufenmuehle","status":"publish","type":"product","link":"https:\/\/www.mg-modelleisenbahnbau.de\/startseite-2\/produkt\/43518-h0-bahnhof-laufenmuehle\/","title":{"rendered":"43518 H0 Bahnhof Laufenm\u00fchle"},"content":{"rendered":"<div class=\"content--description\">\n<div class=\"content--title\">Produktinformationen &#8222;H0 Bahnhof Laufenm\u00fchle&#8220;<\/div>\n<div class=\"product--description\">Der Bahnhof Laufenm\u00fchle ist ein markanter Haltepunkt der Wieslauftal-Bahn aus der guten alten Zeit. Heute wird das Geb\u00e4ude vorwiegend als Ausflugslokal genutzt. Romantik pur im Schw\u00e4bischen Wald nahe der Stadt Welzheim. Ma\u00dfe: L 27 x B 16 x H 12,4 cm.<\/div>\n<\/div>\n","protected":false},"excerpt":{"rendered":"<p>Produktinformationen &#8222;H0 Bahnhof Laufenm\u00fchle&#8220; Der Bahnhof Laufenm\u00fchle ist ein markanter Haltepunkt der Wieslauftal-Bahn aus der guten alten Zeit. Heute wird das Geb\u00e4ude vorwiegend als Ausflugslokal genutzt. Romantik pur im Schw\u00e4bischen Wald nahe der Stadt Welzheim. Ma\u00dfe: L 27 x B 16 x H 12,4 cm.<\/p>\n","protected":false},"featured_media":2109,"comment_status":"open","ping_status":"closed","template":"","meta":[],"product_brand":[],"product_cat":[165,38,41,160],"product_tag":[292,291],"class_list":{"0":"post-2108","1":"product","2":"type-product","3":"status-publish","4":"has-post-thumbnail","6":"product_cat-bahnhoefe-vollmer-ho","7":"product_cat-unkategorisiert","8":"product_cat-vollmer","9":"product_cat-vollmer-ho","10":"product_tag-kein-spielzeug-nicht-geeignet-fuer-kinder-unter-14-jahren","11":"product_tag-warn-und-sicherheitshinweise-modellbauartikel","13":"first","14":"instock","15":"taxable","16":"shipping-taxable","17":"purchasable","18":"product-type-simple"},"jetpack_sharing_enabled":true,"_links":{"self":[{"href":"https:\/\/www.mg-modelleisenbahnbau.de\/startseite-2\/wp-json\/wp\/v2\/product\/2108","targetHints":{"allow":["GET"]}}],"collection":[{"href":"https:\/\/www.mg-modelleisenbahnbau.de\/startseite-2\/wp-json\/wp\/v2\/product"}],"about":[{"href":"https:\/\/www.mg-modelleisenbahnbau.de\/startseite-2\/wp-json\/wp\/v2\/types\/product"}],"replies":[{"embeddable":true,"href":"https:\/\/www.mg-modelleisenbahnbau.de\/startseite-2\/wp-json\/wp\/v2\/comments?post=2108"}],"wp:featuredmedia":[{"embeddable":true,"href":"https:\/\/www.mg-modelleisenbahnbau.de\/startseite-2\/wp-json\/wp\/v2\/media\/2109"}],"wp:attachment":[{"href":"https:\/\/www.mg-modelleisenbahnbau.de\/startseite-2\/wp-json\/wp\/v2\/media?parent=2108"}],"wp:term":[{"taxonomy":"product_brand","embeddable":true,"href":"https:\/\/www.mg-modelleisenbahnbau.de\/startseite-2\/wp-json\/wp\/v2\/product_brand?post=2108"},{"taxonomy":"product_cat","embeddable":true,"href":"https:\/\/www.mg-modelleisenbahnbau.de\/startseite-2\/wp-json\/wp\/v2\/product_cat?post=2108"},{"taxonomy":"product_tag","embeddable":true,"href":"https:\/\/www.mg-modelleisenbahnbau.de\/startseite-2\/wp-json\/wp\/v2\/product_tag?post=2108"}],"curies":[{"name":"wp","href":"https:\/\/api.w.org\/{rel}","templated":true}]}}