{"id":2107,"date":"2019-03-23T17:59:27","date_gmt":"2019-03-23T16:59:27","guid":{"rendered":"http:\/\/www.mg-modelleisenbahnbau.de\/?post_type=product&#038;p=2107"},"modified":"2025-06-30T18:27:22","modified_gmt":"2025-06-30T16:27:22","slug":"43510-h0-bahnhof-neuffen","status":"publish","type":"product","link":"https:\/\/www.mg-modelleisenbahnbau.de\/startseite-2\/produkt\/43510-h0-bahnhof-neuffen\/","title":{"rendered":"43510 H0 Bahnhof Neuffen"},"content":{"rendered":"<div class=\"content--description\">\n<div class=\"content--title\">Produktinformationen &#8222;H0 Bahnhof Neuffen&#8220;<\/div>\n<div class=\"product--description\">Der Bahnhof Neuffen ist ein typischer Landbahnhof. Er ist Endstation der Nebenlinie N\u00fcrtingen-Neuffen und steht am Fu\u00df der Burgruine Hohen-Neuffen auf der Schw\u00e4bischen Alb. Das kurz vor der Wende zum 20. Jahrhundert errichtete, stilechte Bahnhofsgeb\u00e4ude wurde von Vollmer mit allen Details nachgebaut. Ma\u00dfe: L 41 x B 14 x H 16,5 cm.<\/div>\n<\/div>\n","protected":false},"excerpt":{"rendered":"<p>Produktinformationen &#8222;H0 Bahnhof Neuffen&#8220; Der Bahnhof Neuffen ist ein typischer Landbahnhof. Er ist Endstation der Nebenlinie N\u00fcrtingen-Neuffen und steht am Fu\u00df der Burgruine Hohen-Neuffen auf der Schw\u00e4bischen Alb. Das kurz vor der Wende zum 20. Jahrhundert errichtete, stilechte Bahnhofsgeb\u00e4ude wurde von Vollmer mit allen Details nachgebaut. Ma\u00dfe: L 41 x B 14 x H 16,5&#8230;<\/p>\n","protected":false},"featured_media":2110,"comment_status":"open","ping_status":"closed","template":"","meta":[],"product_brand":[],"product_cat":[165,38,41,160],"product_tag":[292,291],"class_list":{"0":"post-2107","1":"product","2":"type-product","3":"status-publish","4":"has-post-thumbnail","6":"product_cat-bahnhoefe-vollmer-ho","7":"product_cat-unkategorisiert","8":"product_cat-vollmer","9":"product_cat-vollmer-ho","10":"product_tag-kein-spielzeug-nicht-geeignet-fuer-kinder-unter-14-jahren","11":"product_tag-warn-und-sicherheitshinweise-modellbauartikel","13":"first","14":"instock","15":"taxable","16":"shipping-taxable","17":"purchasable","18":"product-type-simple"},"jetpack_sharing_enabled":true,"_links":{"self":[{"href":"https:\/\/www.mg-modelleisenbahnbau.de\/startseite-2\/wp-json\/wp\/v2\/product\/2107","targetHints":{"allow":["GET"]}}],"collection":[{"href":"https:\/\/www.mg-modelleisenbahnbau.de\/startseite-2\/wp-json\/wp\/v2\/product"}],"about":[{"href":"https:\/\/www.mg-modelleisenbahnbau.de\/startseite-2\/wp-json\/wp\/v2\/types\/product"}],"replies":[{"embeddable":true,"href":"https:\/\/www.mg-modelleisenbahnbau.de\/startseite-2\/wp-json\/wp\/v2\/comments?post=2107"}],"wp:featuredmedia":[{"embeddable":true,"href":"https:\/\/www.mg-modelleisenbahnbau.de\/startseite-2\/wp-json\/wp\/v2\/media\/2110"}],"wp:attachment":[{"href":"https:\/\/www.mg-modelleisenbahnbau.de\/startseite-2\/wp-json\/wp\/v2\/media?parent=2107"}],"wp:term":[{"taxonomy":"product_brand","embeddable":true,"href":"https:\/\/www.mg-modelleisenbahnbau.de\/startseite-2\/wp-json\/wp\/v2\/product_brand?post=2107"},{"taxonomy":"product_cat","embeddable":true,"href":"https:\/\/www.mg-modelleisenbahnbau.de\/startseite-2\/wp-json\/wp\/v2\/product_cat?post=2107"},{"taxonomy":"product_tag","embeddable":true,"href":"https:\/\/www.mg-modelleisenbahnbau.de\/startseite-2\/wp-json\/wp\/v2\/product_tag?post=2107"}],"curies":[{"name":"wp","href":"https:\/\/api.w.org\/{rel}","templated":true}]}}