{"id":2100,"date":"2019-03-23T17:41:21","date_gmt":"2019-03-23T16:41:21","guid":{"rendered":"http:\/\/www.mg-modelleisenbahnbau.de\/?post_type=product&#038;p=2100"},"modified":"2025-06-30T19:15:17","modified_gmt":"2025-06-30T17:15:17","slug":"43560-h0-bahnhof-baden-baden","status":"publish","type":"product","link":"https:\/\/www.mg-modelleisenbahnbau.de\/startseite-2\/produkt\/43560-h0-bahnhof-baden-baden\/","title":{"rendered":"43560 H0 Bahnhof Baden-Baden"},"content":{"rendered":"<div class=\"content--description\">\n<div class=\"content--title\">Produktinformationen &#8222;H0 Bahnhof Baden-Baden&#8220;<\/div>\n<div class=\"product--description\">Das Vorbild dieses klassischen, im Jahr 1892 erbauten, Bahnhofs steht in Baden-Baden. Dieses detailgenaue Vollmer-Modell ist ein Muster an Vorbildtreue und Pr\u00e4zision. Der Bahnhof ist f\u00fcr Liebhaber der 2. Bahnepoche. Ma\u00dfe: L 80 x B 16 x H 22,5 cm.<\/div>\n<\/div>\n","protected":false},"excerpt":{"rendered":"<p>Produktinformationen &#8222;H0 Bahnhof Baden-Baden&#8220; Das Vorbild dieses klassischen, im Jahr 1892 erbauten, Bahnhofs steht in Baden-Baden. Dieses detailgenaue Vollmer-Modell ist ein Muster an Vorbildtreue und Pr\u00e4zision. Der Bahnhof ist f\u00fcr Liebhaber der 2. Bahnepoche. Ma\u00dfe: L 80 x B 16 x H 22,5 cm.<\/p>\n","protected":false},"featured_media":2101,"comment_status":"open","ping_status":"closed","template":"","meta":[],"product_brand":[],"product_cat":[165,38,41,160],"product_tag":[292,291],"class_list":{"0":"post-2100","1":"product","2":"type-product","3":"status-publish","4":"has-post-thumbnail","6":"product_cat-bahnhoefe-vollmer-ho","7":"product_cat-unkategorisiert","8":"product_cat-vollmer","9":"product_cat-vollmer-ho","10":"product_tag-kein-spielzeug-nicht-geeignet-fuer-kinder-unter-14-jahren","11":"product_tag-warn-und-sicherheitshinweise-modellbauartikel","13":"first","14":"instock","15":"taxable","16":"shipping-taxable","17":"purchasable","18":"product-type-simple"},"jetpack_sharing_enabled":true,"_links":{"self":[{"href":"https:\/\/www.mg-modelleisenbahnbau.de\/startseite-2\/wp-json\/wp\/v2\/product\/2100","targetHints":{"allow":["GET"]}}],"collection":[{"href":"https:\/\/www.mg-modelleisenbahnbau.de\/startseite-2\/wp-json\/wp\/v2\/product"}],"about":[{"href":"https:\/\/www.mg-modelleisenbahnbau.de\/startseite-2\/wp-json\/wp\/v2\/types\/product"}],"replies":[{"embeddable":true,"href":"https:\/\/www.mg-modelleisenbahnbau.de\/startseite-2\/wp-json\/wp\/v2\/comments?post=2100"}],"wp:featuredmedia":[{"embeddable":true,"href":"https:\/\/www.mg-modelleisenbahnbau.de\/startseite-2\/wp-json\/wp\/v2\/media\/2101"}],"wp:attachment":[{"href":"https:\/\/www.mg-modelleisenbahnbau.de\/startseite-2\/wp-json\/wp\/v2\/media?parent=2100"}],"wp:term":[{"taxonomy":"product_brand","embeddable":true,"href":"https:\/\/www.mg-modelleisenbahnbau.de\/startseite-2\/wp-json\/wp\/v2\/product_brand?post=2100"},{"taxonomy":"product_cat","embeddable":true,"href":"https:\/\/www.mg-modelleisenbahnbau.de\/startseite-2\/wp-json\/wp\/v2\/product_cat?post=2100"},{"taxonomy":"product_tag","embeddable":true,"href":"https:\/\/www.mg-modelleisenbahnbau.de\/startseite-2\/wp-json\/wp\/v2\/product_tag?post=2100"}],"curies":[{"name":"wp","href":"https:\/\/api.w.org\/{rel}","templated":true}]}}