{"id":2098,"date":"2019-03-23T17:38:17","date_gmt":"2019-03-23T16:38:17","guid":{"rendered":"http:\/\/www.mg-modelleisenbahnbau.de\/?post_type=product&#038;p=2098"},"modified":"2025-06-30T18:27:19","modified_gmt":"2025-06-30T16:27:19","slug":"43451-h0-bahnhof-kulmbach","status":"publish","type":"product","link":"https:\/\/www.mg-modelleisenbahnbau.de\/startseite-2\/produkt\/43451-h0-bahnhof-kulmbach\/","title":{"rendered":"43451 H0 Bahnhof Kulmbach"},"content":{"rendered":"<div class=\"content--description\">\n<div class=\"content--title\">Produktinformationen &#8222;H0 Bahnhof Kulmbach&#8220;<\/div>\n<div class=\"product--description\">Dieser Bahnhof repr\u00e4sentiert ein Empfangsgeb\u00e4ude der ersten Stunde. Er ist um die Wende zum 19. Jahrhundert gebaut worden und ein Vorl\u00e4ufer des sog. Bayrischen W\u00fcrfels. Aufgrund einer handkolorierten Zeichnung konnte der Bahnhof nachgebaut werden. Diese Geb\u00e4ude hatten, wie der Name sagt, ein quadratisches Grundma\u00df und waren schlicht und zweckm\u00e4\u00dfig gehalten. Dieser Baustil erweitert das Vollmer Bahnhofsangebot und vielleicht ist es genau der Stil, der zu Ihrer Anlage passt? Ma\u00dfe: L 54 x B 16,5 x H 22 cm.<\/div>\n<\/div>\n","protected":false},"excerpt":{"rendered":"<p>Produktinformationen &#8222;H0 Bahnhof Kulmbach&#8220; Dieser Bahnhof repr\u00e4sentiert ein Empfangsgeb\u00e4ude der ersten Stunde. Er ist um die Wende zum 19. Jahrhundert gebaut worden und ein Vorl\u00e4ufer des sog. Bayrischen W\u00fcrfels. Aufgrund einer handkolorierten Zeichnung konnte der Bahnhof nachgebaut werden. Diese Geb\u00e4ude hatten, wie der Name sagt, ein quadratisches Grundma\u00df und waren schlicht und zweckm\u00e4\u00dfig gehalten. Dieser&#8230;<\/p>\n","protected":false},"featured_media":2099,"comment_status":"open","ping_status":"closed","template":"","meta":[],"product_brand":[],"product_cat":[165,38,41,160],"product_tag":[292,291],"class_list":{"0":"post-2098","1":"product","2":"type-product","3":"status-publish","4":"has-post-thumbnail","6":"product_cat-bahnhoefe-vollmer-ho","7":"product_cat-unkategorisiert","8":"product_cat-vollmer","9":"product_cat-vollmer-ho","10":"product_tag-kein-spielzeug-nicht-geeignet-fuer-kinder-unter-14-jahren","11":"product_tag-warn-und-sicherheitshinweise-modellbauartikel","13":"first","14":"instock","15":"taxable","16":"shipping-taxable","17":"purchasable","18":"product-type-simple"},"jetpack_sharing_enabled":true,"_links":{"self":[{"href":"https:\/\/www.mg-modelleisenbahnbau.de\/startseite-2\/wp-json\/wp\/v2\/product\/2098","targetHints":{"allow":["GET"]}}],"collection":[{"href":"https:\/\/www.mg-modelleisenbahnbau.de\/startseite-2\/wp-json\/wp\/v2\/product"}],"about":[{"href":"https:\/\/www.mg-modelleisenbahnbau.de\/startseite-2\/wp-json\/wp\/v2\/types\/product"}],"replies":[{"embeddable":true,"href":"https:\/\/www.mg-modelleisenbahnbau.de\/startseite-2\/wp-json\/wp\/v2\/comments?post=2098"}],"wp:featuredmedia":[{"embeddable":true,"href":"https:\/\/www.mg-modelleisenbahnbau.de\/startseite-2\/wp-json\/wp\/v2\/media\/2099"}],"wp:attachment":[{"href":"https:\/\/www.mg-modelleisenbahnbau.de\/startseite-2\/wp-json\/wp\/v2\/media?parent=2098"}],"wp:term":[{"taxonomy":"product_brand","embeddable":true,"href":"https:\/\/www.mg-modelleisenbahnbau.de\/startseite-2\/wp-json\/wp\/v2\/product_brand?post=2098"},{"taxonomy":"product_cat","embeddable":true,"href":"https:\/\/www.mg-modelleisenbahnbau.de\/startseite-2\/wp-json\/wp\/v2\/product_cat?post=2098"},{"taxonomy":"product_tag","embeddable":true,"href":"https:\/\/www.mg-modelleisenbahnbau.de\/startseite-2\/wp-json\/wp\/v2\/product_tag?post=2098"}],"curies":[{"name":"wp","href":"https:\/\/api.w.org\/{rel}","templated":true}]}}