{"id":2063,"date":"2019-03-23T13:05:04","date_gmt":"2019-03-23T12:05:04","guid":{"rendered":"http:\/\/www.mg-modelleisenbahnbau.de\/?post_type=product&#038;p=2063"},"modified":"2025-07-01T11:19:51","modified_gmt":"2025-07-01T09:19:51","slug":"48241-h0-strassenplatte-kopfsteinpflaster-aus-steinkunst-x-kreuzung-l-15-x-b-15-cm","status":"publish","type":"product","link":"https:\/\/www.mg-modelleisenbahnbau.de\/startseite-2\/produkt\/48241-h0-strassenplatte-kopfsteinpflaster-aus-steinkunst-x-kreuzung-l-15-x-b-15-cm\/","title":{"rendered":"48241 H0 Stra\u00dfenplatte Kopfsteinpflaster aus Steinkunst, X-Kreuzung, L 15 x B 15 cm"},"content":{"rendered":"<div class=\"content--description\">\n<div class=\"content--title\">Produktinformationen &#8222;H0 Stra\u00dfenplatte Kopfsteinpflaster aus Steinkunst, X-Kreuzung, L 15 x B 15 cm&#8220;<\/div>\n<div class=\"product--description\">Die Stra\u00dfenplatten aus der Steinkunst-Serie bestehen aus wetterfestem Sedimentverbundwerkstoff. Dieser Werkstoff erzeugt eine un\u00fcbertroffen realistische Steinoberfl\u00e4che. Die Platten sind flexibel und einfach mit einem Cutter-Messer zuschneidbar.<\/div>\n<\/div>\n","protected":false},"excerpt":{"rendered":"<p>Produktinformationen &#8222;H0 Stra\u00dfenplatte Kopfsteinpflaster aus Steinkunst, X-Kreuzung, L 15 x B 15 cm&#8220; Die Stra\u00dfenplatten aus der Steinkunst-Serie bestehen aus wetterfestem Sedimentverbundwerkstoff. Dieser Werkstoff erzeugt eine un\u00fcbertroffen realistische Steinoberfl\u00e4che. Die Platten sind flexibel und einfach mit einem Cutter-Messer zuschneidbar.<\/p>\n","protected":false},"featured_media":2064,"comment_status":"open","ping_status":"closed","template":"","meta":[],"product_brand":[],"product_cat":[161,38,41,160],"product_tag":[292,291],"class_list":{"0":"post-2063","1":"product","2":"type-product","3":"status-publish","4":"has-post-thumbnail","6":"product_cat-steinkunst-ho","7":"product_cat-unkategorisiert","8":"product_cat-vollmer","9":"product_cat-vollmer-ho","10":"product_tag-kein-spielzeug-nicht-geeignet-fuer-kinder-unter-14-jahren","11":"product_tag-warn-und-sicherheitshinweise-modellbauartikel","13":"first","14":"instock","15":"taxable","16":"shipping-taxable","17":"purchasable","18":"product-type-simple"},"jetpack_sharing_enabled":true,"_links":{"self":[{"href":"https:\/\/www.mg-modelleisenbahnbau.de\/startseite-2\/wp-json\/wp\/v2\/product\/2063","targetHints":{"allow":["GET"]}}],"collection":[{"href":"https:\/\/www.mg-modelleisenbahnbau.de\/startseite-2\/wp-json\/wp\/v2\/product"}],"about":[{"href":"https:\/\/www.mg-modelleisenbahnbau.de\/startseite-2\/wp-json\/wp\/v2\/types\/product"}],"replies":[{"embeddable":true,"href":"https:\/\/www.mg-modelleisenbahnbau.de\/startseite-2\/wp-json\/wp\/v2\/comments?post=2063"}],"wp:featuredmedia":[{"embeddable":true,"href":"https:\/\/www.mg-modelleisenbahnbau.de\/startseite-2\/wp-json\/wp\/v2\/media\/2064"}],"wp:attachment":[{"href":"https:\/\/www.mg-modelleisenbahnbau.de\/startseite-2\/wp-json\/wp\/v2\/media?parent=2063"}],"wp:term":[{"taxonomy":"product_brand","embeddable":true,"href":"https:\/\/www.mg-modelleisenbahnbau.de\/startseite-2\/wp-json\/wp\/v2\/product_brand?post=2063"},{"taxonomy":"product_cat","embeddable":true,"href":"https:\/\/www.mg-modelleisenbahnbau.de\/startseite-2\/wp-json\/wp\/v2\/product_cat?post=2063"},{"taxonomy":"product_tag","embeddable":true,"href":"https:\/\/www.mg-modelleisenbahnbau.de\/startseite-2\/wp-json\/wp\/v2\/product_tag?post=2063"}],"curies":[{"name":"wp","href":"https:\/\/api.w.org\/{rel}","templated":true}]}}