{"id":2028,"date":"2019-03-22T15:52:35","date_gmt":"2019-03-22T14:52:35","guid":{"rendered":"http:\/\/www.mg-modelleisenbahnbau.de\/?post_type=product&#038;p=2028"},"modified":"2026-02-20T12:02:40","modified_gmt":"2026-02-20T11:02:40","slug":"3-obstbaeume-1934-artikel-nr-1934","status":"publish","type":"product","link":"https:\/\/www.mg-modelleisenbahnbau.de\/startseite-2\/produkt\/3-obstbaeume-1934-artikel-nr-1934\/","title":{"rendered":"1934   3 Obstb\u00e4ume"},"content":{"rendered":"<p>3 Obstb\u00e4ume, 1934 &#8211; HEKI Kittler GmbH, Modellbahnzubeh\u00f6r<\/p>\n","protected":false},"excerpt":{"rendered":"<p>3 Obstb\u00e4ume, 1934 &#8211; HEKI Kittler GmbH, Modellbahnzubeh\u00f6r<\/p>\n","protected":false},"featured_media":2029,"comment_status":"open","ping_status":"closed","template":"","meta":[],"product_brand":[],"product_cat":[40,38],"product_tag":[292,291],"class_list":{"0":"post-2028","1":"product","2":"type-product","3":"status-publish","4":"has-post-thumbnail","6":"product_cat-heki","7":"product_cat-unkategorisiert","8":"product_tag-kein-spielzeug-nicht-geeignet-fuer-kinder-unter-14-jahren","9":"product_tag-warn-und-sicherheitshinweise-modellbauartikel","11":"first","12":"instock","13":"taxable","14":"shipping-taxable","15":"purchasable","16":"product-type-simple"},"jetpack_sharing_enabled":true,"_links":{"self":[{"href":"https:\/\/www.mg-modelleisenbahnbau.de\/startseite-2\/wp-json\/wp\/v2\/product\/2028","targetHints":{"allow":["GET"]}}],"collection":[{"href":"https:\/\/www.mg-modelleisenbahnbau.de\/startseite-2\/wp-json\/wp\/v2\/product"}],"about":[{"href":"https:\/\/www.mg-modelleisenbahnbau.de\/startseite-2\/wp-json\/wp\/v2\/types\/product"}],"replies":[{"embeddable":true,"href":"https:\/\/www.mg-modelleisenbahnbau.de\/startseite-2\/wp-json\/wp\/v2\/comments?post=2028"}],"wp:featuredmedia":[{"embeddable":true,"href":"https:\/\/www.mg-modelleisenbahnbau.de\/startseite-2\/wp-json\/wp\/v2\/media\/2029"}],"wp:attachment":[{"href":"https:\/\/www.mg-modelleisenbahnbau.de\/startseite-2\/wp-json\/wp\/v2\/media?parent=2028"}],"wp:term":[{"taxonomy":"product_brand","embeddable":true,"href":"https:\/\/www.mg-modelleisenbahnbau.de\/startseite-2\/wp-json\/wp\/v2\/product_brand?post=2028"},{"taxonomy":"product_cat","embeddable":true,"href":"https:\/\/www.mg-modelleisenbahnbau.de\/startseite-2\/wp-json\/wp\/v2\/product_cat?post=2028"},{"taxonomy":"product_tag","embeddable":true,"href":"https:\/\/www.mg-modelleisenbahnbau.de\/startseite-2\/wp-json\/wp\/v2\/product_tag?post=2028"}],"curies":[{"name":"wp","href":"https:\/\/api.w.org\/{rel}","templated":true}]}}