{"id":1982,"date":"2019-03-22T12:38:27","date_gmt":"2019-03-22T11:38:27","guid":{"rendered":"http:\/\/www.mg-modelleisenbahnbau.de\/?post_type=product&#038;p=1982"},"modified":"2025-06-29T21:52:56","modified_gmt":"2025-06-29T19:52:56","slug":"4568-h0-motorischer-weichenantrieb-fuer-maerklin-trix-c-gleis-ersetzt-4558","status":"publish","type":"product","link":"https:\/\/www.mg-modelleisenbahnbau.de\/startseite-2\/produkt\/4568-h0-motorischer-weichenantrieb-fuer-maerklin-trix-c-gleis-ersetzt-4558\/","title":{"rendered":"4568 H0 Motorischer Weichenantrieb f\u00fcr M\u00e4rklin\/Trix C-Gleis &#8211; ersetzt 4558"},"content":{"rendered":"<div class=\"content--title\">Produktinformationen &#8222;H0 Motorischer Weichenantrieb f\u00fcr M\u00e4rklin\/Trix C-Gleis &#8211; ersetzt 4558&#8220;<\/div>\n<div class=\"product--description\">\n<p>Zum Einbau in TT-Bettungsweichen. Dieser spezielle Weichenantrieb ist ein kraftvoller, ger\u00e4uscharmer Antrieb mit zugeh\u00f6rigem Digitaldecoder. Die Elektronik kann bequem in der Gleisbettung untergebracht werden. Der Weichenantrieb zeichnet sich durch vorbildgerecht langsame Bewegung der Weichenzungen aus. Geschwindigkeit und Bewegungsablauf sind elektronisch gesteuert und gew\u00e4hrleisten einen feinf\u00fchligen Antrieb. Wenn aufgrund der Eigenschaften Ihrer Weiche die Bewegungsrichtung nicht mit der Schaltrichtung auf Ihrem Eingabeger\u00e4t \u00fcbereinstimmt, k\u00f6nnen Sie im Digitalbetrieb die Stellrichtung des Antriebs invertieren. Der zugeh\u00f6rige Decoder versteht die Formate M\u00e4rklin-Motorola und DCC und kann die angeforderte Soll- oder Ist-Stellung per RailCom an geeignete Digitalzentralen, z. B. Viessmann Commander Art. 5300\/5320, zur\u00fcckmelden. Er kann aber auch analog betrieben werden. Zus\u00e4tzliche Schaltausg\u00e4nge f\u00fcr Relais oder LEDs sowie f\u00fcr konventionelle Stellungsr\u00fcckmeldung und Herzst\u00fcckpolarisation vervollst\u00e4ndigen den Funktionsumfang. Deren Funktion ist konfigurierbar.<\/p>\n<p>M\u00e4rklin-C Weichen:<\/p>\n<p>24611 Weiche links<br \/>\n24612 Weiche rechts<br \/>\n24624 Doppelkreuzungssweiche DKW<br \/>\n24630 Dreiwegweiche DWW (2.Stk. Antrieb)<br \/>\n20671 Bogenweiche links mit Handschalthebel<br \/>\n20672 Bogenweiche rechts mit Handschalthebel<br \/>\n24671 Bogenweiche links<br \/>\n24672 Bogenweiche rechts<br \/>\n24711 Schlanke Weiche links<br \/>\n24712 Schlanke Weiche rechts<\/p>\n<p>Trix-C Weichen:<br \/>\n62611 Weiche C-Gleis links<br \/>\n62612 Weiche C-Gleis rechts<br \/>\n62624 Weiche C-Gleis DKW<br \/>\n62671 Weiche C-Gleis Bogenweiche links<br \/>\n62672 Weiche C-Gleis Bogenweiche rechts<br \/>\n62711 Schlanke Weiche links<br \/>\n62712 Schlanke Weiche rechts<\/p>\n<\/div>\n","protected":false},"excerpt":{"rendered":"<p>Produktinformationen &#8222;H0 Motorischer Weichenantrieb f\u00fcr M\u00e4rklin\/Trix C-Gleis &#8211; ersetzt 4558&#8220; Zum Einbau in TT-Bettungsweichen. Dieser spezielle Weichenantrieb ist ein kraftvoller, ger\u00e4uscharmer Antrieb mit zugeh\u00f6rigem Digitaldecoder. Die Elektronik kann bequem in der Gleisbettung untergebracht werden. Der Weichenantrieb zeichnet sich durch vorbildgerecht langsame Bewegung der Weichenzungen aus. Geschwindigkeit und Bewegungsablauf sind elektronisch gesteuert und gew\u00e4hrleisten einen feinf\u00fchligen&#8230;<\/p>\n","protected":false},"featured_media":1983,"comment_status":"open","ping_status":"closed","template":"","meta":[],"product_brand":[],"product_cat":[130,38,37,124],"product_tag":[292,291],"class_list":{"0":"post-1982","1":"product","2":"type-product","3":"status-publish","4":"has-post-thumbnail","6":"product_cat-bahnzubehoer-h0","7":"product_cat-unkategorisiert","8":"product_cat-viessmann","9":"product_cat-viessmann-spur-h0","10":"product_tag-kein-spielzeug-nicht-geeignet-fuer-kinder-unter-14-jahren","11":"product_tag-warn-und-sicherheitshinweise-modellbauartikel","13":"first","14":"instock","15":"taxable","16":"shipping-taxable","17":"purchasable","18":"product-type-simple"},"jetpack_sharing_enabled":true,"_links":{"self":[{"href":"https:\/\/www.mg-modelleisenbahnbau.de\/startseite-2\/wp-json\/wp\/v2\/product\/1982","targetHints":{"allow":["GET"]}}],"collection":[{"href":"https:\/\/www.mg-modelleisenbahnbau.de\/startseite-2\/wp-json\/wp\/v2\/product"}],"about":[{"href":"https:\/\/www.mg-modelleisenbahnbau.de\/startseite-2\/wp-json\/wp\/v2\/types\/product"}],"replies":[{"embeddable":true,"href":"https:\/\/www.mg-modelleisenbahnbau.de\/startseite-2\/wp-json\/wp\/v2\/comments?post=1982"}],"wp:featuredmedia":[{"embeddable":true,"href":"https:\/\/www.mg-modelleisenbahnbau.de\/startseite-2\/wp-json\/wp\/v2\/media\/1983"}],"wp:attachment":[{"href":"https:\/\/www.mg-modelleisenbahnbau.de\/startseite-2\/wp-json\/wp\/v2\/media?parent=1982"}],"wp:term":[{"taxonomy":"product_brand","embeddable":true,"href":"https:\/\/www.mg-modelleisenbahnbau.de\/startseite-2\/wp-json\/wp\/v2\/product_brand?post=1982"},{"taxonomy":"product_cat","embeddable":true,"href":"https:\/\/www.mg-modelleisenbahnbau.de\/startseite-2\/wp-json\/wp\/v2\/product_cat?post=1982"},{"taxonomy":"product_tag","embeddable":true,"href":"https:\/\/www.mg-modelleisenbahnbau.de\/startseite-2\/wp-json\/wp\/v2\/product_tag?post=1982"}],"curies":[{"name":"wp","href":"https:\/\/api.w.org\/{rel}","templated":true}]}}