{"id":1962,"date":"2019-01-08T07:32:15","date_gmt":"2019-01-08T06:32:15","guid":{"rendered":"http:\/\/www.mg-modelleisenbahnbau.de\/?post_type=product&#038;p=1962"},"modified":"2025-03-06T16:43:24","modified_gmt":"2025-03-06T15:43:24","slug":"74491elektrischer-weichenantrieb-c-gleis","status":"publish","type":"product","link":"https:\/\/www.mg-modelleisenbahnbau.de\/startseite-2\/produkt\/74491elektrischer-weichenantrieb-c-gleis\/","title":{"rendered":"74491Elektrischer Weichenantrieb (C-Gleis)"},"content":{"rendered":"<p>Nachr\u00fcstsatz f\u00fcr C-Gleis-Weichen in optimierter Ausf\u00fchrung. Doppelspulenantrieb mit Endabschaltung. Betrieb \u00fcber Stellpult (z.B. 72720) oder Digital-Decoder (74461). R\u00fcckmeldung m\u00f6glich mit Stellpult 7271\/72710. Bei Weichen kann der Elektroantrieb nachtr\u00e4glich ganz einfach ohne Spezialwerkzeug eingebaut und angeschlossen werden. Der Antrieb sitzt verdeckt im Schotterbett, Unterflurmontage ist nicht erforderlich. Er ist verschmutzungssicher gekapselt und durch Endabschaltung gegen \u00dcberlastung gesichert. Die Steuerung erfolgt \u00fcber das normale Stellpult, das Stellpult mit R\u00fcckmeldung oder \u00fcber Digital-Decoder. Der Handstellhebel kann in Funktion bleiben.<\/p>\n","protected":false},"excerpt":{"rendered":"<p>Nachr\u00fcstsatz f\u00fcr C-Gleis-Weichen in optimierter Ausf\u00fchrung. Doppelspulenantrieb mit Endabschaltung. Betrieb \u00fcber Stellpult (z.B. 72720) oder Digital-Decoder (74461). R\u00fcckmeldung m\u00f6glich mit Stellpult 7271\/72710. Bei Weichen kann der Elektroantrieb nachtr\u00e4glich ganz einfach ohne Spezialwerkzeug eingebaut und angeschlossen werden. Der Antrieb sitzt verdeckt im Schotterbett, Unterflurmontage ist nicht erforderlich. Er ist verschmutzungssicher gekapselt und durch Endabschaltung gegen \u00dcberlastung&#8230;<\/p>\n","protected":false},"featured_media":3848,"comment_status":"open","ping_status":"closed","template":"","meta":[],"product_brand":[],"product_cat":[46,38],"product_tag":[292,291],"class_list":{"0":"post-1962","1":"product","2":"type-product","3":"status-publish","4":"has-post-thumbnail","6":"product_cat-maerklin","7":"product_cat-unkategorisiert","8":"product_tag-kein-spielzeug-nicht-geeignet-fuer-kinder-unter-14-jahren","9":"product_tag-warn-und-sicherheitshinweise-modellbauartikel","11":"first","12":"instock","13":"taxable","14":"shipping-taxable","15":"purchasable","16":"product-type-simple"},"jetpack_sharing_enabled":true,"_links":{"self":[{"href":"https:\/\/www.mg-modelleisenbahnbau.de\/startseite-2\/wp-json\/wp\/v2\/product\/1962","targetHints":{"allow":["GET"]}}],"collection":[{"href":"https:\/\/www.mg-modelleisenbahnbau.de\/startseite-2\/wp-json\/wp\/v2\/product"}],"about":[{"href":"https:\/\/www.mg-modelleisenbahnbau.de\/startseite-2\/wp-json\/wp\/v2\/types\/product"}],"replies":[{"embeddable":true,"href":"https:\/\/www.mg-modelleisenbahnbau.de\/startseite-2\/wp-json\/wp\/v2\/comments?post=1962"}],"wp:featuredmedia":[{"embeddable":true,"href":"https:\/\/www.mg-modelleisenbahnbau.de\/startseite-2\/wp-json\/wp\/v2\/media\/3848"}],"wp:attachment":[{"href":"https:\/\/www.mg-modelleisenbahnbau.de\/startseite-2\/wp-json\/wp\/v2\/media?parent=1962"}],"wp:term":[{"taxonomy":"product_brand","embeddable":true,"href":"https:\/\/www.mg-modelleisenbahnbau.de\/startseite-2\/wp-json\/wp\/v2\/product_brand?post=1962"},{"taxonomy":"product_cat","embeddable":true,"href":"https:\/\/www.mg-modelleisenbahnbau.de\/startseite-2\/wp-json\/wp\/v2\/product_cat?post=1962"},{"taxonomy":"product_tag","embeddable":true,"href":"https:\/\/www.mg-modelleisenbahnbau.de\/startseite-2\/wp-json\/wp\/v2\/product_tag?post=1962"}],"curies":[{"name":"wp","href":"https:\/\/api.w.org\/{rel}","templated":true}]}}