{"id":1838,"date":"2018-11-22T11:55:41","date_gmt":"2018-11-22T10:55:41","guid":{"rendered":"http:\/\/www.mg-modelleisenbahnbau.de\/?post_type=product&#038;p=1838"},"modified":"2026-01-16T13:22:34","modified_gmt":"2026-01-16T12:22:34","slug":"nr-4-modur-hartschaum-platten-fuer-felsen-und-gelaende-8cm-x-74-cm-x-49-sm","status":"publish","type":"product","link":"https:\/\/www.mg-modelleisenbahnbau.de\/startseite-2\/produkt\/nr-4-modur-hartschaum-platten-fuer-felsen-und-gelaende-8cm-x-74-cm-x-49-sm\/","title":{"rendered":"NR. 2 Modur-Hartschaum-Platte f\u00fcr Felsen und Gel\u00e4nde 8cm x 59 cm x 49 cm"},"content":{"rendered":"<p>Ideal f\u00fcr kreatives Gestalten von Dioramen und Landschaftsmodellen<\/p>\n<p>einzellige Polyurethan-Hartsch\u00e4ume, duroplastisch, f\u00fcr den Modell- und Formenbau- speziell f\u00fcr Erprobungs-, Design- und Architekturmodelle- f\u00fcr<\/p>\n<p>Felsen &#8211; Gel\u00e4nde bauen\u00a0 ,Str\u00f6mungsmodelle im Flugzeug-, Automobil- und Schiffbau<\/p>\n<p>Dichte ca. 50 kg\/m\u00b3<\/p>\n<p>Als Spielzeug und f\u00fcr Kinder unter 14 Jahren sind sie nicht geeignet!<\/p>\n","protected":false},"excerpt":{"rendered":"<p>Ideal f\u00fcr kreatives Gestalten von Dioramen und Landschaftsmodellen einzellige Polyurethan-Hartsch\u00e4ume, duroplastisch, f\u00fcr den Modell- und Formenbau- speziell f\u00fcr Erprobungs-, Design- und Architekturmodelle- f\u00fcr Felsen &#8211; Gel\u00e4nde bauen\u00a0 ,Str\u00f6mungsmodelle im Flugzeug-, Automobil- und Schiffbau Dichte ca. 50 kg\/m\u00b3 Als Spielzeug und f\u00fcr Kinder unter 14 Jahren sind sie nicht geeignet!<\/p>\n","protected":false},"featured_media":1832,"comment_status":"open","ping_status":"closed","template":"","meta":[],"product_brand":[],"product_cat":[55,38],"product_tag":[292,291],"class_list":{"0":"post-1838","1":"product","2":"type-product","3":"status-publish","4":"has-post-thumbnail","6":"product_cat-puren-modur-hartschaumplatten","7":"product_cat-unkategorisiert","8":"product_tag-kein-spielzeug-nicht-geeignet-fuer-kinder-unter-14-jahren","9":"product_tag-warn-und-sicherheitshinweise-modellbauartikel","11":"first","12":"instock","13":"taxable","14":"shipping-taxable","15":"purchasable","16":"product-type-simple"},"jetpack_sharing_enabled":true,"_links":{"self":[{"href":"https:\/\/www.mg-modelleisenbahnbau.de\/startseite-2\/wp-json\/wp\/v2\/product\/1838","targetHints":{"allow":["GET"]}}],"collection":[{"href":"https:\/\/www.mg-modelleisenbahnbau.de\/startseite-2\/wp-json\/wp\/v2\/product"}],"about":[{"href":"https:\/\/www.mg-modelleisenbahnbau.de\/startseite-2\/wp-json\/wp\/v2\/types\/product"}],"replies":[{"embeddable":true,"href":"https:\/\/www.mg-modelleisenbahnbau.de\/startseite-2\/wp-json\/wp\/v2\/comments?post=1838"}],"wp:featuredmedia":[{"embeddable":true,"href":"https:\/\/www.mg-modelleisenbahnbau.de\/startseite-2\/wp-json\/wp\/v2\/media\/1832"}],"wp:attachment":[{"href":"https:\/\/www.mg-modelleisenbahnbau.de\/startseite-2\/wp-json\/wp\/v2\/media?parent=1838"}],"wp:term":[{"taxonomy":"product_brand","embeddable":true,"href":"https:\/\/www.mg-modelleisenbahnbau.de\/startseite-2\/wp-json\/wp\/v2\/product_brand?post=1838"},{"taxonomy":"product_cat","embeddable":true,"href":"https:\/\/www.mg-modelleisenbahnbau.de\/startseite-2\/wp-json\/wp\/v2\/product_cat?post=1838"},{"taxonomy":"product_tag","embeddable":true,"href":"https:\/\/www.mg-modelleisenbahnbau.de\/startseite-2\/wp-json\/wp\/v2\/product_tag?post=1838"}],"curies":[{"name":"wp","href":"https:\/\/api.w.org\/{rel}","templated":true}]}}