{"id":1791,"date":"2018-11-08T10:08:06","date_gmt":"2018-11-08T09:08:06","guid":{"rendered":"http:\/\/www.mg-modelleisenbahnbau.de\/?post_type=product&#038;p=1791"},"modified":"2025-03-06T18:07:11","modified_gmt":"2025-03-06T17:07:11","slug":"2680-h0-zweiwege-unimog-mit-schubrahmen-und-fahrleit-ungsbauwagen-funktionsmodell-fuer-2l","status":"publish","type":"product","link":"https:\/\/www.mg-modelleisenbahnbau.de\/startseite-2\/produkt\/2680-h0-zweiwege-unimog-mit-schubrahmen-und-fahrleit-ungsbauwagen-funktionsmodell-fuer-2l\/","title":{"rendered":"2680 H0 Zweiwege-UNIMOG mit Schubrahmen und Fahrleit- ungsbauwagen, Funktionsmodell f\u00fcr 2L"},"content":{"rendered":"<div class=\"content--description\">\n<div class=\"content--title\">Produktinformationen &#8222;H0 Zweiwege-UNIMOG mit Schubrahmen und Fahrleit- ungsbauwagen, Funktionsmodell f\u00fcr 2L&#8220;<\/div>\n<div class=\"product--description\">Der UNIMOG als Allesk\u00f6nner ist hier auf der Schiene unterwegs und zieht einen Fahrleitungsbauwagen, der zur Installation von Oberleitungssystemen dient. Dabei ist die patentierte Antriebseinheit, welche der des ROBELS \u00e4hnelt, in diesem Fahrleitungsbauwagen untergebracht und seiner flachen Bauweise optimal angepasst. Bei Langsamfahrt, im Betrieb mit Sound, digital und analog \u00fcberzeugt dieser Arbeitszug den technikbegeisterten Modellbahner. Mit elektrischem Antrieb, fahrtrichtungsabh\u00e4ngigem und abschaltbarem wei\u00dfem Dreilicht-Spitzensignal bzw. rotem Zweilichtsignal vorne, gelber Warnblinkleuchte auf dem Dach sowie fahrtrichtungsabh\u00e4ngigem und abschaltbarem wei\u00dfem bzw. rotem Zweilichtsignal am Fahrleitungsbauwagen. Das integrierte Soundmodul gibt die Pfeife und verschiedene betriebsabh\u00e4ngige Ger\u00e4usche wieder. RailCom-f\u00e4higer Digitaldecoder f\u00fcr DCC\/MM und Analogbetrieb (DC\/AC) mit integriertem Stromspeicher. Funktionsumfang im Analogbetrieb: Fahrmodus vorw\u00e4rts\/r\u00fcckw\u00e4rts, Warnblinkleuchte aktiv, Sound aktiv (Lautst\u00e4rke einstellbar \u00fcber CV), Licht aktiv. Funktionsumfang im Digitalbetrieb: Fahrmodus vorw\u00e4rts\/r\u00fcckw\u00e4rts, schaltbare Funktionen: Warnblinkleuchte, Sound (Lautst\u00e4rke einstellbar \u00fcber CV), Pfeife, Licht. Kupplungsschacht nach NEM 362 r\u00fcckseitig. Ma\u00dfe: L\u00fcP 23 x B 3,8 x H 4,8 cm.<\/div>\n<\/div>\n","protected":false},"excerpt":{"rendered":"<p>Produktinformationen &#8222;H0 Zweiwege-UNIMOG mit Schubrahmen und Fahrleit- ungsbauwagen, Funktionsmodell f\u00fcr 2L&#8220; Der UNIMOG als Allesk\u00f6nner ist hier auf der Schiene unterwegs und zieht einen Fahrleitungsbauwagen, der zur Installation von Oberleitungssystemen dient. Dabei ist die patentierte Antriebseinheit, welche der des ROBELS \u00e4hnelt, in diesem Fahrleitungsbauwagen untergebracht und seiner flachen Bauweise optimal angepasst. Bei Langsamfahrt, im Betrieb&#8230;<\/p>\n","protected":false},"featured_media":1790,"comment_status":"open","ping_status":"closed","template":"","meta":[],"product_brand":[],"product_cat":[128,38,37,124],"product_tag":[292,291],"class_list":{"0":"post-1791","1":"product","2":"type-product","3":"status-publish","4":"has-post-thumbnail","6":"product_cat-railmotion-h0","7":"product_cat-unkategorisiert","8":"product_cat-viessmann","9":"product_cat-viessmann-spur-h0","10":"product_tag-kein-spielzeug-nicht-geeignet-fuer-kinder-unter-14-jahren","11":"product_tag-warn-und-sicherheitshinweise-modellbauartikel","13":"first","14":"instock","15":"taxable","16":"shipping-taxable","17":"purchasable","18":"product-type-simple"},"jetpack_sharing_enabled":true,"_links":{"self":[{"href":"https:\/\/www.mg-modelleisenbahnbau.de\/startseite-2\/wp-json\/wp\/v2\/product\/1791","targetHints":{"allow":["GET"]}}],"collection":[{"href":"https:\/\/www.mg-modelleisenbahnbau.de\/startseite-2\/wp-json\/wp\/v2\/product"}],"about":[{"href":"https:\/\/www.mg-modelleisenbahnbau.de\/startseite-2\/wp-json\/wp\/v2\/types\/product"}],"replies":[{"embeddable":true,"href":"https:\/\/www.mg-modelleisenbahnbau.de\/startseite-2\/wp-json\/wp\/v2\/comments?post=1791"}],"wp:featuredmedia":[{"embeddable":true,"href":"https:\/\/www.mg-modelleisenbahnbau.de\/startseite-2\/wp-json\/wp\/v2\/media\/1790"}],"wp:attachment":[{"href":"https:\/\/www.mg-modelleisenbahnbau.de\/startseite-2\/wp-json\/wp\/v2\/media?parent=1791"}],"wp:term":[{"taxonomy":"product_brand","embeddable":true,"href":"https:\/\/www.mg-modelleisenbahnbau.de\/startseite-2\/wp-json\/wp\/v2\/product_brand?post=1791"},{"taxonomy":"product_cat","embeddable":true,"href":"https:\/\/www.mg-modelleisenbahnbau.de\/startseite-2\/wp-json\/wp\/v2\/product_cat?post=1791"},{"taxonomy":"product_tag","embeddable":true,"href":"https:\/\/www.mg-modelleisenbahnbau.de\/startseite-2\/wp-json\/wp\/v2\/product_tag?post=1791"}],"curies":[{"name":"wp","href":"https:\/\/api.w.org\/{rel}","templated":true}]}}