{"id":1772,"date":"2018-11-08T09:28:25","date_gmt":"2018-11-08T08:28:25","guid":{"rendered":"http:\/\/www.mg-modelleisenbahnbau.de\/?post_type=product&#038;p=1772"},"modified":"2025-06-29T17:46:04","modified_gmt":"2025-06-29T15:46:04","slug":"2620-h0-robel-gleiskraftwagen-54-22-db-netz-mit-motorisch-bewegtem-kran-funktionsmodell-fuer-2l","status":"publish","type":"product","link":"https:\/\/www.mg-modelleisenbahnbau.de\/startseite-2\/produkt\/2620-h0-robel-gleiskraftwagen-54-22-db-netz-mit-motorisch-bewegtem-kran-funktionsmodell-fuer-2l\/","title":{"rendered":"2620 H0 ROBEL Gleiskraftwagen 54.22 DB Netz mit motorisch bewegtem Kran, Funktionsmodell f\u00fcr 2L"},"content":{"rendered":"<div class=\"content--description\">\n<div class=\"content--title\">Produktinformationen &#8222;H0 ROBEL Gleiskraftwagen 54.22 DB Netz mit motorisch bewegtem Kran, Funktionsmodell f\u00fcr 2L&#8220;<\/div>\n<div class=\"product--description\">Funktionsmodell f\u00fcr Zweileitersysteme. Dieses Modell \u00fcberzeugt durch einen extra hierf\u00fcr entwickelten und patentierten Unterflurantrieb, die der flachen Bauweise dieses Gleisbaufahrzeuges angepasst ist und mit sehr stabilen Fahreigenschaften aufwartet. Eine weitere Besonderheit ist der bewegliche Arbeitskran, der motorisch sowohl nach rechts als auch nach links unbegrenzt schwenkbar ist. Der Kranarm erhebt sich von der Ladefl\u00e4che und senkt sich anschlie\u00dfend neben dem Gleis. Bei Langsamfahrt, im Betrieb mit Sound, digital und analog \u00fcberzeugt der ROBEL auf ganzer Linie. Das Fahrzeug ist vielseitig einsetzbar und geh\u00f6rt auf jede Modellanlage. Mit elektrischem Antrieb, fahrtrichtungsabh\u00e4ngiger Dreilicht-Spitzenbeleuchtung bzw. roten Schlussleuchten, gelber Warnblinkleuchte. Das integrierte Soundmodul gibt die Pfeife und verschiedene betriebsabh\u00e4ngige Ger\u00e4usche wieder. RailCom-f\u00e4higer Digitaldecoder f\u00fcr DCC\/MM und Analogbetrieb (DC\/AC) mit integriertem Stromspeicher. Funktionsumfang im Analogbetrieb: Fahrmodus vorw\u00e4rts\/r\u00fcckw\u00e4rts, Bewegung des Kranarms m\u00f6glich, Warnblinkleuchte und Kabinenbeleuchtung aktiv, Sound aktiv (Lautst\u00e4rke einstellbar \u00fcber CV), Licht aktiv. Funktionsumfang im Digitalbetrieb: Fahrmodus vorw\u00e4rts\/r\u00fcckw\u00e4rts, schaltbare Funktionen: Bewegung des Kranarms \u00fcber Fahrregler, Warnblinkleuchte, Kabinenbeleuchtung, Sound (Lautst\u00e4rke einstellbar \u00fcber CV), Pfeife, Kompressorsound, Licht. Mit Kupplungssch\u00e4chten nach NEM 362 beidseitig, Kurzkupplungskinematik und beiliegender Systemkupplung. Ma\u00dfe: L\u00fcP 13,4 x B 3,6 x H 4,8 cm.<\/div>\n<\/div>\n","protected":false},"excerpt":{"rendered":"<p>Produktinformationen &#8222;H0 ROBEL Gleiskraftwagen 54.22 DB Netz mit motorisch bewegtem Kran, Funktionsmodell f\u00fcr 2L&#8220; Funktionsmodell f\u00fcr Zweileitersysteme. Dieses Modell \u00fcberzeugt durch einen extra hierf\u00fcr entwickelten und patentierten Unterflurantrieb, die der flachen Bauweise dieses Gleisbaufahrzeuges angepasst ist und mit sehr stabilen Fahreigenschaften aufwartet. Eine weitere Besonderheit ist der bewegliche Arbeitskran, der motorisch sowohl nach rechts als&#8230;<\/p>\n","protected":false},"featured_media":1773,"comment_status":"open","ping_status":"closed","template":"","meta":[],"product_brand":[],"product_cat":[128,38,37,124],"product_tag":[292,291],"class_list":{"0":"post-1772","1":"product","2":"type-product","3":"status-publish","4":"has-post-thumbnail","6":"product_cat-railmotion-h0","7":"product_cat-unkategorisiert","8":"product_cat-viessmann","9":"product_cat-viessmann-spur-h0","10":"product_tag-kein-spielzeug-nicht-geeignet-fuer-kinder-unter-14-jahren","11":"product_tag-warn-und-sicherheitshinweise-modellbauartikel","13":"first","14":"instock","15":"taxable","16":"shipping-taxable","17":"purchasable","18":"product-type-simple"},"jetpack_sharing_enabled":true,"_links":{"self":[{"href":"https:\/\/www.mg-modelleisenbahnbau.de\/startseite-2\/wp-json\/wp\/v2\/product\/1772","targetHints":{"allow":["GET"]}}],"collection":[{"href":"https:\/\/www.mg-modelleisenbahnbau.de\/startseite-2\/wp-json\/wp\/v2\/product"}],"about":[{"href":"https:\/\/www.mg-modelleisenbahnbau.de\/startseite-2\/wp-json\/wp\/v2\/types\/product"}],"replies":[{"embeddable":true,"href":"https:\/\/www.mg-modelleisenbahnbau.de\/startseite-2\/wp-json\/wp\/v2\/comments?post=1772"}],"wp:featuredmedia":[{"embeddable":true,"href":"https:\/\/www.mg-modelleisenbahnbau.de\/startseite-2\/wp-json\/wp\/v2\/media\/1773"}],"wp:attachment":[{"href":"https:\/\/www.mg-modelleisenbahnbau.de\/startseite-2\/wp-json\/wp\/v2\/media?parent=1772"}],"wp:term":[{"taxonomy":"product_brand","embeddable":true,"href":"https:\/\/www.mg-modelleisenbahnbau.de\/startseite-2\/wp-json\/wp\/v2\/product_brand?post=1772"},{"taxonomy":"product_cat","embeddable":true,"href":"https:\/\/www.mg-modelleisenbahnbau.de\/startseite-2\/wp-json\/wp\/v2\/product_cat?post=1772"},{"taxonomy":"product_tag","embeddable":true,"href":"https:\/\/www.mg-modelleisenbahnbau.de\/startseite-2\/wp-json\/wp\/v2\/product_tag?post=1772"}],"curies":[{"name":"wp","href":"https:\/\/api.w.org\/{rel}","templated":true}]}}