{"id":1629,"date":"2018-10-21T16:54:48","date_gmt":"2018-10-21T14:54:48","guid":{"rendered":"http:\/\/www.mg-modelleisenbahnbau.de\/?post_type=product&#038;p=1629"},"modified":"2025-11-27T07:08:27","modified_gmt":"2025-11-27T06:08:27","slug":"magigras-0-8-kg-fuer-die-begrasung-dioramas-microrama-referenz-10-845-008","status":"publish","type":"product","link":"https:\/\/www.mg-modelleisenbahnbau.de\/startseite-2\/produkt\/magigras-0-8-kg-fuer-die-begrasung-dioramas-microrama-referenz-10-845-008\/","title":{"rendered":"10 845 008      Magigras 0.8 kg f\u00fcr die Begrasung Dioramas Microrama"},"content":{"rendered":"<p>Magigras f\u00fcr die Begrasung Dioramas. Elektrisch leitendes Kunstharz f\u00fcr den Boden ihrer Dioramas : atemberaubende Ergebnisse ihres Grasmasters !<\/p>\n<p>Bedeckte eine Fl\u00e4sche von cirqua 100 cm x 50 cm<\/p>\n","protected":false},"excerpt":{"rendered":"<p>Magigras f\u00fcr die Begrasung Dioramas. Elektrisch leitendes Kunstharz f\u00fcr den Boden ihrer Dioramas : atemberaubende Ergebnisse ihres Grasmasters ! Bedeckte eine Fl\u00e4sche von cirqua 100 cm x 50 cm<\/p>\n","protected":false},"featured_media":1630,"comment_status":"open","ping_status":"closed","template":"","meta":[],"product_brand":[],"product_cat":[245,45,38],"product_tag":[292,291],"class_list":{"0":"post-1629","1":"product","2":"type-product","3":"status-publish","4":"has-post-thumbnail","6":"product_cat-kleber-kunsthatz","7":"product_cat-microrama-miniature","8":"product_cat-unkategorisiert","9":"product_tag-kein-spielzeug-nicht-geeignet-fuer-kinder-unter-14-jahren","10":"product_tag-warn-und-sicherheitshinweise-modellbauartikel","12":"first","13":"instock","14":"taxable","15":"shipping-taxable","16":"purchasable","17":"product-type-simple"},"jetpack_sharing_enabled":true,"_links":{"self":[{"href":"https:\/\/www.mg-modelleisenbahnbau.de\/startseite-2\/wp-json\/wp\/v2\/product\/1629","targetHints":{"allow":["GET"]}}],"collection":[{"href":"https:\/\/www.mg-modelleisenbahnbau.de\/startseite-2\/wp-json\/wp\/v2\/product"}],"about":[{"href":"https:\/\/www.mg-modelleisenbahnbau.de\/startseite-2\/wp-json\/wp\/v2\/types\/product"}],"replies":[{"embeddable":true,"href":"https:\/\/www.mg-modelleisenbahnbau.de\/startseite-2\/wp-json\/wp\/v2\/comments?post=1629"}],"wp:featuredmedia":[{"embeddable":true,"href":"https:\/\/www.mg-modelleisenbahnbau.de\/startseite-2\/wp-json\/wp\/v2\/media\/1630"}],"wp:attachment":[{"href":"https:\/\/www.mg-modelleisenbahnbau.de\/startseite-2\/wp-json\/wp\/v2\/media?parent=1629"}],"wp:term":[{"taxonomy":"product_brand","embeddable":true,"href":"https:\/\/www.mg-modelleisenbahnbau.de\/startseite-2\/wp-json\/wp\/v2\/product_brand?post=1629"},{"taxonomy":"product_cat","embeddable":true,"href":"https:\/\/www.mg-modelleisenbahnbau.de\/startseite-2\/wp-json\/wp\/v2\/product_cat?post=1629"},{"taxonomy":"product_tag","embeddable":true,"href":"https:\/\/www.mg-modelleisenbahnbau.de\/startseite-2\/wp-json\/wp\/v2\/product_tag?post=1629"}],"curies":[{"name":"wp","href":"https:\/\/api.w.org\/{rel}","templated":true}]}}