{"id":1609,"date":"2018-10-21T16:28:29","date_gmt":"2018-10-21T14:28:29","guid":{"rendered":"http:\/\/www.mg-modelleisenbahnbau.de\/?post_type=product&#038;p=1609"},"modified":"2026-03-01T19:58:49","modified_gmt":"2026-03-01T18:58:49","slug":"beige-hell-6-mm-grasfaser-magifloc-microrama-referenz-32-171-506","status":"publish","type":"product","link":"https:\/\/www.mg-modelleisenbahnbau.de\/startseite-2\/produkt\/beige-hell-6-mm-grasfaser-magifloc-microrama-referenz-32-171-506\/","title":{"rendered":"32 171 506      Beige &#8211; hell 6 mm Grasfaser Magifloc Microrama ! Achtung-Auslaufende Artikel !"},"content":{"rendered":"<p>F\u00fcr eine wundersch\u00f6ne Verwirklichung ihrer Dioramas und Modellanlagen, 50 gr.\u00a0 Magifloc Grasfasern f\u00fcr die Verwirklichung von Grasfl\u00e4chen und B\u00fcscheln in Verbindung mit dem transparenten Spr\u00fchkleber Magispray f\u00fcr atemberaubende Baumstruktureffekte zusammen mit dem elektrostatischen\u00a0 Ger\u00e4t RTS Greenkeeper. F\u00fcr Modellbauer, Modelleisenbahnfans und Modell Dekor.<\/p>\n","protected":false},"excerpt":{"rendered":"<p>F\u00fcr eine wundersch\u00f6ne Verwirklichung ihrer Dioramas und Modellanlagen, 50 gr.\u00a0 Magifloc Grasfasern f\u00fcr die Verwirklichung von Grasfl\u00e4chen und B\u00fcscheln in Verbindung mit dem transparenten Spr\u00fchkleber Magispray f\u00fcr atemberaubende Baumstruktureffekte zusammen mit dem elektrostatischen\u00a0 Ger\u00e4t RTS Greenkeeper. F\u00fcr Modellbauer, Modelleisenbahnfans und Modell Dekor.<\/p>\n","protected":false},"featured_media":1610,"comment_status":"open","ping_status":"closed","template":"","meta":[],"product_brand":[],"product_cat":[244,45,38],"product_tag":[292,291],"class_list":{"0":"post-1609","1":"product","2":"type-product","3":"status-publish","4":"has-post-thumbnail","6":"product_cat-grasfasern","7":"product_cat-microrama-miniature","8":"product_cat-unkategorisiert","9":"product_tag-kein-spielzeug-nicht-geeignet-fuer-kinder-unter-14-jahren","10":"product_tag-warn-und-sicherheitshinweise-modellbauartikel","12":"first","13":"instock","14":"sale","15":"taxable","16":"shipping-taxable","17":"purchasable","18":"product-type-simple"},"jetpack_sharing_enabled":true,"_links":{"self":[{"href":"https:\/\/www.mg-modelleisenbahnbau.de\/startseite-2\/wp-json\/wp\/v2\/product\/1609","targetHints":{"allow":["GET"]}}],"collection":[{"href":"https:\/\/www.mg-modelleisenbahnbau.de\/startseite-2\/wp-json\/wp\/v2\/product"}],"about":[{"href":"https:\/\/www.mg-modelleisenbahnbau.de\/startseite-2\/wp-json\/wp\/v2\/types\/product"}],"replies":[{"embeddable":true,"href":"https:\/\/www.mg-modelleisenbahnbau.de\/startseite-2\/wp-json\/wp\/v2\/comments?post=1609"}],"wp:featuredmedia":[{"embeddable":true,"href":"https:\/\/www.mg-modelleisenbahnbau.de\/startseite-2\/wp-json\/wp\/v2\/media\/1610"}],"wp:attachment":[{"href":"https:\/\/www.mg-modelleisenbahnbau.de\/startseite-2\/wp-json\/wp\/v2\/media?parent=1609"}],"wp:term":[{"taxonomy":"product_brand","embeddable":true,"href":"https:\/\/www.mg-modelleisenbahnbau.de\/startseite-2\/wp-json\/wp\/v2\/product_brand?post=1609"},{"taxonomy":"product_cat","embeddable":true,"href":"https:\/\/www.mg-modelleisenbahnbau.de\/startseite-2\/wp-json\/wp\/v2\/product_cat?post=1609"},{"taxonomy":"product_tag","embeddable":true,"href":"https:\/\/www.mg-modelleisenbahnbau.de\/startseite-2\/wp-json\/wp\/v2\/product_tag?post=1609"}],"curies":[{"name":"wp","href":"https:\/\/api.w.org\/{rel}","templated":true}]}}