{"id":1534,"date":"2018-10-18T22:36:19","date_gmt":"2018-10-18T20:36:19","guid":{"rendered":"http:\/\/www.mg-modelleisenbahnbau.de\/?post_type=product&#038;p=1534"},"modified":"2025-01-03T21:33:19","modified_gmt":"2025-01-03T20:33:19","slug":"h0-%c2%b7-strassen-blechtraegerbruecke-%c2%b7-13-cm-lt-13","status":"publish","type":"product","link":"https:\/\/www.mg-modelleisenbahnbau.de\/startseite-2\/produkt\/h0-%c2%b7-strassen-blechtraegerbruecke-%c2%b7-13-cm-lt-13\/","title":{"rendered":"H0 \u00b7 Stra\u00dfen-Blechtr\u00e4gerbr\u00fccke \u00b7 13 cm LT 13"},"content":{"rendered":"<div id=\"ProductIntroduction-P176\" class=\"GC11 ProductIntroduction\">\n<p><span style=\"color: #000000; font-size: small;\">wie LT 16, jedoch als Stra\u00dfenbr\u00fccke oder f\u00fcr K-Gleis (ohne Trog)<\/span><\/p>\n<p><span style=\"color: #000000; font-size: small;\">Gr\u00f6\u00dfe:\u00a013,0 x 5,5 x\u00a02,4 cm, <\/span><\/p>\n<p><span style=\"color: #000000; font-size: small;\">Incl. 2 Widerlager in rotem Ziegelstein (Gr\u00f6\u00dfe: 5,5 x 3,0 x\u00a06 cm)<\/span><\/p>\n<p><strong>ACHTUNG:<\/strong>\u00a0Unsere Br\u00fccken und sonstigen Artikel\u00a0sind aus sehr feinem Metall\u00a0oder aus z.T.\u00a0feinstem Holz- bzw. Kartonteilen gearbeitet und deshalb nur f\u00fcr den Modellbau durch Erwachsene vorgesehen.\u00a0Als Spielzeug\u00a0und f\u00fcr\u00a0Kinder unter 14 Jahren sind sie nicht geeignet !<\/p>\n<\/div>\n<div class=\"ProductMoreDetailsContainer\"><\/div>\n<div class=\"ProductShopContainerClear\"><\/div>\n","protected":false},"excerpt":{"rendered":"<p>wie LT 16, jedoch als Stra\u00dfenbr\u00fccke oder f\u00fcr K-Gleis (ohne Trog) Gr\u00f6\u00dfe:\u00a013,0 x 5,5 x\u00a02,4 cm, Incl. 2 Widerlager in rotem Ziegelstein (Gr\u00f6\u00dfe: 5,5 x 3,0 x\u00a06 cm) ACHTUNG:\u00a0Unsere Br\u00fccken und sonstigen Artikel\u00a0sind aus sehr feinem Metall\u00a0oder aus z.T.\u00a0feinstem Holz- bzw. Kartonteilen gearbeitet und deshalb nur f\u00fcr den Modellbau durch Erwachsene vorgesehen.\u00a0Als Spielzeug\u00a0und f\u00fcr\u00a0Kinder unter&#8230;<\/p>\n","protected":false},"featured_media":1535,"comment_status":"open","ping_status":"closed","template":"","meta":[],"product_brand":[],"product_cat":[43,92,78,38],"product_tag":[],"class_list":{"0":"post-1534","1":"product","2":"type-product","3":"status-publish","4":"has-post-thumbnail","6":"product_cat-hack-bruecken","7":"product_cat-lasercut-bausaetze","8":"product_cat-spur-h0-hack-bruecken","9":"product_cat-unkategorisiert","11":"first","12":"instock","13":"taxable","14":"shipping-taxable","15":"purchasable","16":"product-type-simple"},"jetpack_sharing_enabled":true,"_links":{"self":[{"href":"https:\/\/www.mg-modelleisenbahnbau.de\/startseite-2\/wp-json\/wp\/v2\/product\/1534","targetHints":{"allow":["GET"]}}],"collection":[{"href":"https:\/\/www.mg-modelleisenbahnbau.de\/startseite-2\/wp-json\/wp\/v2\/product"}],"about":[{"href":"https:\/\/www.mg-modelleisenbahnbau.de\/startseite-2\/wp-json\/wp\/v2\/types\/product"}],"replies":[{"embeddable":true,"href":"https:\/\/www.mg-modelleisenbahnbau.de\/startseite-2\/wp-json\/wp\/v2\/comments?post=1534"}],"wp:featuredmedia":[{"embeddable":true,"href":"https:\/\/www.mg-modelleisenbahnbau.de\/startseite-2\/wp-json\/wp\/v2\/media\/1535"}],"wp:attachment":[{"href":"https:\/\/www.mg-modelleisenbahnbau.de\/startseite-2\/wp-json\/wp\/v2\/media?parent=1534"}],"wp:term":[{"taxonomy":"product_brand","embeddable":true,"href":"https:\/\/www.mg-modelleisenbahnbau.de\/startseite-2\/wp-json\/wp\/v2\/product_brand?post=1534"},{"taxonomy":"product_cat","embeddable":true,"href":"https:\/\/www.mg-modelleisenbahnbau.de\/startseite-2\/wp-json\/wp\/v2\/product_cat?post=1534"},{"taxonomy":"product_tag","embeddable":true,"href":"https:\/\/www.mg-modelleisenbahnbau.de\/startseite-2\/wp-json\/wp\/v2\/product_tag?post=1534"}],"curies":[{"name":"wp","href":"https:\/\/api.w.org\/{rel}","templated":true}]}}