{"id":1518,"date":"2018-10-18T20:08:12","date_gmt":"2018-10-18T18:08:12","guid":{"rendered":"http:\/\/www.mg-modelleisenbahnbau.de\/?post_type=product&#038;p=1518"},"modified":"2025-01-03T21:33:49","modified_gmt":"2025-01-03T20:33:49","slug":"h0-%c2%b7-widerlager-fuer-1-gleisige-unterzug-oder-gerade-blechtraeger-bruecken-p-3z","status":"publish","type":"product","link":"https:\/\/www.mg-modelleisenbahnbau.de\/startseite-2\/produkt\/h0-%c2%b7-widerlager-fuer-1-gleisige-unterzug-oder-gerade-blechtraeger-bruecken-p-3z\/","title":{"rendered":"H0 \u00b7 Widerlager f\u00fcr 1-gleisige Unterzug- oder gerade Blechtr\u00e4ger- Br\u00fccken P 3Z"},"content":{"rendered":"<div id=\"ProductIntroduction-P146\" class=\"GC11 ProductIntroduction\">\n<p><span style=\"color: #0000ff;\">Farbe: ziegelrot<\/span><\/p>\n<p align=\"left\">2 St\u00fcck\u00a0Pfeiler 5 x 7 x 7 cm<\/p>\n<p align=\"left\">Stufe bemessen f\u00fcr Modelle K32 oder T22, T36, T72.<\/p>\n<p align=\"left\">F\u00fcr andere Modelle ggf. Stufe k\u00fcrzen.<\/p>\n<p align=\"left\">Unten verl\u00e4ngerbar mit P1ZV<\/p>\n<p><strong>ACHTUNG:<\/strong>\u00a0Unsere Br\u00fccken und sonstigen Artikel\u00a0sind aus sehr feinem Metall\u00a0oder aus z.T.\u00a0feinstem Holz- bzw. Kartonteilen gearbeitet und deshalb nur f\u00fcr den Modellbau durch Erwachsene vorgesehen.\u00a0Als Spielzeug\u00a0und f\u00fcr\u00a0Kinder unter 14 Jahren sind sie nicht geeignet !<\/p>\n<p>Ma\u00dfangaben: (L\u00e4nge\/Breite\/H\u00f6he)<\/p>\n<\/div>\n","protected":false},"excerpt":{"rendered":"<p>Farbe: ziegelrot 2 St\u00fcck\u00a0Pfeiler 5 x 7 x 7 cm Stufe bemessen f\u00fcr Modelle K32 oder T22, T36, T72. F\u00fcr andere Modelle ggf. Stufe k\u00fcrzen. Unten verl\u00e4ngerbar mit P1ZV ACHTUNG:\u00a0Unsere Br\u00fccken und sonstigen Artikel\u00a0sind aus sehr feinem Metall\u00a0oder aus z.T.\u00a0feinstem Holz- bzw. Kartonteilen gearbeitet und deshalb nur f\u00fcr den Modellbau durch Erwachsene vorgesehen.\u00a0Als Spielzeug\u00a0und f\u00fcr\u00a0Kinder&#8230;<\/p>\n","protected":false},"featured_media":1519,"comment_status":"open","ping_status":"closed","template":"","meta":[],"product_brand":[],"product_cat":[86,43,92,78,38],"product_tag":[],"class_list":{"0":"post-1518","1":"product","2":"type-product","3":"status-publish","4":"has-post-thumbnail","6":"product_cat-bruecken-teile-kurven","7":"product_cat-hack-bruecken","8":"product_cat-lasercut-bausaetze","9":"product_cat-spur-h0-hack-bruecken","10":"product_cat-unkategorisiert","12":"first","13":"instock","14":"taxable","15":"shipping-taxable","16":"purchasable","17":"product-type-simple"},"jetpack_sharing_enabled":true,"_links":{"self":[{"href":"https:\/\/www.mg-modelleisenbahnbau.de\/startseite-2\/wp-json\/wp\/v2\/product\/1518","targetHints":{"allow":["GET"]}}],"collection":[{"href":"https:\/\/www.mg-modelleisenbahnbau.de\/startseite-2\/wp-json\/wp\/v2\/product"}],"about":[{"href":"https:\/\/www.mg-modelleisenbahnbau.de\/startseite-2\/wp-json\/wp\/v2\/types\/product"}],"replies":[{"embeddable":true,"href":"https:\/\/www.mg-modelleisenbahnbau.de\/startseite-2\/wp-json\/wp\/v2\/comments?post=1518"}],"wp:featuredmedia":[{"embeddable":true,"href":"https:\/\/www.mg-modelleisenbahnbau.de\/startseite-2\/wp-json\/wp\/v2\/media\/1519"}],"wp:attachment":[{"href":"https:\/\/www.mg-modelleisenbahnbau.de\/startseite-2\/wp-json\/wp\/v2\/media?parent=1518"}],"wp:term":[{"taxonomy":"product_brand","embeddable":true,"href":"https:\/\/www.mg-modelleisenbahnbau.de\/startseite-2\/wp-json\/wp\/v2\/product_brand?post=1518"},{"taxonomy":"product_cat","embeddable":true,"href":"https:\/\/www.mg-modelleisenbahnbau.de\/startseite-2\/wp-json\/wp\/v2\/product_cat?post=1518"},{"taxonomy":"product_tag","embeddable":true,"href":"https:\/\/www.mg-modelleisenbahnbau.de\/startseite-2\/wp-json\/wp\/v2\/product_tag?post=1518"}],"curies":[{"name":"wp","href":"https:\/\/api.w.org\/{rel}","templated":true}]}}