{"id":1517,"date":"2018-10-18T20:06:25","date_gmt":"2018-10-18T18:06:25","guid":{"rendered":"http:\/\/www.mg-modelleisenbahnbau.de\/?post_type=product&#038;p=1517"},"modified":"2025-01-03T21:33:50","modified_gmt":"2025-01-03T20:33:50","slug":"h0-%c2%b7-widerlager-verlaengerung-fuer-2-gleisige-bruecken-p-2sv","status":"publish","type":"product","link":"https:\/\/www.mg-modelleisenbahnbau.de\/startseite-2\/produkt\/h0-%c2%b7-widerlager-verlaengerung-fuer-2-gleisige-bruecken-p-2sv\/","title":{"rendered":"H0 \u00b7 Widerlager-Verl\u00e4ngerung f\u00fcr 2-gleisige Br\u00fccken P 2SV"},"content":{"rendered":"<div id=\"ProductIntroduction-P167\" class=\"GC11 ProductIntroduction\">\n<p align=\"left\"><span style=\"color: #0000ff;\">Farbe: gelber Sandstein<\/span><\/p>\n<p align=\"left\">2x Verl\u00e4ngerung\u00a0 f\u00fcr P\u00a02S \u00a0je 2,3 cm hoch<\/p>\n<p><strong>ACHTUNG:<\/strong>\u00a0Unsere Br\u00fccken und sonstigen Artikel\u00a0sind aus sehr feinem Metall\u00a0oder aus z.T.\u00a0feinstem Holz- bzw. Kartonteilen gearbeitet und deshalb nur f\u00fcr den Modellbau durch Erwachsene vorgesehen.\u00a0Als Spielzeug\u00a0und f\u00fcr\u00a0Kinder unter 14 Jahren sind sie nicht geeignet !<\/p>\n<p>Ma\u00dfangaben: (L\u00e4nge\/Breite\/H\u00f6he)<\/p>\n<\/div>\n","protected":false},"excerpt":{"rendered":"<p>Farbe: gelber Sandstein 2x Verl\u00e4ngerung\u00a0 f\u00fcr P\u00a02S \u00a0je 2,3 cm hoch ACHTUNG:\u00a0Unsere Br\u00fccken und sonstigen Artikel\u00a0sind aus sehr feinem Metall\u00a0oder aus z.T.\u00a0feinstem Holz- bzw. Kartonteilen gearbeitet und deshalb nur f\u00fcr den Modellbau durch Erwachsene vorgesehen.\u00a0Als Spielzeug\u00a0und f\u00fcr\u00a0Kinder unter 14 Jahren sind sie nicht geeignet ! Ma\u00dfangaben: (L\u00e4nge\/Breite\/H\u00f6he)<\/p>\n","protected":false},"featured_media":0,"comment_status":"open","ping_status":"closed","template":"","meta":[],"product_brand":[],"product_cat":[122,43,92,78,38],"product_tag":[],"class_list":{"0":"post-1517","1":"product","2":"type-product","3":"status-publish","5":"product_cat-bruecken-widerlagerzubehoer","6":"product_cat-hack-bruecken","7":"product_cat-lasercut-bausaetze","8":"product_cat-spur-h0-hack-bruecken","9":"product_cat-unkategorisiert","11":"first","12":"instock","13":"taxable","14":"shipping-taxable","15":"purchasable","16":"product-type-simple"},"jetpack_sharing_enabled":true,"_links":{"self":[{"href":"https:\/\/www.mg-modelleisenbahnbau.de\/startseite-2\/wp-json\/wp\/v2\/product\/1517","targetHints":{"allow":["GET"]}}],"collection":[{"href":"https:\/\/www.mg-modelleisenbahnbau.de\/startseite-2\/wp-json\/wp\/v2\/product"}],"about":[{"href":"https:\/\/www.mg-modelleisenbahnbau.de\/startseite-2\/wp-json\/wp\/v2\/types\/product"}],"replies":[{"embeddable":true,"href":"https:\/\/www.mg-modelleisenbahnbau.de\/startseite-2\/wp-json\/wp\/v2\/comments?post=1517"}],"wp:attachment":[{"href":"https:\/\/www.mg-modelleisenbahnbau.de\/startseite-2\/wp-json\/wp\/v2\/media?parent=1517"}],"wp:term":[{"taxonomy":"product_brand","embeddable":true,"href":"https:\/\/www.mg-modelleisenbahnbau.de\/startseite-2\/wp-json\/wp\/v2\/product_brand?post=1517"},{"taxonomy":"product_cat","embeddable":true,"href":"https:\/\/www.mg-modelleisenbahnbau.de\/startseite-2\/wp-json\/wp\/v2\/product_cat?post=1517"},{"taxonomy":"product_tag","embeddable":true,"href":"https:\/\/www.mg-modelleisenbahnbau.de\/startseite-2\/wp-json\/wp\/v2\/product_tag?post=1517"}],"curies":[{"name":"wp","href":"https:\/\/api.w.org\/{rel}","templated":true}]}}