{"id":1508,"date":"2018-10-18T19:56:40","date_gmt":"2018-10-18T17:56:40","guid":{"rendered":"http:\/\/www.mg-modelleisenbahnbau.de\/?post_type=product&#038;p=1508"},"modified":"2025-01-03T21:33:53","modified_gmt":"2025-01-03T20:33:53","slug":"h0-%c2%b7-widerlager-fuer-1-gleisige-bruecken-p-1s","status":"publish","type":"product","link":"https:\/\/www.mg-modelleisenbahnbau.de\/startseite-2\/produkt\/h0-%c2%b7-widerlager-fuer-1-gleisige-bruecken-p-1s\/","title":{"rendered":"H0 \u00b7 Widerlager f\u00fcr 1-gleisige Br\u00fccken P 1S"},"content":{"rendered":"<div id=\"ProductIntroduction-P139\" class=\"GC11 ProductIntroduction\">\n<p align=\"left\"><span style=\"color: #0000ff;\">Farbe: gelber Sandstein<\/span><\/p>\n<p align=\"left\">2 St\u00fcck\u00a0Pfeiler 5 x 7 x 11 cm +<\/p>\n<p align=\"left\">2x Verl\u00e4ngerung je 2,3 cm hoch<\/p>\n<p align=\"left\">Geeignet f\u00fcr Br\u00fcckenbreiten bis 7 cm<\/p>\n<p><strong>ACHTUNG:<\/strong>\u00a0Unsere Br\u00fccken und sonstigen Artikel\u00a0sind aus sehr feinem Metall\u00a0oder aus z.T.\u00a0feinstem Holz- bzw. Kartonteilen gearbeitet und deshalb nur f\u00fcr den Modellbau durch Erwachsene vorgesehen.\u00a0Als Spielzeug\u00a0und f\u00fcr\u00a0Kinder unter 14 Jahren sind sie nicht geeignet !<\/p>\n<\/div>\n","protected":false},"excerpt":{"rendered":"<p>Farbe: gelber Sandstein 2 St\u00fcck\u00a0Pfeiler 5 x 7 x 11 cm + 2x Verl\u00e4ngerung je 2,3 cm hoch Geeignet f\u00fcr Br\u00fcckenbreiten bis 7 cm ACHTUNG:\u00a0Unsere Br\u00fccken und sonstigen Artikel\u00a0sind aus sehr feinem Metall\u00a0oder aus z.T.\u00a0feinstem Holz- bzw. Kartonteilen gearbeitet und deshalb nur f\u00fcr den Modellbau durch Erwachsene vorgesehen.\u00a0Als Spielzeug\u00a0und f\u00fcr\u00a0Kinder unter 14 Jahren sind sie&#8230;<\/p>\n","protected":false},"featured_media":1509,"comment_status":"open","ping_status":"closed","template":"","meta":[],"product_brand":[],"product_cat":[122,43,92,78,38],"product_tag":[],"class_list":{"0":"post-1508","1":"product","2":"type-product","3":"status-publish","4":"has-post-thumbnail","6":"product_cat-bruecken-widerlagerzubehoer","7":"product_cat-hack-bruecken","8":"product_cat-lasercut-bausaetze","9":"product_cat-spur-h0-hack-bruecken","10":"product_cat-unkategorisiert","12":"first","13":"instock","14":"taxable","15":"shipping-taxable","16":"purchasable","17":"product-type-simple"},"jetpack_sharing_enabled":true,"_links":{"self":[{"href":"https:\/\/www.mg-modelleisenbahnbau.de\/startseite-2\/wp-json\/wp\/v2\/product\/1508","targetHints":{"allow":["GET"]}}],"collection":[{"href":"https:\/\/www.mg-modelleisenbahnbau.de\/startseite-2\/wp-json\/wp\/v2\/product"}],"about":[{"href":"https:\/\/www.mg-modelleisenbahnbau.de\/startseite-2\/wp-json\/wp\/v2\/types\/product"}],"replies":[{"embeddable":true,"href":"https:\/\/www.mg-modelleisenbahnbau.de\/startseite-2\/wp-json\/wp\/v2\/comments?post=1508"}],"wp:featuredmedia":[{"embeddable":true,"href":"https:\/\/www.mg-modelleisenbahnbau.de\/startseite-2\/wp-json\/wp\/v2\/media\/1509"}],"wp:attachment":[{"href":"https:\/\/www.mg-modelleisenbahnbau.de\/startseite-2\/wp-json\/wp\/v2\/media?parent=1508"}],"wp:term":[{"taxonomy":"product_brand","embeddable":true,"href":"https:\/\/www.mg-modelleisenbahnbau.de\/startseite-2\/wp-json\/wp\/v2\/product_brand?post=1508"},{"taxonomy":"product_cat","embeddable":true,"href":"https:\/\/www.mg-modelleisenbahnbau.de\/startseite-2\/wp-json\/wp\/v2\/product_cat?post=1508"},{"taxonomy":"product_tag","embeddable":true,"href":"https:\/\/www.mg-modelleisenbahnbau.de\/startseite-2\/wp-json\/wp\/v2\/product_tag?post=1508"}],"curies":[{"name":"wp","href":"https:\/\/api.w.org\/{rel}","templated":true}]}}